{"id":5072,"date":"2022-05-30T16:12:20","date_gmt":"2022-05-30T20:12:20","guid":{"rendered":"https:\/\/www.wmfc.ca\/?page_id=5072"},"modified":"2026-03-04T20:52:42","modified_gmt":"2026-03-05T01:52:42","slug":"merci-pour-votre-don","status":"publish","type":"page","link":"https:\/\/www.wmfc.ca\/fr\/make-a-donation\/thank-you-for-your-donation\/","title":{"rendered":"Merci pour votre don !"},"content":{"rendered":"<h2><strong>Merci beaucoup pour votre don.  Votre aide permettra \u00e0  la recherche  sur la MW de faire du chemin !<\/strong><\/h2>\n<p>Vous devriez recevoir plusieurs courriels dans les prochaines minutes :<\/p>\n<ul>\n<li>Un re\u00e7u de paiement directement de PayPal.  Notez qu'il ne s'agit pas d'un re\u00e7u fiscal.<\/li>\n<li>For a monthly (not one-time) donation, there will be another email from PayPal containing details of the monthly donation.<\/li>\n<li>For one-time (not monthly) donations, your official tax receipt.\u00a0 It will arrive as an email with the subject &#8220;Donation Receipt from WMFC (invoice)&#8221;, and will come from the email address &#8220;WMFC &lt;quickbooks@notification.intuit.com&gt;&#8221;.\u00a0 You may need to check your Spam and\/or Junk mail folders.\u00a0 Due to a current technical problem, this may take up to 24 hours to arrive.\u00a0 (Monthly repeating donations will receive their tax receipt after the end of every calendar year.)<\/li>\n<li>Si vous avez demand\u00e9 qu'un courriel soit envoy\u00e9 en l'honneur ou \u00e0 la m\u00e9moire de quelqu'un, vous serez mis en copie conforme sur ce courriel.<\/li>\n<\/ul>\n<p>Merci encore pour votre soutien !<\/p>","protected":false},"excerpt":{"rendered":"<p>Thank you for your donation.\u00a0 Your help will go a long way! You should receive several emails in the next few minutes: A receipt of payment from PayPal itself.\u00a0 Note that this is not a tax receipt. For a monthly (not one-time) donation, there will be another email from PayPal containing details of the monthly donation. For one-time (not monthly) donations, your official tax receipt.\u00a0 It will arrive as an email with the subject &#8220;Donation Receipt from WMFC (invoice)&#8221;, and will come from the email address &#8220;WMFC &lt;quickbooks@notification.intuit.com&gt;&#8221;.\u00a0 You may need to check your Spam and\/or Junk mail folders.\u00a0 Due to <a href=\"https:\/\/www.wmfc.ca\/fr\/make-a-donation\/thank-you-for-your-donation\/\"> [&#8230;]<\/a><\/p>\n","protected":false},"author":4,"featured_media":0,"parent":1984,"menu_order":0,"comment_status":"closed","ping_status":"closed","template":"","meta":{"_price":"","_stock":"","_tribe_ticket_header":"","_tribe_default_ticket_provider":"","_ticket_start_date":"","_ticket_end_date":"","_tribe_ticket_show_description":"","_tribe_ticket_show_not_going":false,"_tribe_ticket_use_global_stock":"","_tribe_ticket_global_stock_level":"","_global_stock_mode":"","_global_stock_cap":"","_tribe_rsvp_for_event":"","_tribe_ticket_going_count":"","_tribe_ticket_not_going_count":"","_tribe_tickets_list":"[]","_tribe_ticket_has_attendee_info_fields":false,"footnotes":""},"class_list":["post-5072","page","type-page","status-publish","hentry"],"_links":{"self":[{"href":"https:\/\/www.wmfc.ca\/fr\/wp-json\/wp\/v2\/pages\/5072","targetHints":{"allow":["GET"]}}],"collection":[{"href":"https:\/\/www.wmfc.ca\/fr\/wp-json\/wp\/v2\/pages"}],"about":[{"href":"https:\/\/www.wmfc.ca\/fr\/wp-json\/wp\/v2\/types\/page"}],"author":[{"embeddable":true,"href":"https:\/\/www.wmfc.ca\/fr\/wp-json\/wp\/v2\/users\/4"}],"replies":[{"embeddable":true,"href":"https:\/\/www.wmfc.ca\/fr\/wp-json\/wp\/v2\/comments?post=5072"}],"version-history":[{"count":4,"href":"https:\/\/www.wmfc.ca\/fr\/wp-json\/wp\/v2\/pages\/5072\/revisions"}],"predecessor-version":[{"id":7307,"href":"https:\/\/www.wmfc.ca\/fr\/wp-json\/wp\/v2\/pages\/5072\/revisions\/7307"}],"up":[{"embeddable":true,"href":"https:\/\/www.wmfc.ca\/fr\/wp-json\/wp\/v2\/pages\/1984"}],"wp:attachment":[{"href":"https:\/\/www.wmfc.ca\/fr\/wp-json\/wp\/v2\/media?parent=5072"}],"curies":[{"name":"wp","href":"https:\/\/api.w.org\/{rel}","templated":true}]}}