{"id":4274,"date":"2021-07-10T17:47:58","date_gmt":"2021-07-10T21:47:58","guid":{"rendered":"https:\/\/www.wmfc.ca\/?page_id=4274"},"modified":"2022-03-14T17:00:09","modified_gmt":"2022-03-14T21:00:09","slug":"bonjour","status":"publish","type":"page","link":"https:\/\/www.wmfc.ca\/fr\/who-we-are\/bonjour\/","title":{"rendered":"Bonjour !"},"content":{"rendered":"<p><div class=\"fusion-fullwidth fullwidth-box fusion-builder-row-1 fusion-flex-container nonhundred-percent-fullwidth non-hundred-percent-height-scrolling\" style=\"--awb-border-radius-top-left:0px;--awb-border-radius-top-right:0px;--awb-border-radius-bottom-right:0px;--awb-border-radius-bottom-left:0px;--awb-flex-wrap:wrap;\" ><div class=\"fusion-builder-row fusion-row fusion-flex-align-items-flex-start fusion-flex-content-wrap\" style=\"max-width:1331.2px;margin-left: calc(-4% \/ 2 );margin-right: calc(-4% \/ 2 );\"><div class=\"fusion-layout-column fusion_builder_column fusion-builder-column-0 fusion_builder_column_1_1 1_1 fusion-flex-column\" style=\"--awb-bg-size:cover;--awb-width-large:100%;--awb-margin-top-large:10px;--awb-spacing-right-large:1.92%;--awb-margin-bottom-large:10px;--awb-spacing-left-large:1.92%;--awb-width-medium:100%;--awb-order-medium:0;--awb-spacing-right-medium:1.92%;--awb-spacing-left-medium:1.92%;--awb-width-small:100%;--awb-order-small:0;--awb-spacing-right-small:1.92%;--awb-spacing-left-small:1.92%;\"><div class=\"fusion-column-wrapper fusion-column-has-shadow fusion-flex-justify-content-flex-start fusion-content-layout-column\"><div class=\"fusion-separator fusion-full-width-sep\" style=\"align-self: center;margin-left: auto;margin-right: auto;margin-top:10px;margin-bottom:10px;width:100%;\"><\/div><div class=\"fusion-title title fusion-title-1 fusion-sep-none fusion-title-center fusion-title-text fusion-title-size-three\" style=\"--awb-margin-top-small:0px;--awb-margin-right-small:0px;--awb-margin-bottom-small:20px;--awb-margin-left-small:0px;\"><h3 class=\"fusion-title-heading title-heading-center fusion-responsive-typography-calculated\" style=\"margin:0;--fontSize:24;--minFontSize:24;line-height:1.4;\">Le FMFC est la seule organisation caritative canadienne d\u00e9di\u00e9e uniquement au soutien, \u00e0 l'\u00e9ducation et \u00e0 la recherche pour un traitement de la Macroglobulin\u00e9mie de Waldenstr\u00f6m (MW).<\/h3><\/div><\/div><\/div><\/div><\/div><div class=\"fusion-fullwidth fullwidth-box fusion-builder-row-2 fusion-flex-container nonhundred-percent-fullwidth non-hundred-percent-height-scrolling\" style=\"--awb-border-radius-top-left:0px;--awb-border-radius-top-right:0px;--awb-border-radius-bottom-right:0px;--awb-border-radius-bottom-left:0px;--awb-flex-wrap:wrap;\" ><div class=\"fusion-builder-row fusion-row fusion-flex-align-items-stretch fusion-flex-content-wrap\" style=\"max-width:1331.2px;margin-left: calc(-4% \/ 2 );margin-right: calc(-4% \/ 2 );\"><div class=\"fusion-layout-column fusion_builder_column fusion-builder-column-1 fusion_builder_column_1_2 1_2 fusion-flex-column\" style=\"--awb-bg-size:cover;--awb-width-large:50%;--awb-margin-top-large:10px;--awb-spacing-right-large:3.84%;--awb-margin-bottom-large:10px;--awb-spacing-left-large:3.84%;--awb-width-medium:100%;--awb-order-medium:0;--awb-spacing-right-medium:1.92%;--awb-spacing-left-medium:1.92%;--awb-width-small:100%;--awb-order-small:0;--awb-spacing-right-small:1.92%;--awb-spacing-left-small:1.92%;\"><div class=\"fusion-column-wrapper fusion-column-has-shadow fusion-flex-justify-content-flex-start fusion-content-layout-column\"><div class=\"fusion-image-element\" style=\"text-align:center;--awb-caption-title-font-family:var(--h2_typography-font-family);--awb-caption-title-font-weight:var(--h2_typography-font-weight);--awb-caption-title-font-style:var(--h2_typography-font-style);--awb-caption-title-size:var(--h2_typography-font-size);--awb-caption-title-transform:var(--h2_typography-text-transform);--awb-caption-title-line-height:var(--h2_typography-line-height);--awb-caption-title-letter-spacing:var(--h2_typography-letter-spacing);\"><span class=\"fusion-imageframe imageframe-none imageframe-1 hover-type-none\"><img decoding=\"async\" width=\"900\" height=\"500\" title=\"drapeau\" src=\"https:\/\/www.wmfc.ca\/wp-content\/uploads\/2020\/07\/flag.jpg\" alt class=\"img-responsive wp-image-2169\" srcset=\"https:\/\/www.wmfc.ca\/wp-content\/uploads\/2020\/07\/flag-200x111.jpg 200w, https:\/\/www.wmfc.ca\/wp-content\/uploads\/2020\/07\/flag-400x222.jpg 400w, https:\/\/www.wmfc.ca\/wp-content\/uploads\/2020\/07\/flag-600x333.jpg 600w, https:\/\/www.wmfc.ca\/wp-content\/uploads\/2020\/07\/flag-800x444.jpg 800w, https:\/\/www.wmfc.ca\/wp-content\/uploads\/2020\/07\/flag.jpg 900w\" sizes=\"(max-width: 1024px) 100vw, (max-width: 640px) 100vw, 800px\" \/><\/span><\/div><\/div><\/div><div class=\"fusion-layout-column fusion_builder_column fusion-builder-column-2 fusion_builder_column_1_2 1_2 fusion-flex-column\" style=\"--awb-bg-color:#1e4d8b;--awb-bg-color-hover:#1e4d8b;--awb-bg-size:cover;--awb-width-large:50%;--awb-margin-top-large:10px;--awb-spacing-right-large:3.84%;--awb-margin-bottom-large:10px;--awb-spacing-left-large:3.84%;--awb-width-medium:100%;--awb-order-medium:0;--awb-spacing-right-medium:1.92%;--awb-spacing-left-medium:1.92%;--awb-width-small:100%;--awb-order-small:0;--awb-spacing-right-small:1.92%;--awb-spacing-left-small:1.92%;\"><div class=\"fusion-column-wrapper fusion-column-has-shadow fusion-flex-justify-content-center fusion-content-layout-column\"><div class=\"fusion-text fusion-text-1\" style=\"--awb-content-alignment:center;--awb-text-color:#ffffff;\"><h3 style=\"text-align: center;\"><span style=\"color: #ffffff;\">\u00c0 L'HEURE ACTUELLE, LA MW EST INCURABLE, MAIS <strong>ELLE SE CONTR\u00d4LE<\/strong> TR\u00c8S BIEN.<\/span><\/h3>\n<h3 style=\"text-align: center;\"><span style=\"color: #ffffff;\">VOUS POUVEZ CONNA\u00ceTRE UNE <strong>QUALIT\u00c9<\/strong> DE VIE <strong>SATISFAISANTE<\/strong> MALGR\u00c9 ELLE.<\/span><\/h3>\n<\/div><\/div><\/div><\/div><\/div><div class=\"fusion-fullwidth fullwidth-box fusion-builder-row-3 fusion-flex-container nonhundred-percent-fullwidth non-hundred-percent-height-scrolling\" style=\"--awb-border-radius-top-left:0px;--awb-border-radius-top-right:0px;--awb-border-radius-bottom-right:0px;--awb-border-radius-bottom-left:0px;--awb-flex-wrap:wrap;\" ><div class=\"fusion-builder-row fusion-row fusion-flex-align-items-flex-start fusion-flex-content-wrap\" style=\"max-width:1331.2px;margin-left: calc(-4% \/ 2 );margin-right: calc(-4% \/ 2 );\"><div class=\"fusion-layout-column fusion_builder_column fusion-builder-column-3 fusion_builder_column_1_2 1_2 fusion-flex-column\" style=\"--awb-bg-size:cover;--awb-width-large:50%;--awb-margin-top-large:10px;--awb-spacing-right-large:3.84%;--awb-margin-bottom-large:10px;--awb-spacing-left-large:3.84%;--awb-width-medium:100%;--awb-order-medium:0;--awb-spacing-right-medium:1.92%;--awb-spacing-left-medium:1.92%;--awb-width-small:100%;--awb-order-small:0;--awb-spacing-right-small:1.92%;--awb-spacing-left-small:1.92%;\"><div class=\"fusion-column-wrapper fusion-column-has-shadow fusion-flex-justify-content-flex-start fusion-content-layout-column\"><div class=\"fusion-title title fusion-title-2 fusion-sep-none fusion-title-text fusion-title-size-one\" style=\"--awb-margin-top-small:0px;--awb-margin-right-small:0px;--awb-margin-bottom-small:20px;--awb-margin-left-small:0px;\"><h1 class=\"fusion-title-heading title-heading-left fusion-responsive-typography-calculated\" style=\"margin:0;--fontSize:55;line-height:1.15;\">La WMFC fait une diff\u00e9rence dans la vie des patients<\/h1><\/div><div class=\"fusion-text fusion-text-2\"><p>La Fondation Waldenstrom Macroglobulinemia du Canada est une OBNL affili\u00e9e \u00e0 <a href=\"https:\/\/iwmf.com\/\" target=\"_blank\" rel=\"noopener\">l'International Waldenstrom Macroglobulinemia Foundation (IWMF)<\/a> dont les objectifs sont de venir en aide aux personnes affect\u00e9es par la maladie et \u00e0 promouvoir des projets de recherche destin\u00e9s \u00e0 permettre leur gu\u00e9rison.  Elle offre de pr\u00e9cieux services aux patients qui souffrent de la macroglobulin\u00e9mie de Waldenstr\u00f6m, \u00e0 leurs aidants naturels, \u00e0 leurs parents et amis :<\/p>\n<ul>\n<li>Informations suivies par le biais du site internet et par diverses publications r\u00e9guli\u00e8res<\/li>\n<li>Forums \u00e9ducatifs annuels de l'IWMF et bisannuels de la WMFC<\/li>\n<li>Groupes de soutien par les pairs<\/li>\n<li>Informations adress\u00e9es au personnel m\u00e9dical qui, souvent, conna\u00eet mal cette rare affection<\/li>\n<li>Subventions de recherche.  \u00c0 ce jour, plus d'un million de dollars ont \u00e9t\u00e9 investis dans des projets prometteurs<\/li>\n<\/ul>\n<\/div><\/div><\/div><div class=\"fusion-layout-column fusion_builder_column fusion-builder-column-4 fusion_builder_column_1_2 1_2 fusion-flex-column\" style=\"--awb-bg-size:cover;--awb-width-large:50%;--awb-margin-top-large:10px;--awb-spacing-right-large:3.84%;--awb-margin-bottom-large:10px;--awb-spacing-left-large:3.84%;--awb-width-medium:100%;--awb-order-medium:0;--awb-spacing-right-medium:1.92%;--awb-spacing-left-medium:1.92%;--awb-width-small:100%;--awb-order-small:0;--awb-spacing-right-small:1.92%;--awb-spacing-left-small:1.92%;\"><div class=\"fusion-column-wrapper fusion-column-has-shadow fusion-flex-justify-content-flex-start fusion-content-layout-column\"><div class=\"fusion-title title fusion-title-3 fusion-sep-none fusion-title-text fusion-title-size-one\" style=\"--awb-margin-top-small:0px;--awb-margin-right-small:0px;--awb-margin-bottom-small:20px;--awb-margin-left-small:0px;\"><h1 class=\"fusion-title-heading title-heading-left fusion-responsive-typography-calculated\" style=\"margin:0;--fontSize:55;line-height:1.15;\">Nous sommes d\u00e9termin\u00e9s \u00e0 vaincre la MW<\/h1><\/div><div class=\"fusion-text fusion-text-3\"><p>L'adh\u00e9sion \u00e0 la WMFC est ouverte \u00e0 tous ceux qui sont touch\u00e9s par la maladie, patients, parents, aidants naturels, personnel m\u00e9dical, etc.<\/p>\n<p>Elle est gratuite et donne droit aux publications de l'organisme et aide \u00e0 maintenir des statistiques pertinentes, utiles aux projets de recherche et de subvention.<\/p>\n<p>Les dons sont encourag\u00e9s et peuvent \u00eatre adress\u00e9s \u00e0 <a href=\"\/fr\/faire-un-don\/\">www.wmfc.ca<\/a> ou, par la poste \u00e0 : WMFC, 55 Albert St., Unit #100,Markham, Ontario L3P 2T4<\/p>\n<p>GROUPES DE SOUTIEN<\/p>\n<p>Atlantique - Qu\u00e9bec - Est de l'Ontario - Toronto\/Sud de l'Ontario - Prairies - Alberta - Colombie-Britannique<\/p>\n<p>Pour plus d'information, adressez-vous \u00e0 <a href=\"mailto:info@wmfc.ca\">info@wmfc.ca<\/a> ou consultez le site <a href=\"\/fr\/\">www.wmfc.ca<\/a><\/p>\n<\/div><\/div><\/div><\/div><\/div><div class=\"fusion-fullwidth fullwidth-box fusion-builder-row-4 fusion-flex-container nonhundred-percent-fullwidth non-hundred-percent-height-scrolling\" style=\"--awb-border-radius-top-left:0px;--awb-border-radius-top-right:0px;--awb-border-radius-bottom-right:0px;--awb-border-radius-bottom-left:0px;--awb-flex-wrap:wrap;\" ><div class=\"fusion-builder-row fusion-row fusion-flex-align-items-flex-start fusion-flex-content-wrap\" style=\"max-width:1331.2px;margin-left: calc(-4% \/ 2 );margin-right: calc(-4% \/ 2 );\"><div class=\"fusion-layout-column fusion_builder_column fusion-builder-column-5 fusion_builder_column_1_1 1_1 fusion-flex-column\" style=\"--awb-bg-size:cover;--awb-width-large:100%;--awb-margin-top-large:10px;--awb-spacing-right-large:1.92%;--awb-margin-bottom-large:10px;--awb-spacing-left-large:1.92%;--awb-width-medium:100%;--awb-order-medium:0;--awb-spacing-right-medium:1.92%;--awb-spacing-left-medium:1.92%;--awb-width-small:100%;--awb-order-small:0;--awb-spacing-right-small:1.92%;--awb-spacing-left-small:1.92%;\"><div class=\"fusion-column-wrapper fusion-column-has-shadow fusion-flex-justify-content-flex-start fusion-content-layout-column\"><div class=\"fusion-title title fusion-title-4 fusion-sep-none fusion-title-center fusion-title-text fusion-title-size-one\" style=\"--awb-margin-top-small:0px;--awb-margin-right-small:0px;--awb-margin-bottom-small:20px;--awb-margin-left-small:0px;\"><h1 class=\"fusion-title-heading title-heading-center fusion-responsive-typography-calculated\" style=\"margin:0;--fontSize:55;line-height:1.15;\">QU'EST-CE QUE LA MACROGLOBULIN\u00c9MIE DE WALDENSTR\u00d6M ?<\/h1><\/div><div class=\"fusion-text fusion-text-4\"><p>Le Docteur Jan G\u00f6sta Waldenstr\u00f6m (1906 - 1996), un interniste su\u00e9dois, a d\u00e9crit pour la premi\u00e8re fois la maladie qui porte son nom en 1944.  La macroglobulin\u00e9mie de Waldenstr\u00f6m (MW) est un sous-type indolent (\u00e0 croissance lente) de lymphome non hodgkinien avec une prolif\u00e9ration de cellules lymphoplasmocytaires.  La MW est rare, avec un taux d'incidence d'environ 5 cas par million de personnes par an au Canada et aux \u00c9tats-Unis.<\/p>\n<p>Dans la MW, il y a une modification maligne de l'ADN des lymphocytes B. Les lymphocytes malins (canc\u00e9reux) produisent une surproduction d'une prot\u00e9ine monoclonale appel\u00e9e \" immunoglobuline M \" (lgM) qui peut, \u00e0 des niveaux \u00e9lev\u00e9s, entra\u00eener un \u00e9paississement du sang connu sous le nom d'\" hyperviscosit\u00e9 \". Cette prot\u00e9ine lgM monoclonale et la pr\u00e9sence de cellules MW dans la moelle osseuse, les ganglions lymphatiques et la rate peuvent entra\u00eener de nombreux sympt\u00f4mes, dont l'an\u00e9mie, la fatigue, une perte de poids inexpliqu\u00e9e, une hypertrophie des ganglions lymphatiques ou de la rate, une faiblesse et des saignements inexpliqu\u00e9s.  La plupart des patients (&gt;90%) atteints de MW expriment une mutation dans le g\u00e8ne MYD88 et certains patients (jusqu'\u00e0 40%) peuvent \u00eatre porteurs d'une mutation dans le g\u00e8ne CXCR4.  Ces mutations peuvent avoir un impact sur la pr\u00e9sentation clinique de la MW et le traitement de la MW.  Certains patients souffrant de la MW ne pr\u00e9sentent pas de sympt\u00f4mes au moment du diagnostic et peuvent ne pas avoir besoin de traitement pendant des ann\u00e9es.  Dans ces cas, les patients sont suivis de pr\u00e8s pour d\u00e9tecter les sympt\u00f4mes dans une approche connue sous le nom de \" veiller et attendre \".  Le traitement actif n'est commenc\u00e9 que lorsque les sympt\u00f4mes apparaissent.<\/p>\n<p>Pour le moment, il n'existe pas de rem\u00e8de \u00e0 la MW, mais la maladie est traitable.  Le choix du meilleur traitement pour la MW doit prendre en consid\u00e9ration les caract\u00e9ristiques du patient (telles que l'\u00e2ge et les autres conditions qui affectent sa sant\u00e9), les facteurs de la maladie (tels que la pr\u00e9sence d'un faible taux de globules rouges ou d'une hyperviscosit\u00e9 et la pr\u00e9sence de ganglions lymphatiques ou de la rate enfl\u00e9s) et les effets secondaires du traitement.  Le m\u00e9decin doit discuter avec le patient de cette personnalisation de la th\u00e9rapie.  Les th\u00e9rapies disponibles comprennent les agents biologiques (traitement qui stimule le syst\u00e8me immunitaire pour lutter contre le cancer), les inhibiteurs de signalisation (m\u00e9dicaments qui bloquent la croissance et les signaux de survie des cellules canc\u00e9reuses) et la chimioth\u00e9rapie traditionnelle.  Ces agents, seuls ou en combinaison, peuvent produire des r\u00e9sultats prometteurs et peuvent conduire \u00e0 une meilleure qualit\u00e9 de vie, relativement exempte de sympt\u00f4mes.  La s\u00e9curit\u00e9 et l'efficacit\u00e9 de nouvelles th\u00e9rapies potentielles pour les patients atteints de MW font l'objet de recherches dans le cadre d'essais cliniques.<\/p>\n<p>Pour un suppl\u00e9ment d'information, veuillez SVP consulter ce feuillet produit par votre Fondation Canadienne de la macroglobulin\u00e9mie de Waldenstrom :<\/p>\n<p><a href=\"https:\/\/www.wmfc.ca\/wp-content\/uploads\/2020\/09\/brochure_aug2020_fr_final_print.pdf\">https:\/\/www.wmfc.ca\/wp-content\/uploads\/2020\/09\/brochure_aug2020_fr_final_print.pdf<\/a><\/p>\n<p>Il vous est aussi possible de consulter ce feuillet additionnel produit par la Soci\u00e9t\u00e9 de leuc\u00e9mie et lymphome du Canada :<\/p>\n<p><a href=\"https:\/\/www.sllcanada.org\/sites\/default\/files\/2021-11\/2021%20LLSC%20Fact%20Sheet-Disease-Waldenstrom_Final_FR%20with%20sponsor%20logo.pdf\">https:\/\/www.sllcanada.org\/sites\/default\/files\/2021-11\/2021%20LLSC%20Fact%20Sheet-Disease-Waldenstrom_Final_FR%20with%20sponsor%20logo.pdf<\/a><\/p>\n<p>Finalement, ce balado aussi produit par la Soci\u00e9t\u00e9 de leuc\u00e9mie et lymphome du Canada contient de l'information sur les cancers du sang en g\u00e9n\u00e9ral :<\/p>\n<p><a href=\"https:\/\/podcasts.apple.com\/ca\/podcast\/parlons-des-cancers-du-sang\/id1498398711\">Parlons des cancers du sang sur Apple Podcasts<\/a><\/p>\n<\/div><div class=\"fusion-title title fusion-title-5 fusion-sep-none fusion-title-center fusion-title-text fusion-title-size-four\" style=\"--awb-margin-top-small:0px;--awb-margin-right-small:0px;--awb-margin-bottom-small:20px;--awb-margin-left-small:0px;\"><h4 class=\"fusion-title-heading title-heading-center fusion-responsive-typography-calculated\" style=\"margin:0;--fontSize:20;--minFontSize:20;line-height:1.67;\">POUR PLUS D'INFORMATIONS \u00c0 PROPOS DE LA MACROGLOBULIN\u00c9MIE DE WALDENSTR\u00d6M, VEUILLEZ COMMUNIQUER AVEC <a href=\"mailto:INFO@WMFC.CA\">INFO@WMFC.CA<\/a> OU CONSULTER LE SITE <a href=\"\/fr\/\">WWW.WMFC.CA<\/a><\/h4><\/div><\/div><\/div><\/div><\/div><div class=\"fusion-fullwidth fullwidth-box fusion-builder-row-5 nonhundred-percent-fullwidth non-hundred-percent-height-scrolling\" style=\"--awb-background-position:left top;--awb-border-sizes-top:0px;--awb-border-sizes-bottom:0px;--awb-border-sizes-left:0px;--awb-border-sizes-right:0px;--awb-border-radius-top-left:0px;--awb-border-radius-top-right:0px;--awb-border-radius-bottom-right:0px;--awb-border-radius-bottom-left:0px;--awb-padding-top:0px;--awb-padding-right:5%;--awb-padding-bottom:0px;--awb-padding-left:5%;--awb-margin-top:0px;--awb-margin-bottom:0px;--awb-background-color:#333c4e;--awb-flex-wrap:wrap;\" ><div class=\"fusion-builder-row fusion-row\"><div class=\"fusion-layout-column fusion_builder_column fusion-builder-column-6 fusion_builder_column_1_1 1_1 fusion-one-full fusion-column-first fusion-column-last fusion-column-no-min-height\" style=\"--awb-padding-top:0px;--awb-padding-right:0px;--awb-padding-bottom:0px;--awb-padding-left:0px;--awb-bg-size:cover;--awb-margin-top:0px;--awb-margin-bottom:3%;\"><div class=\"fusion-column-wrapper fusion-column-has-shadow fusion-flex-column-wrapper-legacy\"><div class=\"fusion-text fusion-text-5\"><h3 style=\"text-align: center; font-size: 30px; color: #ffffff;\">Joignez-vous \u00e0 la Fondation et restez dans le coup !<\/h3>\n<\/div><div class=\"fusion-sep-clear\"><\/div><div class=\"fusion-separator fusion-full-width-sep\" style=\"margin-left: auto;margin-right: auto;margin-top:-25px;width:100%;\"><\/div><div class=\"fusion-sep-clear\"><\/div><div class=\"fusion-text fusion-text-6 white-text\"><p style=\"text-align: center; font-size: 20px;\">Recevez les derni\u00e8res nouvelles, les \u00e9v\u00e9nements et les informations pour le membership  par courrier \u00e9lectronique.<\/p>\n<\/div><div class=\"fusion-sep-clear\"><\/div><div class=\"fusion-separator fusion-full-width-sep\" style=\"margin-left: auto;margin-right: auto;margin-top:15px;width:100%;\"><\/div><div class=\"fusion-sep-clear\"><\/div><div class=\"fusion-aligncenter\"><a class=\"fusion-button button-flat button-large button-default fusion-button-default button-1 fusion-button-span-no fusion-button-default-type\" target=\"_self\" href=\"\/fr\/adhesion\/\"><span class=\"fusion-button-text awb-button__text awb-button__text--default\">Adh\u00e9rer \u00e0 la Fondation Canadienne<\/span><\/a><\/div><div class=\"fusion-clearfix\"><\/div><\/div><\/div><\/div><\/div>\n<\/p>","protected":false},"excerpt":{"rendered":"","protected":false},"author":4,"featured_media":0,"parent":1936,"menu_order":0,"comment_status":"closed","ping_status":"closed","template":"100-width.php","meta":{"_price":"","_stock":"","_tribe_ticket_header":"","_tribe_default_ticket_provider":"","_ticket_start_date":"","_ticket_end_date":"","_tribe_ticket_show_description":"","_tribe_ticket_show_not_going":false,"_tribe_ticket_use_global_stock":"","_tribe_ticket_global_stock_level":"","_global_stock_mode":"","_global_stock_cap":"","_tribe_rsvp_for_event":"","_tribe_ticket_going_count":"","_tribe_ticket_not_going_count":"","_tribe_tickets_list":"[]","_tribe_ticket_has_attendee_info_fields":false,"footnotes":""},"class_list":["post-4274","page","type-page","status-publish","hentry"],"_links":{"self":[{"href":"https:\/\/www.wmfc.ca\/fr\/wp-json\/wp\/v2\/pages\/4274","targetHints":{"allow":["GET"]}}],"collection":[{"href":"https:\/\/www.wmfc.ca\/fr\/wp-json\/wp\/v2\/pages"}],"about":[{"href":"https:\/\/www.wmfc.ca\/fr\/wp-json\/wp\/v2\/types\/page"}],"author":[{"embeddable":true,"href":"https:\/\/www.wmfc.ca\/fr\/wp-json\/wp\/v2\/users\/4"}],"replies":[{"embeddable":true,"href":"https:\/\/www.wmfc.ca\/fr\/wp-json\/wp\/v2\/comments?post=4274"}],"version-history":[{"count":29,"href":"https:\/\/www.wmfc.ca\/fr\/wp-json\/wp\/v2\/pages\/4274\/revisions"}],"predecessor-version":[{"id":4934,"href":"https:\/\/www.wmfc.ca\/fr\/wp-json\/wp\/v2\/pages\/4274\/revisions\/4934"}],"up":[{"embeddable":true,"href":"https:\/\/www.wmfc.ca\/fr\/wp-json\/wp\/v2\/pages\/1936"}],"wp:attachment":[{"href":"https:\/\/www.wmfc.ca\/fr\/wp-json\/wp\/v2\/media?parent=4274"}],"curies":[{"name":"wp","href":"https:\/\/api.w.org\/{rel}","templated":true}]}}