{"id":4214,"date":"2021-06-26T10:37:16","date_gmt":"2021-06-26T14:37:16","guid":{"rendered":"https:\/\/www.wmfc.ca\/?page_id=4214"},"modified":"2024-01-19T19:24:58","modified_gmt":"2024-01-20T00:24:58","slug":"confirmation-mise-a-jour-de-ladhesion-et-du-profil-des-membres","status":"publish","type":"page","link":"https:\/\/www.wmfc.ca\/fr\/membership\/confirmation-membership-and-member-profile-update\/","title":{"rendered":"Confirmation : Mise \u00e0 jour de l'adh\u00e9sion et du profil des membres"},"content":{"rendered":"<div class=\"fusion-fullwidth fullwidth-box fusion-builder-row-1 nonhundred-percent-fullwidth non-hundred-percent-height-scrolling\" style=\"--awb-border-radius-top-left:0px;--awb-border-radius-top-right:0px;--awb-border-radius-bottom-right:0px;--awb-border-radius-bottom-left:0px;--awb-flex-wrap:wrap;\" ><div class=\"fusion-builder-row fusion-row\"><div class=\"fusion-layout-column fusion_builder_column fusion-builder-column-0 fusion_builder_column_1_1 1_1 fusion-one-full fusion-column-first fusion-column-last\" style=\"--awb-padding-top:2%;--awb-padding-right:5%;--awb-padding-bottom:2%;--awb-padding-left:5%;--awb-bg-size:cover;\"><div class=\"fusion-column-wrapper fusion-column-has-shadow fusion-flex-column-wrapper-legacy\"><div class=\"fusion-text fusion-text-1\"><h3 style=\"text-align: center;\">Si vous \u00eates un nouveau membre de la WMFC, nous vous remercions de votre adh\u00e9sion.  Vos coordonn\u00e9es seront envoy\u00e9es \u00e0 un co-responsable du groupe de soutien de votre r\u00e9gion.  Ils vous contacteront au moment opportun pour discuter, r\u00e9pondre \u00e0 vos questions et vous informer des prochaines r\u00e9unions du groupe de soutien.<\/h3>\n<p>Si, au contraire, vous \u00eates d\u00e9j\u00e0 membre et que vous venez de mettre \u00e0 jour vos informations personnelles aupr\u00e8s de la WMFC, nous appr\u00e9cions vraiment le temps que vous avez pris pour nous aider \u00e0 tenir \u00e0 jour notre liste de diffusion.<\/p>\n<p><span style=\"color: #ff0000;\"><strong>Et pour tout le monde :<\/strong><\/span>\u00a0 Nous vous recommandons \u00e9galement de <strong>vous joindre \u00e0 la Fondation internationale de la Macroglobulin\u00e9mie de Waldenstrom (l'IWMF)<\/strong> si vous ne l'avez pas encore fait.  (La WMFC est une filiale de l'IWMF.)  L'adh\u00e9sion est gratuite et comprend des avantages tels que le bulletin d'information \"The Torch\", des documents de r\u00e9f\u00e9rence et des possibilit\u00e9s de formation et d'\u00e9ducation.  Les membres sont inform\u00e9s \u00e0 l'avance de toutes les webdiffusions \u00e0 venir de l'IWMF et ont acc\u00e8s \u00e0 toutes les webdiffusions enregistr\u00e9es pr\u00e9c\u00e9demment par les principaux experts du monde de la MW.  Un monde d'informations vous attend !<\/p>\n<p>Cliquez ici pour rejoindre l'IWMF : <a href=\"https:\/\/iwmf.com\/join-the-iwmf\/\">https:\/\/iwmf.com\/join-the-iwmf\/<\/a><\/p>\n<p>Encore une fois merci beaucoup!<\/p>\n<\/div><div class=\"fusion-clearfix\"><\/div><\/div><\/div><\/div><\/div>","protected":false},"excerpt":{"rendered":"","protected":false},"author":4,"featured_media":0,"parent":1976,"menu_order":0,"comment_status":"closed","ping_status":"closed","template":"","meta":{"_price":"","_stock":"","_tribe_ticket_header":"","_tribe_default_ticket_provider":"","_ticket_start_date":"","_ticket_end_date":"","_tribe_ticket_show_description":"","_tribe_ticket_show_not_going":false,"_tribe_ticket_use_global_stock":"","_tribe_ticket_global_stock_level":"","_global_stock_mode":"","_global_stock_cap":"","_tribe_rsvp_for_event":"","_tribe_ticket_going_count":"","_tribe_ticket_not_going_count":"","_tribe_tickets_list":"[]","_tribe_ticket_has_attendee_info_fields":false,"footnotes":""},"class_list":["post-4214","page","type-page","status-publish","hentry"],"_links":{"self":[{"href":"https:\/\/www.wmfc.ca\/fr\/wp-json\/wp\/v2\/pages\/4214","targetHints":{"allow":["GET"]}}],"collection":[{"href":"https:\/\/www.wmfc.ca\/fr\/wp-json\/wp\/v2\/pages"}],"about":[{"href":"https:\/\/www.wmfc.ca\/fr\/wp-json\/wp\/v2\/types\/page"}],"author":[{"embeddable":true,"href":"https:\/\/www.wmfc.ca\/fr\/wp-json\/wp\/v2\/users\/4"}],"replies":[{"embeddable":true,"href":"https:\/\/www.wmfc.ca\/fr\/wp-json\/wp\/v2\/comments?post=4214"}],"version-history":[{"count":5,"href":"https:\/\/www.wmfc.ca\/fr\/wp-json\/wp\/v2\/pages\/4214\/revisions"}],"predecessor-version":[{"id":6393,"href":"https:\/\/www.wmfc.ca\/fr\/wp-json\/wp\/v2\/pages\/4214\/revisions\/6393"}],"up":[{"embeddable":true,"href":"https:\/\/www.wmfc.ca\/fr\/wp-json\/wp\/v2\/pages\/1976"}],"wp:attachment":[{"href":"https:\/\/www.wmfc.ca\/fr\/wp-json\/wp\/v2\/media?parent=4214"}],"curies":[{"name":"wp","href":"https:\/\/api.w.org\/{rel}","templated":true}]}}