{"id":3,"date":"2020-06-22T03:11:17","date_gmt":"2020-06-22T03:11:17","guid":{"rendered":"https:\/\/www.wmfc.ca\/?page_id=3"},"modified":"2022-05-29T08:14:54","modified_gmt":"2022-05-29T12:14:54","slug":"politique-de-confidentialite","status":"publish","type":"page","link":"https:\/\/www.wmfc.ca\/fr\/who-we-are\/privacy-policy\/","title":{"rendered":"Politique de confidentialit\u00e9"},"content":{"rendered":"<div class=\"fusion-fullwidth fullwidth-box fusion-builder-row-1 fusion-flex-container nonhundred-percent-fullwidth non-hundred-percent-height-scrolling\" style=\"--awb-border-radius-top-left:0px;--awb-border-radius-top-right:0px;--awb-border-radius-bottom-right:0px;--awb-border-radius-bottom-left:0px;--awb-flex-wrap:wrap;\" ><div class=\"fusion-builder-row fusion-row fusion-flex-align-items-flex-start fusion-flex-content-wrap\" style=\"max-width:1331.2px;margin-left: calc(-4% \/ 2 );margin-right: calc(-4% \/ 2 );\"><div class=\"fusion-layout-column fusion_builder_column fusion-builder-column-0 fusion_builder_column_1_1 1_1 fusion-flex-column\" style=\"--awb-bg-size:cover;--awb-width-large:100%;--awb-margin-top-large:10px;--awb-spacing-right-large:1.92%;--awb-margin-bottom-large:10px;--awb-spacing-left-large:1.92%;--awb-width-medium:100%;--awb-order-medium:0;--awb-spacing-right-medium:1.92%;--awb-spacing-left-medium:1.92%;--awb-width-small:100%;--awb-order-small:0;--awb-spacing-right-small:1.92%;--awb-spacing-left-small:1.92%;\"><div class=\"fusion-column-wrapper fusion-column-has-shadow fusion-flex-justify-content-flex-start fusion-content-layout-column\"><div class=\"fusion-text fusion-text-1\"><\/p>\n<p>\u00c0 la Fondation, nous sommes conscients de l'importance de pr\u00e9server la confidentialit\u00e9 de vos renseignements personnels et nous nous engageons \u00e0 prot\u00e9ger ces renseignements. La Fondation est \u00e9galement consciente de ses responsabilit\u00e9s en vertu de la Loi f\u00e9d\u00e9rale canadienne sur la protection des renseignements personnels et les documents \u00e9lectroniques. (LPRPDE).<\/p>\n<p><strong>Informations personnelles collect\u00e9es<\/strong>:<\/p>\n<p>Lorsque vous acc\u00e9dez \u00e0 notre site Web, nous recueillons deux types d'informations.  Les informations personnelles que vous divulguez volontairement en toute connaissance de cause et les informations personnelles que nous pouvons recueillir lorsque vous naviguez sur notre site Web.<\/p>\n<p>Dans le premier cas, vous pouvez remplir nos formulaires, participer \u00e0 des enqu\u00eates, envoyer des courriers \u00e9lectroniques, faire un don ou vous inscrire \u00e0 un \u00e9v\u00e9nement et effectuer des paiements en ligne.  Ces informations comprennent votre nom, votre adresse, votre num\u00e9ro de t\u00e9l\u00e9phone, votre adresse \u00e9lectronique et les informations relatives \u00e0 votre carte de cr\u00e9dit.   Nous utilisons ces informations pour vous contacter, vous inscrire \u00e0 des \u00e9v\u00e9nements, communiquer, accepter des dons, \u00e9mettre des re\u00e7us de l'ARC et envoyer des courriels et des bulletins d'information.   Toutes ces informations personnelles sont conserv\u00e9es hors ligne et confidentielles.<\/p>\n<p>Dans le second cas, ces informations sont collect\u00e9es et stock\u00e9es automatiquement par notre navigateur lorsque vous naviguez sur notre site web, \u00e9ventuellement par le biais de cookies.  Le type d'informations collect\u00e9es est votre adresse IP, les sites visit\u00e9s, l'heure etc. avec les cookies pour collecter des statistiques sur le site web.   Ce type d'information est utilis\u00e9 pour am\u00e9liorer la communication, corriger les erreurs dans notre site web, am\u00e9liorer les performances du site et ainsi am\u00e9liorer les performances du site au profit de l'utilisateur.  Ces informations sont utilis\u00e9es pour fournir des services et tenir l'utilisateur inform\u00e9 des mises \u00e0 jour dans le monde de la MW.<\/p>\n<p><strong>S\u00e9curit\u00e9 :<\/strong><\/p>\n<p>Le WMFC prot\u00e8ge toutes ces informations et s'engage \u00e0 ne pas louer, vendre ou \u00e9changer vos informations personnelles.  Puisque nous nous engageons \u00e0 respecter la confidentialit\u00e9 et la s\u00e9curit\u00e9 de vos informations personnelles, des proc\u00e9dures visant \u00e0 pr\u00e9server la confidentialit\u00e9 et la s\u00e9curit\u00e9 de ces informations contre tout acc\u00e8s non autoris\u00e9 ont \u00e9t\u00e9 mises en place.  Sachant qu'aucune transmission de donn\u00e9es sur Internet n'est 100% s\u00fbre et que, par cons\u00e9quent, bien que nous nous engagions \u00e0 faire de notre mieux pour prot\u00e9ger  la confidentialit\u00e9 et la s\u00e9curit\u00e9 de ces informations, nous ne sommes pas en mesure d'assurer ou de garantir la s\u00e9curit\u00e9 de ces informations.  De m\u00eame, le WMFC ne peut garantir la s\u00e9curit\u00e9 des liens figurant sur ce site et ne peut \u00eatre tenu responsable des informations ou du contenu de ces sites ; l'utilisateur acc\u00e8de \u00e0 ces liens \u00e0 ses propres risques.<\/p>\n<p>La Fondation utilise une technologie s\u00e9curis\u00e9e pour assurer l'int\u00e9grit\u00e9 et la confidentialit\u00e9 des informations personnelles relatives aux cartes de cr\u00e9dit et aux paiements lorsque vous faites un don en ligne ou que vous vous inscrivez \u00e0 un \u00e9v\u00e9nement.  Aucune information relative aux cartes de cr\u00e9dit ou aux membres n'est stock\u00e9e sur ce site Web.\u00a0\u00a0\u00a0\u00a0<\/p>\n<p><strong>Consentement :<\/strong><\/p>\n<p>En utilisant ce site Web, vous consentez \u00e0 la collecte de vos informations personnelles et \u00e0 l'utilisation de ces informations comme indiqu\u00e9 dans la pr\u00e9sente politique de confidentialit\u00e9 et les conditions d'utilisation. Si la Fondation modifie les conditions de cette politique, cette modification sera indiqu\u00e9e sur ce site Web.  Si vous avez des questions sur la pr\u00e9sente politique de confidentialit\u00e9 ou les conditions d'utilisation, veuillez communiquer avec la Fondation \u00e0 l'adresse suivante <a href=\"mailto:Info@WMFC.ca\">Info@WMFC.ca<\/a>.  Si vous souhaitez retirer vos informations personnelles du site Web de la Fondation, veuillez utiliser les informations de contact fournies ci-dessus.<\/p>\n<p><strong>Avis de non-responsabilit\u00e9 :\u00a0\u00a0\u00a0\u00a0\u00a0\u00a0\u00a0 <\/strong><\/p>\n<p>Le site Web de la Fondation est une source importante d'informations m\u00e9dicales concernant la MW et utilise des conseils professionnels et des avis d'experts sur l'analyse de base, le traitement et les m\u00e9dicaments prescrits dans le traitement de cette maladie.  Les recommandations formul\u00e9es sur ce site Web ne refl\u00e8tent pas n\u00e9cessairement le point de vue de la Fondation.  Le WMFC vous recommande de contacter votre m\u00e9decin pour obtenir un diagnostic et des recommandations de traitement.  La Fondation  n'approuve ni ne soutient aucun m\u00e9dicament, th\u00e9rapie ou traitement, ni aucun produit commercial ou non-commercial, mais fournit ces informations pour aider les personnes \u00e0 prendre leurs d\u00e9cisions.  La Fondation n'est pas non plus responsable du contenu des informations Internet hors site r\u00e9f\u00e9renc\u00e9es ou li\u00e9es \u00e0 ce site Web.  En utilisant ce site Web, vous acceptez d'\u00eatre li\u00e9 par les conditions d'utilisation.  Si vous n'\u00eates pas d'accord avec ces conditions, veuillez ne pas utiliser ce site Web.\u00a0<\/p><\/p>\n<\/div><\/div><\/div><\/div><\/div>","protected":false},"excerpt":{"rendered":"","protected":false},"author":1,"featured_media":0,"parent":1936,"menu_order":0,"comment_status":"closed","ping_status":"open","template":"","meta":{"_price":"","_stock":"","_tribe_ticket_header":"","_tribe_default_ticket_provider":"","_ticket_start_date":"","_ticket_end_date":"","_tribe_ticket_show_description":"","_tribe_ticket_show_not_going":false,"_tribe_ticket_use_global_stock":"","_tribe_ticket_global_stock_level":"","_global_stock_mode":"","_global_stock_cap":"","_tribe_rsvp_for_event":"","_tribe_ticket_going_count":"","_tribe_ticket_not_going_count":"","_tribe_tickets_list":"[]","_tribe_ticket_has_attendee_info_fields":false,"footnotes":""},"class_list":["post-3","page","type-page","status-publish","hentry"],"_links":{"self":[{"href":"https:\/\/www.wmfc.ca\/fr\/wp-json\/wp\/v2\/pages\/3","targetHints":{"allow":["GET"]}}],"collection":[{"href":"https:\/\/www.wmfc.ca\/fr\/wp-json\/wp\/v2\/pages"}],"about":[{"href":"https:\/\/www.wmfc.ca\/fr\/wp-json\/wp\/v2\/types\/page"}],"author":[{"embeddable":true,"href":"https:\/\/www.wmfc.ca\/fr\/wp-json\/wp\/v2\/users\/1"}],"replies":[{"embeddable":true,"href":"https:\/\/www.wmfc.ca\/fr\/wp-json\/wp\/v2\/comments?post=3"}],"version-history":[{"count":14,"href":"https:\/\/www.wmfc.ca\/fr\/wp-json\/wp\/v2\/pages\/3\/revisions"}],"predecessor-version":[{"id":5071,"href":"https:\/\/www.wmfc.ca\/fr\/wp-json\/wp\/v2\/pages\/3\/revisions\/5071"}],"up":[{"embeddable":true,"href":"https:\/\/www.wmfc.ca\/fr\/wp-json\/wp\/v2\/pages\/1936"}],"wp:attachment":[{"href":"https:\/\/www.wmfc.ca\/fr\/wp-json\/wp\/v2\/media?parent=3"}],"curies":[{"name":"wp","href":"https:\/\/api.w.org\/{rel}","templated":true}]}}