{"id":2947,"date":"2020-10-26T00:03:53","date_gmt":"2020-10-26T04:03:53","guid":{"rendered":"https:\/\/www.wmfc.ca\/?page_id=2947"},"modified":"2021-12-26T15:11:20","modified_gmt":"2021-12-26T20:11:20","slug":"evenements-de-remerciement","status":"publish","type":"page","link":"https:\/\/www.wmfc.ca\/fr\/thank-you-events\/","title":{"rendered":"Merci pour les \u00e9v\u00e9nements !"},"content":{"rendered":"<div class=\"tribe-events-single tpp-success\">\n\t\t\t<div class=\"order-recap invalid\">\n\t\t\t<p>\n\t\t\t\tAucune confirmation de commande n'est disponible car aucun achat n'a \u00e9t\u00e9 effectu\u00e9.\t\t\t<\/p>\n\t\t<\/div>\n\t<\/div>","protected":false},"excerpt":{"rendered":"","protected":false},"author":1,"featured_media":0,"parent":0,"menu_order":0,"comment_status":"closed","ping_status":"closed","template":"","meta":{"_price":"","_stock":"","_tribe_ticket_header":"","_tribe_default_ticket_provider":"","_ticket_start_date":"","_ticket_end_date":"","_tribe_ticket_show_description":"","_tribe_ticket_show_not_going":false,"_tribe_ticket_use_global_stock":"","_tribe_ticket_global_stock_level":"","_global_stock_mode":"","_global_stock_cap":"","_tribe_rsvp_for_event":"","_tribe_ticket_going_count":"","_tribe_ticket_not_going_count":"","_tribe_tickets_list":"[]","_tribe_ticket_has_attendee_info_fields":false,"footnotes":""},"class_list":["post-2947","page","type-page","status-publish","hentry"],"_links":{"self":[{"href":"https:\/\/www.wmfc.ca\/fr\/wp-json\/wp\/v2\/pages\/2947","targetHints":{"allow":["GET"]}}],"collection":[{"href":"https:\/\/www.wmfc.ca\/fr\/wp-json\/wp\/v2\/pages"}],"about":[{"href":"https:\/\/www.wmfc.ca\/fr\/wp-json\/wp\/v2\/types\/page"}],"author":[{"embeddable":true,"href":"https:\/\/www.wmfc.ca\/fr\/wp-json\/wp\/v2\/users\/1"}],"replies":[{"embeddable":true,"href":"https:\/\/www.wmfc.ca\/fr\/wp-json\/wp\/v2\/comments?post=2947"}],"version-history":[{"count":2,"href":"https:\/\/www.wmfc.ca\/fr\/wp-json\/wp\/v2\/pages\/2947\/revisions"}],"predecessor-version":[{"id":4794,"href":"https:\/\/www.wmfc.ca\/fr\/wp-json\/wp\/v2\/pages\/2947\/revisions\/4794"}],"wp:attachment":[{"href":"https:\/\/www.wmfc.ca\/fr\/wp-json\/wp\/v2\/media?parent=2947"}],"curies":[{"name":"wp","href":"https:\/\/api.w.org\/{rel}","templated":true}]}}