{"id":2906,"date":"2020-10-18T21:13:50","date_gmt":"2020-10-19T01:13:50","guid":{"rendered":"https:\/\/www.wmfc.ca\/?page_id=2906"},"modified":"2022-03-26T14:14:18","modified_gmt":"2022-03-26T18:14:18","slug":"desole-quelque-chose-na-pas-fonctionne","status":"publish","type":"page","link":"https:\/\/www.wmfc.ca\/fr\/make-a-donation\/sorry-something-did-not-work\/","title":{"rendered":"D\u00e9sol\u00e9 - quelque chose n'a pas fonctionn\u00e9"},"content":{"rendered":"<p>D\u00e9sol\u00e9, quelque chose n'a pas fonctionn\u00e9 dans le processus de don, ou vous avez annul\u00e9 le don alors qu'il se trouvait au stade de PayPal.<\/p>\n<p>Si vous continuez \u00e0 rencontrer des probl\u00e8mes, veuillez nous contacter en utilisant l'une des m\u00e9thodes indiqu\u00e9es sur le site Web de la Fondation sur <a href=\"\/fr\/qui-nous-sommes\/contactez-nous\/\">notre page \"Contactez-nous\"<\/a>, et, si possible, inclure les informations indiqu\u00e9es ci-dessous.<\/p>\n\n<div class=\"tribe-events-single tpp-success\">\n\t\t\t<div class=\"order-recap invalid\">\n\t\t\t<p>\n\t\t\t\tAucune confirmation de commande n'est disponible car aucun achat n'a \u00e9t\u00e9 effectu\u00e9.\t\t\t<\/p>\n\t\t<\/div>\n\t<\/div>","protected":false},"excerpt":{"rendered":"<p>D\u00e9sol\u00e9, quelque chose n'a pas fonctionn\u00e9 dans le processus de donation, ou vous avez annul\u00e9 la donation alors qu'elle se trouvait au stade de PayPal. Si vous continuez \u00e0 rencontrer des probl\u00e8mes, veuillez nous contacter en utilisant l'une des m\u00e9thodes figurant sur notre page \"Contactez-nous\" et, si possible, en indiquant les informations ci-dessous.<\/p>","protected":false},"author":1,"featured_media":0,"parent":1984,"menu_order":0,"comment_status":"closed","ping_status":"closed","template":"","meta":{"_price":"","_stock":"","_tribe_ticket_header":"","_tribe_default_ticket_provider":"","_ticket_start_date":"","_ticket_end_date":"","_tribe_ticket_show_description":"","_tribe_ticket_show_not_going":false,"_tribe_ticket_use_global_stock":"","_tribe_ticket_global_stock_level":"","_global_stock_mode":"","_global_stock_cap":"","_tribe_rsvp_for_event":"","_tribe_ticket_going_count":"","_tribe_ticket_not_going_count":"","_tribe_tickets_list":"[]","_tribe_ticket_has_attendee_info_fields":false,"footnotes":""},"class_list":["post-2906","page","type-page","status-publish","hentry"],"_links":{"self":[{"href":"https:\/\/www.wmfc.ca\/fr\/wp-json\/wp\/v2\/pages\/2906","targetHints":{"allow":["GET"]}}],"collection":[{"href":"https:\/\/www.wmfc.ca\/fr\/wp-json\/wp\/v2\/pages"}],"about":[{"href":"https:\/\/www.wmfc.ca\/fr\/wp-json\/wp\/v2\/types\/page"}],"author":[{"embeddable":true,"href":"https:\/\/www.wmfc.ca\/fr\/wp-json\/wp\/v2\/users\/1"}],"replies":[{"embeddable":true,"href":"https:\/\/www.wmfc.ca\/fr\/wp-json\/wp\/v2\/comments?post=2906"}],"version-history":[{"count":7,"href":"https:\/\/www.wmfc.ca\/fr\/wp-json\/wp\/v2\/pages\/2906\/revisions"}],"predecessor-version":[{"id":4962,"href":"https:\/\/www.wmfc.ca\/fr\/wp-json\/wp\/v2\/pages\/2906\/revisions\/4962"}],"up":[{"embeddable":true,"href":"https:\/\/www.wmfc.ca\/fr\/wp-json\/wp\/v2\/pages\/1984"}],"wp:attachment":[{"href":"https:\/\/www.wmfc.ca\/fr\/wp-json\/wp\/v2\/media?parent=2906"}],"curies":[{"name":"wp","href":"https:\/\/api.w.org\/{rel}","templated":true}]}}