{"id":2574,"date":"2020-08-05T21:43:44","date_gmt":"2020-08-06T01:43:44","guid":{"rendered":"https:\/\/www.wmfc.ca\/?page_id=2574"},"modified":"2023-12-25T16:29:07","modified_gmt":"2023-12-25T21:29:07","slug":"recherche-soutenue-par-le-wmfc","status":"publish","type":"page","link":"https:\/\/www.wmfc.ca\/fr\/research\/wmfc-supported-research\/","title":{"rendered":"La recherche soutenue par la Fondation Canadienne"},"content":{"rendered":"<p><div class=\"fusion-fullwidth fullwidth-box fusion-builder-row-1 hundred-percent-fullwidth non-hundred-percent-height-scrolling\" style=\"--awb-border-radius-top-left:0px;--awb-border-radius-top-right:0px;--awb-border-radius-bottom-right:0px;--awb-border-radius-bottom-left:0px;--awb-padding-top:1%;--awb-padding-right:15%;--awb-padding-bottom:0px;--awb-padding-left:15%;--awb-margin-bottom:0px;--awb-flex-wrap:wrap;\" ><div class=\"fusion-builder-row fusion-row\"><div class=\"fusion-layout-column fusion_builder_column fusion-builder-column-0 fusion_builder_column_1_3 1_3 fusion-one-third fusion-column-first\" style=\"--awb-bg-image:url(&#039;https:\/\/www.wmfc.ca\/wp-content\/uploads\/2020\/08\/onlinelearning-300x225.jpg&#039;);--awb-bg-size:cover;width:33.333333333333%;width:calc(33.333333333333% - ( ( 4% ) * 0.33333333333333 ) );margin-right: 4%;\"><div class=\"fusion-column-wrapper fusion-column-has-shadow fusion-flex-column-wrapper-legacy fusion-empty-column-bg-image fusion-column-has-bg-image\" data-bg-url=\"https:\/\/www.wmfc.ca\/wp-content\/uploads\/2020\/08\/onlinelearning-300x225.jpg\"><img decoding=\"async\" class=\"fusion-empty-dims-img-placeholder\" aria-label=\"apprentissage en ligne\" src=\"data:image\/svg+xml,%3Csvg%20xmlns%3D%27http%3A%2F%2Fwww.w3.org%2F2000%2Fsvg%27%20width%3D%27300%27%20height%3D%27225%27%20viewBox%3D%270%200%20300%20225%27%3E%3Crect%20width%3D%27300%27%20height%3D%27225%27%20fill-opacity%3D%220%22%2F%3E%3C%2Fsvg%3E\"><div class=\"fusion-clearfix\"><\/div><\/div><\/div><div class=\"fusion-layout-column fusion_builder_column fusion-builder-column-1 fusion_builder_column_2_3 2_3 fusion-two-third fusion-column-last\" style=\"--awb-bg-size:cover;width:66.666666666667%;width:calc(66.666666666667% - ( ( 4% ) * 0.66666666666667 ) );\"><div class=\"fusion-column-wrapper fusion-column-has-shadow fusion-flex-column-wrapper-legacy\"><div class=\"fusion-title title fusion-title-1 fusion-sep-none fusion-title-center fusion-title-text fusion-title-size-three\" style=\"--awb-margin-top:4%;--awb-margin-top-small:0px;--awb-margin-right-small:0px;--awb-margin-bottom-small:20px;--awb-margin-left-small:0px;\"><h3 class=\"fusion-title-heading title-heading-center fusion-responsive-typography-calculated\" style=\"margin:0;--fontSize:24;--minFontSize:24;line-height:1.4;\"><p style=\"text-align: left;\">La recherche sur la MW au Canada a \u00e9t\u00e9 impressionnante, sp\u00e9cialement en tenant  compte de notre population relativement petite et de la raret\u00e9 de la MW.<\/p><\/h3><\/div><div class=\"fusion-text fusion-text-1\"><p style=\"text-align: left;\">Le soutien des membres de la Fondation  a \u00e9t\u00e9 g\u00e9n\u00e9reux et impressionnant. Le fait qu'un petit groupe de Canadiens ait largement financ\u00e9 la recherche sur la MW est quelque chose dont nous pouvons tous \u00eatre fiers, d'autant plus que la Fondation ne re\u00e7oit aucune aide gouvernementale.<\/p>\n<\/div><div class=\"fusion-clearfix\"><\/div><\/div><\/div><\/div><\/div><div class=\"fusion-fullwidth fullwidth-box fusion-builder-row-2 hundred-percent-fullwidth non-hundred-percent-height-scrolling fusion-equal-height-columns\" style=\"--awb-background-position:left top;--awb-border-sizes-top:0px;--awb-border-sizes-bottom:0px;--awb-border-sizes-left:0px;--awb-border-sizes-right:0px;--awb-border-radius-top-left:0px;--awb-border-radius-top-right:0px;--awb-border-radius-bottom-right:0px;--awb-border-radius-bottom-left:0px;--awb-padding-top:0px;--awb-padding-right:15%;--awb-padding-bottom:0%;--awb-padding-left:15%;--awb-margin-top:0px;--awb-margin-bottom:0px;--awb-flex-wrap:wrap;\" ><div class=\"fusion-builder-row fusion-row\"><div class=\"fusion-layout-column fusion_builder_column fusion-builder-column-2 fusion_builder_column_1_2 1_2 fusion-one-half fusion-column-first\" style=\"--awb-padding-top:0px;--awb-padding-right:0px;--awb-padding-bottom:0px;--awb-padding-left:0px;--awb-bg-size:cover;--awb-margin-top:0px;--awb-margin-bottom:0px;width:48%; margin-right: 4%;\"><div class=\"fusion-column-wrapper fusion-column-has-shadow fusion-flex-column-wrapper-legacy\"><div class=\"fusion-text fusion-text-2\"><p>Gr\u00e2ce \u00e0 la recherche, l'esp\u00e9rance et la qualit\u00e9 de vie des patients atteints de MW ont consid\u00e9rablement progress\u00e9 au cours des 30 derni\u00e8res ann\u00e9es. Aujourd'hui, de nombreux patients atteints de MW vivent avec cette maladie depuis plus de 25 ans. Il n'y a pas si longtemps, l'esp\u00e9rance de vie \u00e9tait de sept ans apr\u00e8s le diagnostic, et la recherche fait  toute la diff\u00e9rence.<\/p>\n<p><strong>Le WMFC soutient la recherche depuis sa cr\u00e9ation et, \u00e0 ce jour, il s'est engag\u00e9 \u00e0 octroyer plus de $1,5 million d'euros de fonds de recherche.<\/strong><\/p>\n<p>Les projets de recherche sont pr\u00e9sent\u00e9s au conseil d'administration de la Fondation et la d\u00e9cision de soutenir un ou plusieurs projets est prise apr\u00e8s avoir aussi entendu l'avis du comit\u00e9 scientifique de l'IWMF.<\/p>\n<p>Vous trouverez ci-dessous la liste des subventions de recherche accord\u00e9es par la Fondation Canadienne <strong>, associ\u00e9es \u00e0 des project actuellement actifs: <\/strong><\/p>\n<\/div><div class=\"fusion-clearfix\"><\/div><\/div><\/div><div class=\"fusion-layout-column fusion_builder_column fusion-builder-column-3 fusion_builder_column_1_2 1_2 fusion-one-half fusion-column-last\" style=\"--awb-bg-image:url(&#039;https:\/\/www.wmfc.ca\/wp-content\/uploads\/2020\/08\/heart1.jpg&#039;);--awb-bg-size:cover;width:48%;\"><div class=\"fusion-column-wrapper fusion-column-has-shadow fusion-flex-column-wrapper-legacy fusion-empty-column-bg-image fusion-column-has-bg-image\" data-bg-url=\"https:\/\/www.wmfc.ca\/wp-content\/uploads\/2020\/08\/heart1.jpg\"><img decoding=\"async\" class=\"fusion-empty-dims-img-placeholder fusion-no-large-visibility\" aria-label=\"c\u0153ur1\" src=\"data:image\/svg+xml,%3Csvg%20xmlns%3D%27http%3A%2F%2Fwww.w3.org%2F2000%2Fsvg%27%20width%3D%272000%27%20height%3D%271611%27%20viewBox%3D%270%200%202000%201611%27%3E%3Crect%20width%3D%272000%27%20height%3D%271611%27%20fill-opacity%3D%220%22%2F%3E%3C%2Fsvg%3E\"><div class=\"fusion-clearfix\"><\/div><\/div><\/div><\/div><\/div><div class=\"fusion-fullwidth fullwidth-box fusion-builder-row-3 nonhundred-percent-fullwidth non-hundred-percent-height-scrolling\" style=\"--awb-border-radius-top-left:0px;--awb-border-radius-top-right:0px;--awb-border-radius-bottom-right:0px;--awb-border-radius-bottom-left:0px;--awb-padding-top:0px;--awb-padding-right:0px;--awb-padding-bottom:0px;--awb-padding-left:0px;--awb-margin-top:1%;--awb-margin-bottom:0px;--awb-flex-wrap:wrap;\" ><div class=\"fusion-builder-row fusion-row\"><div class=\"fusion-layout-column fusion_builder_column fusion-builder-column-4 fusion_builder_column_4_5 4_5 fusion-four-fifth fusion-column-first\" style=\"--awb-padding-top:0px;--awb-padding-right:0px;--awb-padding-bottom:3%;--awb-padding-left:0px;--awb-bg-size:cover;--awb-margin-top:0px;--awb-margin-bottom:0px;width:80%;width:calc(80% - ( ( 4% ) * 0.8 ) );margin-right: 4%;\"><div class=\"fusion-column-wrapper fusion-column-has-shadow fusion-flex-column-wrapper-legacy\">\n<div class=\"table-2\">\n<table width=\"100%\">\n<thead>\n<tr>\n<th align=\"left\">Date<\/th>\n<th align=\"left\">Montant<\/th>\n<th align=\"left\">Localisation<\/th>\n<th align=\"left\">Chercheur<\/th>\n<th align=\"left\">Sujet<\/th>\n<\/tr>\n<\/thead>\n<tbody>\n<tr>\n<td align=\"left\"><strong>2005-25<\/strong><\/td>\n<td align=\"left\"><strong>$1,505,326<\/strong><\/td>\n<td align=\"left\"><strong>Total des recherches soutenues par la Fondation<\/strong><\/td>\n<td align=\"left\"><strong>11 Projets<\/strong><\/td>\n<td align=\"left\"><\/td>\n<\/tr>\n<tr>\n<td align=\"left\">2005-07<\/td>\n<td align=\"left\">$100,000<\/td>\n<td align=\"left\">Alberta Cancer Board Edmonton<\/td>\n<td align=\"left\">Pilarski<\/td>\n<td align=\"left\">Caract\u00e9ristiques g\u00e9n\u00e9tiques de la MW<\/td>\n<\/tr>\n<tr>\n<td align=\"left\">2009-11<\/td>\n<td align=\"left\">$99,935<\/td>\n<td align=\"left\">BC Cancer Agency Vancouver<\/td>\n<td align=\"left\">Nelson<\/td>\n<td align=\"left\">La r\u00e9ponse immunitaire \u00e0 la MW<\/td>\n<\/tr>\n<tr>\n<td align=\"left\">2014-16<\/td>\n<td align=\"left\">$163,970<\/td>\n<td align=\"left\">BC Cancer Agency Vancouver<\/td>\n<td align=\"left\">Nielsen &amp; Nelson<\/td>\n<td align=\"left\">Th\u00e9rapie adoptive par cellules T pour la MW<\/td>\n<\/tr>\n<tr>\n<td align=\"left\">2012-15<\/td>\n<td align=\"left\">$119,295<\/td>\n<td align=\"left\">Dana Farber Boston<\/td>\n<td align=\"left\">Carrasco<\/td>\n<td align=\"left\">Mod\u00e8le de la MW chez la souris<\/td>\n<\/tr>\n<tr>\n<td align=\"left\">2018-20<\/td>\n<td align=\"left\">$263,095<\/td>\n<td align=\"left\">Dana Farber Boston<\/td>\n<td align=\"left\">Carrasco<\/td>\n<td align=\"left\">Poursuite de la recherche 2012-15<\/td>\n<\/tr>\n<tr>\n<td align=\"left\">2019-20<\/td>\n<td align=\"left\">$102,610<\/td>\n<td align=\"left\">Dana Farber Boston<\/td>\n<td align=\"left\">Treon<\/td>\n<td align=\"left\">Feuille de route \u00e9pig\u00e9nomique de la MW<\/td>\n<\/tr>\n<tr>\n<td align=\"left\">2019-20<\/td>\n<td align=\"left\">$96,421<\/td>\n<td align=\"left\">R\u00e9seau universitaire de sant\u00e9 de Toronto<\/td>\n<td align=\"left\">Chen et Trudel<\/td>\n<td align=\"left\">Le sang p\u00e9riph\u00e9rique dans le diagnostic de la MW<\/td>\n<\/tr>\n<tr>\n<td align=\"left\">2020-22<\/td>\n<td align=\"left\">$260,000<\/td>\n<td align=\"left\">Dana Farber Boston<\/td>\n<td align=\"left\">Hunter<\/td>\n<td align=\"left\">Analyse multiomique de l'ADN, de l'ARN et des r\u00e9seaux \u00e9pig\u00e9nomiques de la MW<\/td>\n<\/tr>\n<tr>\n<td align=\"left\">2022-24<\/td>\n<td align=\"left\">$100,000<\/td>\n<td align=\"left\">Centre des sciences de la sant\u00e9 Sunnybrook, Toronto<\/td>\n<td align=\"left\">Chow<\/td>\n<td align=\"left\">Caract\u00e9risation des alt\u00e9rations g\u00e9nomiques chez les patients atteints de la MW qui sont na\u00effs de tout traitement, au cours de traitements cibl\u00e9s et du monitoring de la progression de la maladie.<\/td>\n<\/tr>\n<tr>\n<td align=\"left\">2023-25<\/td>\n<td align=\"left\">$100,000<\/td>\n<td align=\"left\">Clinique Mayo, Rochester MN<\/td>\n<td align=\"left\">Mondello<\/td>\n<td align=\"left\">Identification de la coop\u00e9ration oncog\u00e9nique entre IRF4 et MYD88 L265p et de leur impact sur le microenvironnement tumoral de la macroglobulin\u00e9mie de Waldenstrom<\/td>\n<\/tr>\n<tr>\n<td align=\"left\">2023-25<\/td>\n<td align=\"left\">$100,000<\/td>\n<td align=\"left\">Dana Farber, Boston MA<\/td>\n<td align=\"left\">Hunter<\/td>\n<td align=\"left\">Caract\u00e9risation de l'utilisation des isoformes, des nouvelles isoformes et de l'\u00e9volution des tumeurs dans la MW<\/td>\n<\/tr>\n<tr>\n<td align=\"left\"><\/td>\n<td align=\"left\"><\/td>\n<td align=\"left\"><\/td>\n<td align=\"left\"><\/td>\n<td align=\"left\"><\/td>\n<\/tr>\n<\/tbody>\n<\/table>\n<\/div>\n<div class=\"fusion-clearfix\"><\/div><\/div><\/div><div class=\"fusion-layout-column fusion_builder_column fusion-builder-column-5 fusion_builder_column_1_5 1_5 fusion-one-fifth fusion-column-last\" style=\"--awb-padding-top:0px;--awb-padding-right:0px;--awb-padding-bottom:3%;--awb-padding-left:0px;--awb-bg-size:cover;--awb-border-color:#ed0000;--awb-border-top:2px;--awb-border-right:2px;--awb-border-bottom:2px;--awb-border-left:2px;--awb-border-style:solid;--awb-margin-top:0px;--awb-margin-bottom:0px;width:20%;width:calc(20% - ( ( 4% ) * 0.2 ) );\"><div class=\"fusion-column-wrapper fusion-column-has-shadow fusion-flex-column-wrapper-legacy\"><div class=\"fusion-image-element awb-imageframe-style awb-imageframe-style-above awb-imageframe-style-1 in-legacy-container\" style=\"--awb-margin-top:10px;--awb-caption-title-font-family:var(--h3_typography-font-family);--awb-caption-title-font-weight:var(--h3_typography-font-weight);--awb-caption-title-font-style:var(--h3_typography-font-style);--awb-caption-title-size:var(--h3_typography-font-size);--awb-caption-title-transform:var(--h3_typography-text-transform);--awb-caption-title-line-height:var(--h3_typography-line-height);--awb-caption-title-letter-spacing:var(--h3_typography-letter-spacing);\"><div class=\"awb-imageframe-caption-container\"><div class=\"awb-imageframe-caption\"><h3 class=\"awb-imageframe-caption-title\">Nos investissements dans la recherche au fil du temps<\/h3><\/div><\/div><span class=\"fusion-imageframe imageframe-none imageframe-1 hover-type-none\"><img decoding=\"async\" width=\"300\" height=\"180\" title=\"Nos investissements dans le temps 2024\" src=\"https:\/\/www.wmfc.ca\/wp-content\/uploads\/2023\/12\/Our-investments-over-time-2024-300x180.jpg\" alt class=\"img-responsive wp-image-6341\" srcset=\"https:\/\/www.wmfc.ca\/wp-content\/uploads\/2023\/12\/Our-investments-over-time-2024-200x120.jpg 200w, https:\/\/www.wmfc.ca\/wp-content\/uploads\/2023\/12\/Our-investments-over-time-2024-400x240.jpg 400w, https:\/\/www.wmfc.ca\/wp-content\/uploads\/2023\/12\/Our-investments-over-time-2024.jpg 501w\" sizes=\"(max-width: 1000px) 100vw, 400px\" \/><\/span><\/div><div class=\"fusion-clearfix\"><\/div><\/div><\/div><\/div><\/div><div class=\"fusion-fullwidth fullwidth-box fusion-builder-row-4 nonhundred-percent-fullwidth non-hundred-percent-height-scrolling\" style=\"--awb-border-sizes-top:1px;--awb-border-sizes-bottom:1px;--awb-border-sizes-left:0px;--awb-border-sizes-right:0px;--awb-border-radius-top-left:0px;--awb-border-radius-top-right:0px;--awb-border-radius-bottom-right:0px;--awb-border-radius-bottom-left:0px;--awb-padding-top:0%;--awb-padding-right:3%;--awb-padding-bottom:0%;--awb-padding-left:3%;--awb-margin-top:0%;--awb-margin-bottom:0px;--awb-flex-wrap:wrap;\" ><div class=\"fusion-builder-row fusion-row\"><div class=\"fusion-layout-column fusion_builder_column fusion-builder-column-6 fusion_builder_column_1_1 1_1 fusion-one-full fusion-column-first fusion-column-last\" style=\"--awb-bg-size:cover;\"><div class=\"fusion-column-wrapper fusion-column-has-shadow fusion-flex-column-wrapper-legacy\"><div class=\"fusion-text fusion-text-3\"><p>Vous pouvez suivre l'\u00e9volution de l'un des projets les plus importants de la Fondation, avec le docteur Hunter au Dana Farber :<\/p>\n<ul>\n<li>En 2018, le Dr. Hunter a donn\u00e9 <a href=\"https:\/\/youtu.be\/iWF4JaiWHWc\" target=\"_blank\" rel=\"noopener\">une pr\u00e9sentation au Halifax Ed Forum<\/a>en posant les bases de certaines de ses recherches.<\/li>\n<li>En 2020, le Dr. Hunter a fourni <a href=\"\/wp-content\/uploads\/2020\/09\/IWMF-new.pdf\" target=\"_blank\" rel=\"noopener\">ce r\u00e9sum\u00e9 de ses recherches<\/a><\/li>\n<li>Toujours en 2020, il <a href=\"https:\/\/youtu.be\/iKhrcgQVTGw\" target=\"_blank\" rel=\"noopener\">a fait une pr\u00e9sentation<\/a> au groupe de soutien Atlantique, concernant ses recherches<\/li>\n<li>En 2022, il nous a fourni une mise \u00e0 jour \u00e9crite - en version courte et aussi en version longue.  Voir les deux <a href=\"\/fr\/2022\/04\/24\/rapport-detape-du-mois-de-recherche-du-dr-hunter\/\" target=\"_blank\" rel=\"noopener\">\u00e0 notre poste, ici<\/a>.<\/li>\n<li>Et \u00e0 la fin de 2022, le projet a publi\u00e9 ce qui pourrait bien \u00eatre des r\u00e9sultats r\u00e9volutionnaires dans la biologie de la MW.  En savoir plus <a href=\"\/fr\/2022\/11\/30\/vos-dons-au-travail-une-percee-dans-la-recherche\/\">\u00e0 notre poste, ici<\/a>.<\/li>\n<\/ul>\n<\/div><div class=\"fusion-clearfix\"><\/div><\/div><\/div><\/div><\/div><div class=\"fusion-fullwidth fullwidth-box fusion-builder-row-5 hundred-percent-fullwidth non-hundred-percent-height-scrolling fusion-equal-height-columns\" style=\"--awb-border-radius-top-left:0px;--awb-border-radius-top-right:0px;--awb-border-radius-bottom-right:0px;--awb-border-radius-bottom-left:0px;--awb-padding-top:0px;--awb-padding-right:0px;--awb-padding-bottom:0px;--awb-padding-left:0px;--awb-margin-top:2%;--awb-margin-bottom:0px;--awb-flex-wrap:wrap;\" ><div class=\"fusion-builder-row fusion-row\"><div class=\"fusion-layout-column fusion_builder_column fusion-builder-column-7 fusion_builder_column_1_2 1_2 fusion-one-half fusion-column-first fusion-no-small-visibility fusion-no-medium-visibility\" style=\"--awb-bg-image:url(&#039;https:\/\/www.wmfc.ca\/wp-content\/uploads\/2020\/07\/helpdonate.jpg&#039;);--awb-bg-position:center top;--awb-bg-size:cover;--awb-margin-top:0px;--awb-margin-bottom:0px;width:50%;width:calc(50% - ( ( 0 ) * 0.5 ) );margin-right: 0px;\"><div class=\"fusion-column-wrapper fusion-column-has-shadow fusion-flex-column-wrapper-legacy fusion-empty-column-bg-image fusion-column-has-bg-image\" data-bg-url=\"https:\/\/www.wmfc.ca\/wp-content\/uploads\/2020\/07\/helpdonate.jpg\"><img decoding=\"async\" class=\"fusion-empty-dims-img-placeholder fusion-no-large-visibility\" aria-label=\"aide-donation\" src=\"data:image\/svg+xml,%3Csvg%20xmlns%3D%27http%3A%2F%2Fwww.w3.org%2F2000%2Fsvg%27%20width%3D%271044%27%20height%3D%27392%27%20viewBox%3D%270%200%201044%20392%27%3E%3Crect%20width%3D%271044%27%20height%3D%27392%27%20fill-opacity%3D%220%22%2F%3E%3C%2Fsvg%3E\"><div class=\"fusion-clearfix\"><\/div><\/div><\/div><div class=\"fusion-layout-column fusion_builder_column fusion-builder-column-8 fusion_builder_column_1_2 1_2 fusion-one-half fusion-column-last\" style=\"--awb-padding-top:10%;--awb-padding-right:10%;--awb-padding-bottom:10%;--awb-padding-left:10%;--awb-bg-color:#dae3ef;--awb-bg-color-hover:#dae3ef;--awb-bg-size:cover;--awb-margin-top:0px;--awb-margin-bottom:0px;width:50%;width:calc(50% - ( ( 0 ) * 0.5 ) );\"><div class=\"fusion-column-wrapper fusion-column-has-shadow fusion-flex-column-wrapper-legacy\"><div class=\"fusion-column-content-centered\"><div class=\"fusion-column-content\"><div class=\"fusion-title title fusion-title-2 fusion-sep-none fusion-title-center fusion-title-text fusion-title-size-one\" style=\"--awb-margin-bottom:1%;--awb-margin-right-small:0px;--awb-margin-bottom-small:1%;--awb-margin-left-small:0px;\"><h1 class=\"fusion-title-heading title-heading-center fusion-responsive-typography-calculated\" style=\"margin:0;--fontSize:55;line-height:1.15;\">Aider la  Fondation<\/h1><\/div><div class=\"fusion-title title fusion-title-3 fusion-sep-none fusion-title-center fusion-title-text fusion-title-size-three\" style=\"--awb-margin-top-small:0px;--awb-margin-right-small:0px;--awb-margin-bottom-small:20px;--awb-margin-left-small:0px;\"><h3 class=\"fusion-title-heading title-heading-center fusion-responsive-typography-calculated\" style=\"margin:0;--fontSize:24;--minFontSize:24;line-height:1.4;\">Faites un don aujourd'hui!<\/h3><\/div><div class=\"fusion-align-block\"><a class=\"fusion-button button-flat fusion-button-default-size button-custom fusion-button-default button-1 fusion-button-default-span fusion-button-default-type fusion-has-button-gradient\" style=\"--button_accent_color:#ffffff;--button_accent_hover_color:#ffffff;--button_border_hover_color:#ffffff;--button_gradient_top_color:#345f96;--button_gradient_bottom_color:#184e96;--button_gradient_top_color_hover:#184e96;--button_gradient_bottom_color_hover:#184e96;width:calc(100%);\" target=\"_self\" href=\"\/fr\/donate\/faire-un-don\/\"><i class=\"fa-hand-holding-heart fas awb-button__icon awb-button__icon--default button-icon-left\" aria-hidden=\"true\"><\/i><span class=\"fusion-button-text awb-button__text awb-button__text--default\">Faire un don<\/span><\/a><\/div><\/div><\/div><div class=\"fusion-clearfix\"><\/div><\/div><\/div><\/div><\/div>\n<div class=\"fusion-fullwidth fullwidth-box fusion-builder-row-6 nonhundred-percent-fullwidth non-hundred-percent-height-scrolling\" style=\"--awb-background-position:left top;--awb-border-sizes-top:0px;--awb-border-sizes-bottom:0px;--awb-border-sizes-left:0px;--awb-border-sizes-right:0px;--awb-border-radius-top-left:0px;--awb-border-radius-top-right:0px;--awb-border-radius-bottom-right:0px;--awb-border-radius-bottom-left:0px;--awb-padding-top:0px;--awb-padding-right:5%;--awb-padding-bottom:0px;--awb-padding-left:5%;--awb-margin-top:0px;--awb-margin-bottom:0px;--awb-background-color:#333c4e;--awb-flex-wrap:wrap;\" ><div class=\"fusion-builder-row fusion-row\"><div class=\"fusion-layout-column fusion_builder_column fusion-builder-column-9 fusion_builder_column_1_1 1_1 fusion-one-full fusion-column-first fusion-column-last fusion-column-no-min-height\" style=\"--awb-padding-top:0px;--awb-padding-right:0px;--awb-padding-bottom:0px;--awb-padding-left:0px;--awb-bg-size:cover;--awb-margin-top:0px;--awb-margin-bottom:3%;\"><div class=\"fusion-column-wrapper fusion-column-has-shadow fusion-flex-column-wrapper-legacy\"><div class=\"fusion-text fusion-text-4\"><h3 style=\"text-align: center; font-size: 30px; color: #ffffff;\">Joignez-vous \u00e0 la Fondation et restez dans le coup !<\/h3>\n<\/div><div class=\"fusion-sep-clear\"><\/div><div class=\"fusion-separator fusion-full-width-sep\" style=\"margin-left: auto;margin-right: auto;margin-top:-25px;width:100%;\"><\/div><div class=\"fusion-sep-clear\"><\/div><div class=\"fusion-text fusion-text-5 white-text\"><p style=\"text-align: center; font-size: 20px;\">Recevez les derni\u00e8res nouvelles, les \u00e9v\u00e9nements et les informations pour le membership  par courrier \u00e9lectronique.<\/p>\n<\/div><div class=\"fusion-sep-clear\"><\/div><div class=\"fusion-separator fusion-full-width-sep\" style=\"margin-left: auto;margin-right: auto;margin-top:15px;width:100%;\"><\/div><div class=\"fusion-sep-clear\"><\/div><div class=\"fusion-aligncenter\"><a class=\"fusion-button button-flat button-large button-default fusion-button-default button-2 fusion-button-span-no fusion-button-default-type\" target=\"_self\" href=\"\/fr\/adhesion\/\"><span class=\"fusion-button-text awb-button__text awb-button__text--default\">Adh\u00e9rer \u00e0 la Fondation Canadienne<\/span><\/a><\/div><div class=\"fusion-clearfix\"><\/div><\/div><\/div><\/div><\/div>\n<\/p>","protected":false},"excerpt":{"rendered":"","protected":false},"author":2,"featured_media":0,"parent":1980,"menu_order":0,"comment_status":"closed","ping_status":"closed","template":"100-width.php","meta":{"_price":"","_stock":"","_tribe_ticket_header":"","_tribe_default_ticket_provider":"","_ticket_start_date":"","_ticket_end_date":"","_tribe_ticket_show_description":"","_tribe_ticket_show_not_going":false,"_tribe_ticket_use_global_stock":"","_tribe_ticket_global_stock_level":"","_global_stock_mode":"","_global_stock_cap":"","_tribe_rsvp_for_event":"","_tribe_ticket_going_count":"","_tribe_ticket_not_going_count":"","_tribe_tickets_list":"[]","_tribe_ticket_has_attendee_info_fields":false,"footnotes":""},"class_list":["post-2574","page","type-page","status-publish","hentry"],"_links":{"self":[{"href":"https:\/\/www.wmfc.ca\/fr\/wp-json\/wp\/v2\/pages\/2574","targetHints":{"allow":["GET"]}}],"collection":[{"href":"https:\/\/www.wmfc.ca\/fr\/wp-json\/wp\/v2\/pages"}],"about":[{"href":"https:\/\/www.wmfc.ca\/fr\/wp-json\/wp\/v2\/types\/page"}],"author":[{"embeddable":true,"href":"https:\/\/www.wmfc.ca\/fr\/wp-json\/wp\/v2\/users\/2"}],"replies":[{"embeddable":true,"href":"https:\/\/www.wmfc.ca\/fr\/wp-json\/wp\/v2\/comments?post=2574"}],"version-history":[{"count":9,"href":"https:\/\/www.wmfc.ca\/fr\/wp-json\/wp\/v2\/pages\/2574\/revisions"}],"predecessor-version":[{"id":6346,"href":"https:\/\/www.wmfc.ca\/fr\/wp-json\/wp\/v2\/pages\/2574\/revisions\/6346"}],"up":[{"embeddable":true,"href":"https:\/\/www.wmfc.ca\/fr\/wp-json\/wp\/v2\/pages\/1980"}],"wp:attachment":[{"href":"https:\/\/www.wmfc.ca\/fr\/wp-json\/wp\/v2\/media?parent=2574"}],"curies":[{"name":"wp","href":"https:\/\/api.w.org\/{rel}","templated":true}]}}