{"id":2442,"date":"2020-08-02T23:59:01","date_gmt":"2020-08-02T23:59:01","guid":{"rendered":"https:\/\/www.wmfc.ca\/?page_id=2442"},"modified":"2023-12-07T11:26:19","modified_gmt":"2023-12-07T16:26:19","slug":"wmfc-partners","status":"publish","type":"page","link":"https:\/\/www.wmfc.ca\/fr\/education\/wmfc-partners\/","title":{"rendered":"Partenaires de la Fondation Canadienne"},"content":{"rendered":"<div class=\"fusion-fullwidth fullwidth-box fusion-builder-row-1 nonhundred-percent-fullwidth non-hundred-percent-height-scrolling fusion-equal-height-columns\" style=\"--awb-border-radius-top-left:0px;--awb-border-radius-top-right:0px;--awb-border-radius-bottom-right:0px;--awb-border-radius-bottom-left:0px;--awb-flex-wrap:wrap;\" ><div class=\"fusion-builder-row fusion-row\"><div class=\"fusion-layout-column fusion_builder_column fusion-builder-column-0 fusion_builder_column_1_2 1_2 fusion-one-half fusion-column-first\" style=\"--awb-bg-size:cover;width:50%;width:calc(50% - ( ( 4% ) * 0.5 ) );margin-right: 4%;\"><div class=\"fusion-column-wrapper fusion-column-has-shadow fusion-flex-column-wrapper-legacy\"><div class=\"fusion-image-element in-legacy-container\" style=\"--awb-caption-title-font-family:var(--h2_typography-font-family);--awb-caption-title-font-weight:var(--h2_typography-font-weight);--awb-caption-title-font-style:var(--h2_typography-font-style);--awb-caption-title-size:var(--h2_typography-font-size);--awb-caption-title-transform:var(--h2_typography-text-transform);--awb-caption-title-line-height:var(--h2_typography-line-height);--awb-caption-title-letter-spacing:var(--h2_typography-letter-spacing);\"><span class=\"fusion-imageframe imageframe-none imageframe-1 hover-type-none\"><img decoding=\"async\" width=\"900\" height=\"500\" title=\"news_single_post_header_11\" src=\"https:\/\/www.wmfc.ca\/wp-content\/uploads\/2020\/06\/news_single_post_header_11.gif\" alt class=\"img-responsive wp-image-2068\"\/><\/span><\/div><div class=\"fusion-image-element awb-imageframe-style awb-imageframe-style-below awb-imageframe-style-2 in-legacy-container\" style=\"--awb-margin-top:4%;--awb-caption-text-size:12px;--awb-caption-title-font-family:var(--h6_typography-font-family);--awb-caption-title-font-weight:var(--h6_typography-font-weight);--awb-caption-title-font-style:var(--h6_typography-font-style);--awb-caption-title-size:var(--h6_typography-font-size);--awb-caption-title-transform:var(--h6_typography-text-transform);--awb-caption-title-line-height:var(--h6_typography-line-height);--awb-caption-title-letter-spacing:var(--h6_typography-letter-spacing);\"><span class=\"fusion-imageframe imageframe-none imageframe-2 hover-type-none\"><a class=\"fusion-no-lightbox\" href=\"https:\/\/lymphomacoalition.org\/\" target=\"_blank\" aria-label=\"LC_Logo_RGB_NoirTeal\" rel=\"noopener noreferrer\"><img decoding=\"async\" width=\"300\" height=\"102\" src=\"https:\/\/www.wmfc.ca\/wp-content\/uploads\/2023\/12\/LC_Logo_RGB_BlackTeal-300x102.jpg\" alt class=\"img-responsive wp-image-6322\" srcset=\"https:\/\/www.wmfc.ca\/wp-content\/uploads\/2023\/12\/LC_Logo_RGB_BlackTeal-200x68.jpg 200w, https:\/\/www.wmfc.ca\/wp-content\/uploads\/2023\/12\/LC_Logo_RGB_BlackTeal-400x135.jpg 400w, https:\/\/www.wmfc.ca\/wp-content\/uploads\/2023\/12\/LC_Logo_RGB_BlackTeal-600x203.jpg 600w, https:\/\/www.wmfc.ca\/wp-content\/uploads\/2023\/12\/LC_Logo_RGB_BlackTeal-800x271.jpg 800w, https:\/\/www.wmfc.ca\/wp-content\/uploads\/2023\/12\/LC_Logo_RGB_BlackTeal-1200x406.jpg 1200w, https:\/\/www.wmfc.ca\/wp-content\/uploads\/2023\/12\/LC_Logo_RGB_BlackTeal.jpg 1630w\" sizes=\"(max-width: 1000px) 100vw, 800px\" \/><\/a><\/span><div class=\"awb-imageframe-caption-container\"><div class=\"awb-imageframe-caption\"><h6 class=\"awb-imageframe-caption-title\"> <\/h6><p class=\"awb-imageframe-caption-text\">La WMFC est un membre associ\u00e9 de la Lymphoma Coalition.<\/p><\/div><\/div><\/div><div class=\"fusion-clearfix\"><\/div><\/div><\/div><div class=\"fusion-layout-column fusion_builder_column fusion-builder-column-1 fusion_builder_column_1_2 1_2 fusion-one-half fusion-column-last\" style=\"--awb-bg-size:cover;width:50%;width:calc(50% - ( ( 4% ) * 0.5 ) );\"><div class=\"fusion-column-wrapper fusion-column-has-shadow fusion-flex-column-wrapper-legacy\"><div class=\"fusion-title title fusion-title-1 fusion-sep-none fusion-title-text fusion-title-size-two\" style=\"--awb-margin-top-small:0px;--awb-margin-right-small:0px;--awb-margin-bottom-small:20px;--awb-margin-left-small:0px;\"><h2 class=\"fusion-title-heading title-heading-left fusion-responsive-typography-calculated\" style=\"margin:0;--fontSize:34;line-height:1.47;\">Partenaires de la Fondation Canadienne<\/h2><\/div><div class=\"fusion-text fusion-text-1\" style=\"--awb-text-transform:none;\"><p><span style=\"font-weight: 400;\">La Fondation  est la seule organisation au Canada qui se concentre exclusivement sur la MW.<\/span><\/p>\n<ul>\n<li><span style=\"font-weight: 400;\">\"Lymphoma Canada\" <\/span> <a href=\"http:\/\/lymphoma.ca\/\" target=\"_blank\" rel=\"noopener\"><span style=\"font-weight: 400;\">http:\/\/lymphoma.ca<\/span><\/a><\/li>\n<li><span style=\"font-weight: 400;\">La Soci\u00e9t\u00e9 canadienne de leuc\u00e9mie et lymphome\u00a0 <\/span><a href=\"https:\/\/llscanada.org\/\" target=\"_blank\" rel=\"noopener\"><span style=\"font-weight: 400;\">https:\/\/llscanada.org<\/span><\/a><\/li>\n<li>Coalition contre le lymphome <a href=\"https:\/\/lymphomacoalition.org\/\" target=\"_blank\" rel=\"noopener\">https:\/\/lymphomacoalition.org\/<\/a><\/li>\n<li><span style=\"font-weight: 400;\">La Soci\u00e9t\u00e9 canadienne du cancer\u00a0 <\/span><a href=\"https:\/\/www.cancer.ca\/\" target=\"_blank\" rel=\"noopener\"><span style=\"font-weight: 400;\">https:\/\/www.cancer.ca<\/span><\/a><\/li>\n<li><span style=\"font-weight: 400;\">L'Organisation canadienne sur les maladies rares (CORD) <\/span><a href=\"https:\/\/www.raredisorders.ca\/\" target=\"_blank\" rel=\"noopener\"><span style=\"font-weight: 400;\">https:\/\/www.raredisorders.ca<\/span><\/a><\/li>\n<li><span style=\"font-weight: 400;\">La Fondation internationale de la macroglobulin\u00e9mie de Waldenstrom (IWMF) <\/span><a href=\"https:\/\/www.iwmf.com\/\" target=\"_blank\" rel=\"noopener\"><span style=\"font-weight: 400;\">https:\/\/www.iwmf.com<\/span><\/a><\/li>\n<li><span style=\"font-weight: 400;\">\"The UK charity for Waldenstrom\u2019s Macroglobulinemia (WMUK)\" <\/span><a href=\"https:\/\/www.wmuk.org.uk\/\" target=\"_blank\" rel=\"noopener\"><span style=\"font-weight: 400;\">https:\/\/www.wmuk.org.uk\/<\/span><\/a><\/li>\n<li>Waldenstr\u00f6m France (en fran\u00e7ais) <a href=\"https:\/\/portail.waldenstromfrance.org\/\" target=\"_blank\" rel=\"noopener\">https:\/\/portail.waldenstromfrance.org\/<\/a><\/li>\n<li>Le groupe australien de soutien aux patients de la MW <a href=\"https:\/\/wmozzies.com.au\/\" target=\"_blank\" rel=\"noopener\">https:\/\/wmozzies.com.au\/<\/a><\/li>\n<li><span style=\"font-weight: 400;\">\"Dana Farber \u2013 Bing Center for Waldenstrom\u2019s Macroglobulinemia\" <\/span><a href=\"http:\/\/www.waldenstroms.com\/\" target=\"_blank\" rel=\"noopener\"><span style=\"font-weight: 400;\">www.waldenstroms.com\/<\/span><\/a><\/li>\n<\/ul>\n<p>La Fondation Canadienne, par l'interm\u00e9diaire de l'IWMF, utilise des images attribu\u00e9es au National Comprehensive Cancer Network (<a href=\"https:\/\/www.nccn.org\/\" target=\"_blank\" rel=\"noopener\">https:\/\/www.nccn.org\/<\/a>).  Nous tenons \u00e0 leur rendre hommage pour leur contribution et \u00e0 les remercier pour l'utilisation de ces images.<\/p>\n<\/div><div class=\"fusion-clearfix\"><\/div><\/div><\/div><\/div><\/div>","protected":false},"excerpt":{"rendered":"","protected":false},"author":2,"featured_media":0,"parent":2,"menu_order":0,"comment_status":"closed","ping_status":"closed","template":"","meta":{"_price":"","_stock":"","_tribe_ticket_header":"","_tribe_default_ticket_provider":"","_ticket_start_date":"","_ticket_end_date":"","_tribe_ticket_show_description":"","_tribe_ticket_show_not_going":false,"_tribe_ticket_use_global_stock":"","_tribe_ticket_global_stock_level":"","_global_stock_mode":"","_global_stock_cap":"","_tribe_rsvp_for_event":"","_tribe_ticket_going_count":"","_tribe_ticket_not_going_count":"","_tribe_tickets_list":"[]","_tribe_ticket_has_attendee_info_fields":false,"footnotes":""},"class_list":["post-2442","page","type-page","status-publish","hentry"],"_links":{"self":[{"href":"https:\/\/www.wmfc.ca\/fr\/wp-json\/wp\/v2\/pages\/2442","targetHints":{"allow":["GET"]}}],"collection":[{"href":"https:\/\/www.wmfc.ca\/fr\/wp-json\/wp\/v2\/pages"}],"about":[{"href":"https:\/\/www.wmfc.ca\/fr\/wp-json\/wp\/v2\/types\/page"}],"author":[{"embeddable":true,"href":"https:\/\/www.wmfc.ca\/fr\/wp-json\/wp\/v2\/users\/2"}],"replies":[{"embeddable":true,"href":"https:\/\/www.wmfc.ca\/fr\/wp-json\/wp\/v2\/comments?post=2442"}],"version-history":[{"count":9,"href":"https:\/\/www.wmfc.ca\/fr\/wp-json\/wp\/v2\/pages\/2442\/revisions"}],"predecessor-version":[{"id":6323,"href":"https:\/\/www.wmfc.ca\/fr\/wp-json\/wp\/v2\/pages\/2442\/revisions\/6323"}],"up":[{"embeddable":true,"href":"https:\/\/www.wmfc.ca\/fr\/wp-json\/wp\/v2\/pages\/2"}],"wp:attachment":[{"href":"https:\/\/www.wmfc.ca\/fr\/wp-json\/wp\/v2\/media?parent=2442"}],"curies":[{"name":"wp","href":"https:\/\/api.w.org\/{rel}","templated":true}]}}