{"id":2434,"date":"2020-08-02T23:47:31","date_gmt":"2020-08-02T23:47:31","guid":{"rendered":"https:\/\/www.wmfc.ca\/?page_id=2434"},"modified":"2023-03-03T17:14:23","modified_gmt":"2023-03-03T22:14:23","slug":"wmfc-archive","status":"publish","type":"page","link":"https:\/\/www.wmfc.ca\/fr\/education\/wmfc-archive\/","title":{"rendered":"Archives de la Fondation"},"content":{"rendered":"<div class=\"fusion-fullwidth fullwidth-box fusion-builder-row-1 nonhundred-percent-fullwidth non-hundred-percent-height-scrolling fusion-equal-height-columns\" style=\"--awb-border-radius-top-left:0px;--awb-border-radius-top-right:0px;--awb-border-radius-bottom-right:0px;--awb-border-radius-bottom-left:0px;--awb-padding-top:0px;--awb-padding-right:0px;--awb-padding-bottom:3%;--awb-padding-left:0px;--awb-margin-top:0px;--awb-margin-bottom:0px;--awb-flex-wrap:wrap;\" ><div class=\"fusion-builder-row fusion-row\"><div class=\"fusion-layout-column fusion_builder_column fusion-builder-column-0 fusion_builder_column_1_1 1_1 fusion-one-full fusion-column-first fusion-column-last\" style=\"--awb-bg-size:cover;\"><div class=\"fusion-column-wrapper fusion-column-has-shadow fusion-flex-column-wrapper-legacy\"><div class=\"fusion-text fusion-text-1\"><h4 class=\"fusion-responsive-typography-calculated\" style=\"--fontsize: 20; line-height: 1.67; --minfontsize: 20;\" data-fontsize=\"20\" data-lineheight=\"33.4px\">Nos archives compl\u00e8tes des derni\u00e8res ann\u00e9es sont disponibles ici.<\/h4>\n<p>Si vous ne trouvez pas ce que vous cherchez :<\/p>\n<\/div><ul style=\"--awb-line-height:23.8px;--awb-icon-width:23.8px;--awb-icon-height:23.8px;--awb-icon-margin:9.8px;--awb-content-margin:33.6px;\" class=\"fusion-checklist fusion-checklist-1 fusion-checklist-default type-icons\"><li class=\"fusion-li-item\" style=\"\"><span class=\"icon-wrapper circle-no\"><i class=\"fusion-li-icon fa-search fas\" aria-hidden=\"true\"><\/i><\/span><div class=\"fusion-li-item-content\">\n<p>Essayez la fonction de recherche, dans le menu situ\u00e9 en haut \u00e0 droite de la page, ou bien ;<\/p>\n<\/div><\/li><li class=\"fusion-li-item\" style=\"\"><span class=\"icon-wrapper circle-no\"><i class=\"fusion-li-icon awb-icon-check\" aria-hidden=\"true\"><\/i><\/span><div class=\"fusion-li-item-content\">\n<p><a href=\"\/fr\/qui-nous-sommes\/contactez-nous\/\">Envoyez-nous une note<\/a> avec votre suggestion de contenu, et nous ferons de notre mieux pour vous aider ;<\/p>\n<\/div><\/li><\/ul><div class=\"fusion-blog-shortcode fusion-blog-shortcode-1 fusion-blog-archive fusion-blog-layout-grid-wrapper fusion-blog-infinite fusion-blog-no-images\"><style type=\"text\/css\">.fusion-blog-shortcode-1 .fusion-blog-layout-grid .fusion-post-grid{padding:20px;}.fusion-blog-shortcode-1 .fusion-posts-container{margin-left: -20px !important; margin-right:-20px !important;}<\/style><div class=\"fusion-posts-container fusion-posts-container-infinite fusion-blog-layout-grid fusion-blog-layout-grid-4 isotope fusion-blog-equal-heights\" data-pages=\"40\" data-grid-col-space=\"40\" style=\"margin: -20px -20px 0;min-height:500px;\"><article id=\"blog-1-post-7266\" class=\"fusion-post-grid post-7266 post type-post status-publish format-standard hentry category-news\">\n<div class=\"fusion-post-wrapper\" style=\"background-color:rgba(255,255,255,1);border:none;\"><div class=\"fusion-post-content-wrapper\" style=\"padding:30px 25px 20px 25px;\"><div class=\"fusion-post-content post-content\"><h2 class=\"blog-shortcode-post-title entry-title\"><a href=\"https:\/\/www.wmfc.ca\/fr\/2026\/01\/22\/getting-to-know-your-immune-system-with-dr-dima-el-sharkawi\/\">Apprenez en plus sur votre syst\u00e8me immunitaire avec Docteur Dima El-Sharkawi<\/a><\/h2><p class=\"fusion-single-line-meta\"><span class=\"updated\" style=\"display:none;\">2026-01-22T21:56:46-05:00<\/span><span>janvier 22nd, 2026<\/span><span class=\"fusion-inline-sep\">|<\/span><a href=\"https:\/\/www.wmfc.ca\/fr\/category\/news\/\" rel=\"category tag\">Nouvelles<\/a><span class=\"fusion-inline-sep\">|<\/span><\/p><div class=\"fusion-content-sep sep-none\"><\/div><\/div><div class=\"fusion-meta-info\"><div class=\"fusion-alignleft\"><a class=\"fusion-read-more\" href=\"https:\/\/www.wmfc.ca\/fr\/2026\/01\/22\/getting-to-know-your-immune-system-with-dr-dima-el-sharkawi\/\" aria-label=\"More on Getting to Know your Immune System, with Dr. Dima El-Sharkawi\">Lire la suite<\/a><\/div><\/div><\/div><div class=\"fusion-clearfix\"><\/div><\/div>\n<\/article>\n<article id=\"blog-1-post-7152\" class=\"fusion-post-grid post-7152 post type-post status-publish format-standard has-post-thumbnail hentry category-newsletters\">\n<div class=\"fusion-post-wrapper\" style=\"background-color:rgba(255,255,255,1);border:none;\"><div class=\"fusion-post-content-wrapper\" style=\"padding:30px 25px 20px 25px;\"><div class=\"fusion-post-content post-content\"><h2 class=\"blog-shortcode-post-title entry-title\"><a href=\"https:\/\/www.wmfc.ca\/fr\/2025\/10\/28\/our-fall-colours-newsletter\/\">Notre bulletin d'automne 2025<\/a><\/h2><p class=\"fusion-single-line-meta\"><span class=\"updated\" style=\"display:none;\">2025-10-28T21:15:41-04:00<\/span><span>octobre 28th, 2025<\/span><span class=\"fusion-inline-sep\">|<\/span><a href=\"https:\/\/www.wmfc.ca\/fr\/category\/newsletters\/\" rel=\"category tag\">Bulletins d'information<\/a><span class=\"fusion-inline-sep\">|<\/span><\/p><div class=\"fusion-content-sep sep-none\"><\/div><\/div><div class=\"fusion-meta-info\"><div class=\"fusion-alignleft\"><a class=\"fusion-read-more\" href=\"https:\/\/www.wmfc.ca\/fr\/2025\/10\/28\/our-fall-colours-newsletter\/\" aria-label=\"More on Our Fall Colours Newsletter\">Lire la suite<\/a><\/div><\/div><\/div><div class=\"fusion-clearfix\"><\/div><\/div>\n<\/article>\n<article id=\"blog-1-post-7074\" class=\"fusion-post-grid post-7074 post type-post status-publish format-standard has-post-thumbnail hentry category-newsletters\">\n<div class=\"fusion-post-wrapper\" style=\"background-color:rgba(255,255,255,1);border:none;\"><div class=\"fusion-post-content-wrapper\" style=\"padding:30px 25px 20px 25px;\"><div class=\"fusion-post-content post-content\"><h2 class=\"blog-shortcode-post-title entry-title\"><a href=\"https:\/\/www.wmfc.ca\/fr\/2025\/08\/07\/our-easy-summertime-read\/\">Un peu de lecture d'\u00e9t\u00e9<\/a><\/h2><p class=\"fusion-single-line-meta\"><span class=\"updated\" style=\"display:none;\">2025-08-10T12:58:46-04:00<\/span><span>7 ao\u00fbt 2025<\/span><span class=\"fusion-inline-sep\">|<\/span><a href=\"https:\/\/www.wmfc.ca\/fr\/category\/newsletters\/\" rel=\"category tag\">Bulletins d'information<\/a><span class=\"fusion-inline-sep\">|<\/span><\/p><div class=\"fusion-content-sep sep-none\"><\/div><\/div><div class=\"fusion-meta-info\"><div class=\"fusion-alignleft\"><a class=\"fusion-read-more\" href=\"https:\/\/www.wmfc.ca\/fr\/2025\/08\/07\/our-easy-summertime-read\/\" aria-label=\"En savoir plus sur notre lecture d&#039;\u00e9t\u00e9 facile\">Lire la suite<\/a><\/div><\/div><\/div><div class=\"fusion-clearfix\"><\/div><\/div>\n<\/article>\n<article id=\"blog-1-post-7026\" class=\"fusion-post-grid post-7026 post type-post status-publish format-standard hentry category-news\">\n<div class=\"fusion-post-wrapper\" style=\"background-color:rgba(255,255,255,1);border:none;\"><div class=\"fusion-post-content-wrapper\" style=\"padding:30px 25px 20px 25px;\"><div class=\"fusion-post-content post-content\"><h2 class=\"blog-shortcode-post-title entry-title\"><a href=\"https:\/\/www.wmfc.ca\/fr\/2025\/06\/07\/faq-booklet-now-available\/\">La brochure couvrant la \"FAQ\" est d\u00e9sormais disponible<\/a><\/h2><p class=\"fusion-single-line-meta\"><span class=\"updated\" style=\"display:none;\">2025-06-07T16:23:47-04:00<\/span><span>7 juin 2025<\/span><span class=\"fusion-inline-sep\">|<\/span><a href=\"https:\/\/www.wmfc.ca\/fr\/category\/news\/\" rel=\"category tag\">Nouvelles<\/a><span class=\"fusion-inline-sep\">|<\/span><\/p><div class=\"fusion-content-sep sep-none\"><\/div><\/div><div class=\"fusion-meta-info\"><div class=\"fusion-alignleft\"><a class=\"fusion-read-more\" href=\"https:\/\/www.wmfc.ca\/fr\/2025\/06\/07\/faq-booklet-now-available\/\" aria-label=\"Plus d&#039;informations sur La brochure FAQ est d\u00e9sormais disponible\">Lire la suite<\/a><\/div><\/div><\/div><div class=\"fusion-clearfix\"><\/div><\/div>\n<\/article>\n<div class=\"fusion-clearfix\"><\/div><\/div><div class=\"fusion-infinite-scroll-trigger\"><\/div><div class=\"pagination infinite-scroll clearfix\" style=\"display:none;\"><span class=\"current\">1<\/span><a href=\"https:\/\/www.wmfc.ca\/fr\/wp-json\/wp\/v2\/pages\/2434\/page\/2\/\" class=\"inactive\">2<\/a><a class=\"pagination-next\" rel=\"next\" href=\"https:\/\/www.wmfc.ca\/fr\/wp-json\/wp\/v2\/pages\/2434\/page\/2\/\"><span class=\"page-text\">Suivant<\/span><span class=\"page-next\"><\/span><\/a><\/div><div class=\"fusion-clearfix\"><\/div><\/div><div class=\"fusion-clearfix\"><\/div><\/div><\/div><\/div><\/div>","protected":false},"excerpt":{"rendered":"","protected":false},"author":2,"featured_media":0,"parent":2,"menu_order":0,"comment_status":"closed","ping_status":"open","template":"","meta":{"_price":"","_stock":"","_tribe_ticket_header":"","_tribe_default_ticket_provider":"","_ticket_start_date":"","_ticket_end_date":"","_tribe_ticket_show_description":"","_tribe_ticket_show_not_going":false,"_tribe_ticket_use_global_stock":"","_tribe_ticket_global_stock_level":"","_global_stock_mode":"","_global_stock_cap":"","_tribe_rsvp_for_event":"","_tribe_ticket_going_count":"","_tribe_ticket_not_going_count":"","_tribe_tickets_list":"[]","_tribe_ticket_has_attendee_info_fields":false,"footnotes":""},"class_list":["post-2434","page","type-page","status-publish","hentry"],"_links":{"self":[{"href":"https:\/\/www.wmfc.ca\/fr\/wp-json\/wp\/v2\/pages\/2434","targetHints":{"allow":["GET"]}}],"collection":[{"href":"https:\/\/www.wmfc.ca\/fr\/wp-json\/wp\/v2\/pages"}],"about":[{"href":"https:\/\/www.wmfc.ca\/fr\/wp-json\/wp\/v2\/types\/page"}],"author":[{"embeddable":true,"href":"https:\/\/www.wmfc.ca\/fr\/wp-json\/wp\/v2\/users\/2"}],"replies":[{"embeddable":true,"href":"https:\/\/www.wmfc.ca\/fr\/wp-json\/wp\/v2\/comments?post=2434"}],"version-history":[{"count":9,"href":"https:\/\/www.wmfc.ca\/fr\/wp-json\/wp\/v2\/pages\/2434\/revisions"}],"predecessor-version":[{"id":5721,"href":"https:\/\/www.wmfc.ca\/fr\/wp-json\/wp\/v2\/pages\/2434\/revisions\/5721"}],"up":[{"embeddable":true,"href":"https:\/\/www.wmfc.ca\/fr\/wp-json\/wp\/v2\/pages\/2"}],"wp:attachment":[{"href":"https:\/\/www.wmfc.ca\/fr\/wp-json\/wp\/v2\/media?parent=2434"}],"curies":[{"name":"wp","href":"https:\/\/api.w.org\/{rel}","templated":true}]}}