{"id":2344,"date":"2020-08-02T18:50:55","date_gmt":"2020-08-02T18:50:55","guid":{"rendered":"https:\/\/www.wmfc.ca\/?page_id=2344"},"modified":"2021-05-22T16:48:28","modified_gmt":"2021-05-22T20:48:28","slug":"discussion-en-ligne","status":"publish","type":"page","link":"https:\/\/www.wmfc.ca\/fr\/support\/online-discussion\/","title":{"rendered":"Discussions en ligne"},"content":{"rendered":"<p><div class=\"fusion-fullwidth fullwidth-box fusion-builder-row-1 nonhundred-percent-fullwidth non-hundred-percent-height-scrolling fusion-equal-height-columns\" style=\"--awb-border-radius-top-left:0px;--awb-border-radius-top-right:0px;--awb-border-radius-bottom-right:0px;--awb-border-radius-bottom-left:0px;--awb-flex-wrap:wrap;\" ><div class=\"fusion-builder-row fusion-row\"><div class=\"fusion-layout-column fusion_builder_column fusion-builder-column-0 fusion_builder_column_1_2 1_2 fusion-one-half fusion-column-first\" style=\"--awb-bg-size:cover;width:50%;width:calc(50% - ( ( 4% ) * 0.5 ) );margin-right: 4%;\"><div class=\"fusion-column-wrapper fusion-column-has-shadow fusion-flex-column-wrapper-legacy\"><div class=\"fusion-title title fusion-title-1 fusion-sep-none fusion-title-text fusion-title-size-three\" style=\"--awb-margin-top-small:0px;--awb-margin-right-small:0px;--awb-margin-bottom-small:20px;--awb-margin-left-small:0px;\"><h3 class=\"fusion-title-heading title-heading-left fusion-responsive-typography-calculated\" style=\"margin:0;--fontSize:24;--minFontSize:24;line-height:1.4;\">Groupe Facebook FCMW<\/h3><\/div><div class=\"fusion-text fusion-text-1\"><p>La FCMW  a un groupe Facebook o\u00f9 les patients atteints de la MW, les soignants et la famille peuvent trouver des informations pertinentes pour la sc\u00e8ne canadienne. Vous y trouverez des informations sur les traitements actuels, la recherche, les essais cliniques et plus encore. Vous pouvez \u00e9galement poser des questions qui ont un rapport particulier avec votre traitement et vos soins au Canada.<\/p>\n<\/div><div class=\"fusion-align-block\"><a class=\"fusion-button button-flat fusion-button-default-size button-default fusion-button-default button-1 fusion-button-default-span fusion-button-default-type\" style=\"width:calc(100%);\" target=\"_blank\" rel=\"noopener noreferrer\" href=\"https:\/\/www.facebook.com\/waldenstromscanada\"><span class=\"fusion-button-text awb-button__text awb-button__text--default\">Visitez notre groupe Facebook<\/span><\/a><\/div><div class=\"fusion-clearfix\"><\/div><\/div><\/div><div class=\"fusion-layout-column fusion_builder_column fusion-builder-column-1 fusion_builder_column_1_2 1_2 fusion-one-half fusion-column-last fusion-no-small-visibility fusion-no-medium-visibility\" style=\"--awb-bg-image:url(&#039;https:\/\/www.wmfc.ca\/wp-content\/uploads\/2020\/08\/woman-683x1024.jpg&#039;);--awb-bg-size:cover;width:50%;width:calc(50% - ( ( 4% ) * 0.5 ) );\"><div class=\"fusion-column-wrapper fusion-column-has-shadow fusion-flex-column-wrapper-legacy fusion-empty-column-bg-image fusion-column-has-bg-image\" data-bg-url=\"https:\/\/www.wmfc.ca\/wp-content\/uploads\/2020\/08\/woman-683x1024.jpg\"><img decoding=\"async\" class=\"fusion-empty-dims-img-placeholder fusion-no-large-visibility\" src=\"data:image\/gif;base64,R0lGODlhAQABAAAAACH5BAEKAAEALAAAAAABAAEAAAICTAEAOw==\"><div class=\"fusion-clearfix\"><\/div><\/div><\/div><\/div><\/div><div class=\"fusion-fullwidth fullwidth-box fusion-builder-row-2 hundred-percent-fullwidth non-hundred-percent-height-scrolling\" style=\"--awb-border-radius-top-left:0px;--awb-border-radius-top-right:0px;--awb-border-radius-bottom-right:0px;--awb-border-radius-bottom-left:0px;--awb-padding-top:4%;--awb-padding-right:10%;--awb-padding-bottom:4%;--awb-padding-left:10%;--awb-margin-top:0px;--awb-margin-bottom:0px;--awb-background-color:rgba(0,0,0,0.04);--awb-flex-wrap:wrap;\" ><div class=\"fusion-builder-row fusion-row\"><div class=\"fusion-layout-column fusion_builder_column fusion-builder-column-2 fusion_builder_column_1_1 1_1 fusion-one-full fusion-column-first fusion-column-last\" style=\"--awb-padding-bottom:0px;--awb-bg-size:cover;--awb-margin-top:0px;--awb-margin-bottom:0px;\"><div class=\"fusion-column-wrapper fusion-column-has-shadow fusion-flex-column-wrapper-legacy\"><div class=\"fusion-title title fusion-title-2 fusion-sep-none fusion-title-text fusion-title-size-three\" style=\"--awb-margin-top-small:0px;--awb-margin-right-small:0px;--awb-margin-bottom-small:20px;--awb-margin-left-small:0px;\"><h3 class=\"fusion-title-heading title-heading-left fusion-responsive-typography-calculated\" style=\"margin:0;--fontSize:24;--minFontSize:24;line-height:1.4;\">IWMF Connect.<\/h3><\/div><div class=\"fusion-text fusion-text-2\"><p>L'IWMF sponsorise un forum de discussion amical en anglais sur Internet, appel\u00e9\u00a0<strong>IWMF Connect.<\/strong>Vous pouvez y communiquer avec d'autres personnes, partager des exp\u00e9riences et des id\u00e9es, \u00e9changer des informations et obtenir un soutien \u00e9motionnel. Les discussions portent g\u00e9n\u00e9ralement sur le diagnostic de la MW, les traitements, la recherche, les pronostics, les effets secondaires et les pathologies connexes. En outre, d'autres informations importantes sont transmises sur la d\u00e9fense des patients, la sensibilisation des m\u00e9decins, les pr\u00e9occupations des personnes nouvellement diagnostiqu\u00e9es, les informations sur les activit\u00e9s de recherche et d'\u00e9ducation de l'IWMF.<\/p>\n<p>Pour utiliser IWMF Connect, vous pouvez soit visiter la page du groupe de discussion en ligne, soit envoyer un message \u00e9lectronique au groupe.  Une fois le message post\u00e9 ou envoy\u00e9 par courriel, tous les membres du groupe IWMF Connect pourront voir votre message et y r\u00e9pondre. Il y a g\u00e9n\u00e9ralement 20 \u00e0 30 messages par jour. REMARQUE : vous pouvez configurer votre abonnement au groupe de mani\u00e8re \u00e0 \u00eatre inform\u00e9 imm\u00e9diatement de chaque envoi de message ou par ailleurs \u00e0 \u00eatre inform\u00e9 sur une base moins fr\u00e9quente. Les instructions pour ce faire sont fournies via le lien ci-dessous \"Comment g\u00e9rer votre abonnement \u00e0 IWMF Connect\".<\/p>\n<p>Vous pouvez rejoindre IWMF Connect en vous rendant \u00e0 l'adresse suivante\u00a0<a href=\"https:\/\/groups.io\/g\/iwmfconnect\" target=\"_blank\" rel=\"noopener\"><strong>https:\/\/groups.io\/g\/iwmfconnect<\/strong><\/a>\u00a0et en cliquant sur le bouton \"<strong>S'inscrire\"<\/strong> dans le coin sup\u00e9rieur droit.<\/p>\n<\/div><div class=\"fusion-clearfix\"><\/div><\/div><\/div><\/div><\/div><div class=\"fusion-fullwidth fullwidth-box fusion-builder-row-3 hundred-percent-fullwidth non-hundred-percent-height-scrolling fusion-equal-height-columns\" style=\"--awb-border-radius-top-left:0px;--awb-border-radius-top-right:0px;--awb-border-radius-bottom-right:0px;--awb-border-radius-bottom-left:0px;--awb-padding-top:0px;--awb-padding-right:0px;--awb-padding-bottom:0px;--awb-padding-left:0px;--awb-margin-top:2%;--awb-margin-bottom:0px;--awb-flex-wrap:wrap;\" ><div class=\"fusion-builder-row fusion-row\"><div class=\"fusion-layout-column fusion_builder_column fusion-builder-column-3 fusion_builder_column_1_2 1_2 fusion-one-half fusion-column-first fusion-no-small-visibility fusion-no-medium-visibility\" style=\"--awb-bg-image:url(&#039;https:\/\/www.wmfc.ca\/wp-content\/uploads\/2020\/07\/helpdonate.jpg&#039;);--awb-bg-position:center top;--awb-bg-size:cover;--awb-margin-top:0px;--awb-margin-bottom:0px;width:50%;width:calc(50% - ( ( 0 ) * 0.5 ) );margin-right: 0px;\"><div class=\"fusion-column-wrapper fusion-column-has-shadow fusion-flex-column-wrapper-legacy fusion-empty-column-bg-image fusion-column-has-bg-image\" data-bg-url=\"https:\/\/www.wmfc.ca\/wp-content\/uploads\/2020\/07\/helpdonate.jpg\"><img decoding=\"async\" class=\"fusion-empty-dims-img-placeholder fusion-no-large-visibility\" aria-label=\"aide-donation\" src=\"data:image\/svg+xml,%3Csvg%20xmlns%3D%27http%3A%2F%2Fwww.w3.org%2F2000%2Fsvg%27%20width%3D%271044%27%20height%3D%27392%27%20viewBox%3D%270%200%201044%20392%27%3E%3Crect%20width%3D%271044%27%20height%3D%27392%27%20fill-opacity%3D%220%22%2F%3E%3C%2Fsvg%3E\"><div class=\"fusion-clearfix\"><\/div><\/div><\/div><div class=\"fusion-layout-column fusion_builder_column fusion-builder-column-4 fusion_builder_column_1_2 1_2 fusion-one-half fusion-column-last\" style=\"--awb-padding-top:10%;--awb-padding-right:10%;--awb-padding-bottom:10%;--awb-padding-left:10%;--awb-bg-color:#dae3ef;--awb-bg-color-hover:#dae3ef;--awb-bg-size:cover;--awb-margin-top:0px;--awb-margin-bottom:0px;width:50%;width:calc(50% - ( ( 0 ) * 0.5 ) );\"><div class=\"fusion-column-wrapper fusion-column-has-shadow fusion-flex-column-wrapper-legacy\"><div class=\"fusion-column-content-centered\"><div class=\"fusion-column-content\"><div class=\"fusion-title title fusion-title-3 fusion-sep-none fusion-title-center fusion-title-text fusion-title-size-one\" style=\"--awb-margin-bottom:1%;--awb-margin-right-small:0px;--awb-margin-bottom-small:1%;--awb-margin-left-small:0px;\"><h1 class=\"fusion-title-heading title-heading-center fusion-responsive-typography-calculated\" style=\"margin:0;--fontSize:55;line-height:1.15;\">Aider la  Fondation<\/h1><\/div><div class=\"fusion-title title fusion-title-4 fusion-sep-none fusion-title-center fusion-title-text fusion-title-size-three\" style=\"--awb-margin-top-small:0px;--awb-margin-right-small:0px;--awb-margin-bottom-small:20px;--awb-margin-left-small:0px;\"><h3 class=\"fusion-title-heading title-heading-center fusion-responsive-typography-calculated\" style=\"margin:0;--fontSize:24;--minFontSize:24;line-height:1.4;\">Faites un don aujourd'hui!<\/h3><\/div><div class=\"fusion-align-block\"><a class=\"fusion-button button-flat fusion-button-default-size button-custom fusion-button-default button-2 fusion-button-default-span fusion-button-default-type fusion-has-button-gradient\" style=\"--button_accent_color:#ffffff;--button_accent_hover_color:#ffffff;--button_border_hover_color:#ffffff;--button_gradient_top_color:#345f96;--button_gradient_bottom_color:#184e96;--button_gradient_top_color_hover:#184e96;--button_gradient_bottom_color_hover:#184e96;width:calc(100%);\" target=\"_self\" href=\"\/fr\/donate\/faire-un-don\/\"><i class=\"fa-hand-holding-heart fas awb-button__icon awb-button__icon--default button-icon-left\" aria-hidden=\"true\"><\/i><span class=\"fusion-button-text awb-button__text awb-button__text--default\">Faire un don<\/span><\/a><\/div><\/div><\/div><div class=\"fusion-clearfix\"><\/div><\/div><\/div><\/div><\/div>\n<\/p>","protected":false},"excerpt":{"rendered":"","protected":false},"author":2,"featured_media":0,"parent":18,"menu_order":0,"comment_status":"closed","ping_status":"closed","template":"100-width.php","meta":{"_price":"","_stock":"","_tribe_ticket_header":"","_tribe_default_ticket_provider":"","_ticket_start_date":"","_ticket_end_date":"","_tribe_ticket_show_description":"","_tribe_ticket_show_not_going":false,"_tribe_ticket_use_global_stock":"","_tribe_ticket_global_stock_level":"","_global_stock_mode":"","_global_stock_cap":"","_tribe_rsvp_for_event":"","_tribe_ticket_going_count":"","_tribe_ticket_not_going_count":"","_tribe_tickets_list":"[]","_tribe_ticket_has_attendee_info_fields":false,"footnotes":""},"class_list":["post-2344","page","type-page","status-publish","hentry"],"_links":{"self":[{"href":"https:\/\/www.wmfc.ca\/fr\/wp-json\/wp\/v2\/pages\/2344","targetHints":{"allow":["GET"]}}],"collection":[{"href":"https:\/\/www.wmfc.ca\/fr\/wp-json\/wp\/v2\/pages"}],"about":[{"href":"https:\/\/www.wmfc.ca\/fr\/wp-json\/wp\/v2\/types\/page"}],"author":[{"embeddable":true,"href":"https:\/\/www.wmfc.ca\/fr\/wp-json\/wp\/v2\/users\/2"}],"replies":[{"embeddable":true,"href":"https:\/\/www.wmfc.ca\/fr\/wp-json\/wp\/v2\/comments?post=2344"}],"version-history":[{"count":19,"href":"https:\/\/www.wmfc.ca\/fr\/wp-json\/wp\/v2\/pages\/2344\/revisions"}],"predecessor-version":[{"id":4117,"href":"https:\/\/www.wmfc.ca\/fr\/wp-json\/wp\/v2\/pages\/2344\/revisions\/4117"}],"up":[{"embeddable":true,"href":"https:\/\/www.wmfc.ca\/fr\/wp-json\/wp\/v2\/pages\/18"}],"wp:attachment":[{"href":"https:\/\/www.wmfc.ca\/fr\/wp-json\/wp\/v2\/media?parent=2344"}],"curies":[{"name":"wp","href":"https:\/\/api.w.org\/{rel}","templated":true}]}}