{"id":2331,"date":"2020-07-23T19:20:34","date_gmt":"2020-07-23T19:20:34","guid":{"rendered":"https:\/\/www.wmfc.ca\/?page_id=2331"},"modified":"2023-02-05T11:42:16","modified_gmt":"2023-02-05T16:42:16","slug":"ce-que-vous-avez-manque","status":"publish","type":"page","link":"https:\/\/www.wmfc.ca\/fr\/education\/what-have-you-missed-2\/","title":{"rendered":"Qu'auriez-vous peut-\u00eatre rat\u00e9 ? Notre s\u00e9lection de \"One-Liners\" significatifs."},"content":{"rendered":"<p><div class=\"fusion-fullwidth fullwidth-box fusion-builder-row-1 fusion-flex-container nonhundred-percent-fullwidth non-hundred-percent-height-scrolling\" style=\"--awb-border-radius-top-left:0px;--awb-border-radius-top-right:0px;--awb-border-radius-bottom-right:0px;--awb-border-radius-bottom-left:0px;--awb-flex-wrap:wrap;\" ><div class=\"fusion-builder-row fusion-row fusion-flex-align-items-flex-start fusion-flex-content-wrap\" style=\"max-width:1331.2px;margin-left: calc(-4% \/ 2 );margin-right: calc(-4% \/ 2 );\"><div class=\"fusion-layout-column fusion_builder_column fusion-builder-column-0 fusion_builder_column_1_1 1_1 fusion-flex-column\" style=\"--awb-bg-size:cover;--awb-width-large:100%;--awb-margin-top-large:10px;--awb-spacing-right-large:1.92%;--awb-margin-bottom-large:10px;--awb-spacing-left-large:1.92%;--awb-width-medium:100%;--awb-order-medium:0;--awb-spacing-right-medium:1.92%;--awb-spacing-left-medium:1.92%;--awb-width-small:100%;--awb-order-small:0;--awb-spacing-right-small:1.92%;--awb-spacing-left-small:1.92%;\"><div class=\"fusion-column-wrapper fusion-column-has-shadow fusion-flex-justify-content-flex-start fusion-content-layout-column\"><div class=\"fusion-text fusion-text-1\" style=\"--awb-text-transform:none;\"><h4>On our home page, we have a number of what we call &#8220;one-liner&#8217;s&#8221;.\u00a0 Quick news items that often refer to external web pages.<\/h4>\n<h4>In case you missed them, they are collected here.\u00a0 Of course, some of the links may no longer be accessible, or the information may no longer be timely.\u00a0 But for others, the information may always be useful.<\/h4>\n<h4>Use what you can of it!<\/h4>\n<\/div><\/div><\/div><\/div><\/div><div class=\"fusion-fullwidth fullwidth-box fusion-builder-row-2 fusion-flex-container nonhundred-percent-fullwidth non-hundred-percent-height-scrolling\" style=\"--awb-border-radius-top-left:0px;--awb-border-radius-top-right:0px;--awb-border-radius-bottom-right:0px;--awb-border-radius-bottom-left:0px;--awb-flex-wrap:wrap;\" ><div class=\"fusion-builder-row fusion-row fusion-flex-align-items-flex-start fusion-flex-content-wrap\" style=\"max-width:1331.2px;margin-left: calc(-4% \/ 2 );margin-right: calc(-4% \/ 2 );\"><div class=\"fusion-layout-column fusion_builder_column fusion-builder-column-1 fusion_builder_column_1_1 1_1 fusion-flex-column\" style=\"--awb-bg-size:cover;--awb-width-large:100%;--awb-margin-top-large:10px;--awb-spacing-right-large:1.92%;--awb-margin-bottom-large:10px;--awb-spacing-left-large:1.92%;--awb-width-medium:100%;--awb-order-medium:0;--awb-spacing-right-medium:1.92%;--awb-spacing-left-medium:1.92%;--awb-width-small:100%;--awb-order-small:0;--awb-spacing-right-small:1.92%;--awb-spacing-left-small:1.92%;\"><div class=\"fusion-column-wrapper fusion-column-has-shadow fusion-flex-justify-content-flex-start fusion-content-layout-column\">\n<div class=\"table-1\">\n<table width=\"100%\">\n<thead>\n<tr>\n<th align=\"left\">Posted On Date<\/th>\n<th align=\"left\">Removed Date<\/th>\n<th align=\"left\">Content<\/th>\n<\/tr>\n<\/thead>\n<tbody>\n<tr>\n<td align=\"left\">13 May 2021<\/td>\n<td align=\"left\">16 June 2021<\/td>\n<td align=\"left\">Lymphoma Canada webinar on stem-cell transplantation, with an expert: <a href=\"https:\/\/www.lymphoma.ca\/stem-cell-transplantation-for-lymphoma-patients\/\" target=\"_blank\" rel=\"noopener\">https:\/\/www.lymphoma.ca\/stem-cell-transplantation-for-lymphoma-patients\/<\/a><\/td>\n<\/tr>\n<tr>\n<td align=\"left\">13 May 2021<\/td>\n<td align=\"left\">17 June 2021<\/td>\n<td align=\"left\"><a href=\"https:\/\/caregiversns.org\/\" target=\"_blank\" rel=\"noopener\">Caregivers Nova Scotia <\/a>newsletter <em>The Beacon<\/em> is now available: <a href=\"https:\/\/caregiversns.org\/images\/uploads\/all\/Beacon_Newsletter_Spring_2021.pdf\" target=\"_blank\" rel=\"noopener\">https:\/\/caregiversns.org\/images\/uploads\/all\/Beacon_Newsletter_Spring_2021.pdf<\/a><\/td>\n<\/tr>\n<tr>\n<td align=\"left\">13 May 2021<\/td>\n<td align=\"left\">2 July 2021<\/td>\n<td align=\"left\">Lymphoma Canada continues to do an amazing job advocating for Canadian lymphoma patients and families. Please take 10 minutes to complete this survey: <a href=\"https:\/\/www.lymphoma.ca\/covid-19-experience-survey-for-patients-and-caregivers\/\" target=\"_blank\" rel=\"noopener\">https:\/\/www.lymphoma.ca\/covid-19-experience-survey-for-patients-and-caregivers\/<\/a><\/td>\n<\/tr>\n<tr>\n<td align=\"left\">13 May 2021<\/td>\n<td align=\"left\">28 May 2021<\/td>\n<td align=\"left\">Lymphoma Canada advocates for timely second COVID vaccine dose for blood cancer patients and their families: <a href=\"https:\/\/www.lymphoma.ca\/news-events\/news\/covid-19-vaccine-advocacy-efforts\/\" target=\"_blank\" rel=\"noopener\">https:\/\/www.lymphoma.ca\/news-events\/news\/covid-19-vaccine-advocacy-efforts\/<\/a><\/td>\n<\/tr>\n<tr>\n<td align=\"left\">28 May 2021<\/td>\n<td align=\"left\">8 June 2021<\/td>\n<td align=\"left\">From an enthusiastic member: Yesterday Paul Kitchen achieved his goal of walking 300km for WM, for WMFC May Research Month. To date his efforts have brought in more than $22,500 in donations. Bravo, Paul! And thank you! There are four days left in May &#8212; I encourage everyone to thank Paul with an e-hug and\/or a contribution to the cause. Let&#8217;s get him to $25,000! <a href=\"\/make-a-donation\/may-is-research-month\/\">https:\/\/www.wmfc.ca\/make-a-donation\/may-is-research-month\/<\/a><\/td>\n<\/tr>\n<tr>\n<td align=\"left\">16 June 201<\/td>\n<td align=\"left\">22 July 2021<\/td>\n<td align=\"left\">A very brief presentation of the abstracts related to WM from the latest ASH conference is available here: <a href=\"https:\/\/careeducation.ca\/dr-christine-chen-waldenstrom-macroglobulinemia-whu-2021\/\" target=\"_blank\" rel=\"noopener\">https:\/\/careeducation.ca\/dr-christine-chen-waldenstrom-macroglobulinemia-whu-2021\/<\/a>. Designed as continuing education for Canadians already in the medical profession, you may find it a bit terse and technical.<\/td>\n<\/tr>\n<tr>\n<td align=\"left\">25 June 2021<\/td>\n<td align=\"left\">28 July 2021<\/td>\n<td align=\"left\">The <a href=\"https:\/\/lsgo.ca\/index.html\" target=\"_blank\" rel=\"noopener\">Lymphoma Support Group of Ottawa<\/a> had an interesting and useful presentation this spring. The topic was &#8220;Navigating Second Opinions: When and How&#8221;. The slide deck for the presentation (but not, unfortunately, a recording of the presentation, but still useful by themselves with the detail presented in them) <a href=\"https:\/\/lsgo.ca\/presentations\/Navigating_Second_Opinions_May4_2021.pdf\">is available here<\/a>.<\/td>\n<\/tr>\n<tr>\n<td align=\"left\">26 June 2021<\/td>\n<td align=\"left\">28 July 2021<\/td>\n<td align=\"left\">Our newest blog has launched!! See <a href=\"\/education\/wm-in-canada\/\">WM in Canada<\/a> for our first post, and send us your suggestions and comments &#8212; <a href=\"mailto:wm.in.canada@wmfc.ca\">wm.in.Canada<\/a> would love to hear from you!<\/td>\n<\/tr>\n<tr>\n<td align=\"left\">2 July 2021<\/td>\n<td align=\"left\">2 Aug 2021<\/td>\n<td align=\"left\">The NCCN has updated its guidelines for treatment of WM to include Zanubrutinib (Brukinsa) as a &#8220;Preferred Therapy&#8221;. See <a href=\"https:\/\/www.ajmc.com\/view\/nccn-guidelines-add-zanubrutinib-as-preferred-therapy-for-waldenstr-m-macroglobulinemia\" target=\"_blank\" rel=\"noopener\">here<\/a> for a summary of what has changed. And we have information on NCCN, and how to access their guidelines, on <a href=\"\/about-wm\/education-tools\/\" rel=\"noopener\">our page with information on Booklets, Fact Sheets, and Treatment Guides<\/a>.<\/td>\n<\/tr>\n<tr>\n<td align=\"left\">6 July 2021<\/td>\n<td align=\"left\">10 Aug 2021<\/td>\n<td align=\"left\">Nova Scotia will be the first Atlantic province to provide CAR-T therapy to lymphoma patients. Expect to see it available in about six months. See <a href=\"https:\/\/www.cbc.ca\/news\/canada\/nova-scotia\/cancer-lymphoma-treatment-1.6090548\" target=\"_blank\" rel=\"noopener\">https:\/\/www.cbc.ca\/news\/canada\/nova-scotia\/cancer-lymphoma-treatment-1.6090548<\/a>.<\/td>\n<\/tr>\n<tr>\n<td align=\"left\">22 July 2021<\/td>\n<td align=\"left\">27 Oct 2021<\/td>\n<td align=\"left\">The Leukemia and Lymphoma Society (the US part of the organization) has reported data from more than 1,400 blood cancer patients regarding their ability to produce antibodies against Covid-19. The title says it all &#8212; &#8220;Get Vaccinated, Act Unvaccinated&#8221;! See <a href=\"https:\/\/lls.org\/who-we-are\/covid-19-vaccines-faq-patients-and-caregivers\" target=\"_blank\" rel=\"noopener\">https:\/\/lls.org\/who-we-are\/covid-19-vaccines-faq-patients-and-caregivers<\/a> for more information, and in particular, see the last part for excellent FAQs from vaccinated blood cancer patients.<\/td>\n<\/tr>\n<tr>\n<td align=\"left\">28 July 2021<\/td>\n<td align=\"left\">31 Aug 2021<\/td>\n<td align=\"left\">WM patients who have had two or more treatments or are refractory to treatments may be interested in a Canadian CAR-T trial. <a href=\"https:\/\/clinicaltrials.gov\/ct2\/show\/NCT03765177\" target=\"_blank\" rel=\"noopener\">NCT03765177<\/a> is accepting patients at both the Vancouver General Hospital and at The Ottawa Hospital. Contact information is available at the <a href=\"https:\/\/clinicaltrials.gov\/ct2\/show\/NCT03765177\" target=\"_blank\" rel=\"noopener\">ClinicalTrials.gov<\/a> link (scroll down to the &#8220;Contacts and Locations&#8221; heading).\u00a0 [Ed. note: It was later determined that this trial is not accepting WM patients.\u00a0 See our <a href=\"\/2021\/08\/29\/car-t-cell-progress-in-canada\/\">post on CAR T, here<\/a>, for an outlook on this new technology.]<\/td>\n<\/tr>\n<tr>\n<td align=\"left\">28 July 2021<\/td>\n<td align=\"left\"><\/td>\n<td align=\"left\"><a href=\"https:\/\/clinicaltrials.gov\/ct2\/show\/NCT04624906\" target=\"_blank\" rel=\"noopener\">NCT04624906<\/a>, the <strong>only<\/strong> Canadian trial <strong>specifically for WM patients<\/strong>, a.k.a. the <a href=\"\/2021\/06\/15\/brawm-trial\/\">BRAWM <\/a>trial led by <a href=\"\/2021\/02\/06\/national-zoom-new-canada-based-wm-treatment-trial\/\">Dr. Berinstein<\/a>, is now accepting patients not just at Toronto&#8217;s Sunnybrook Health Sciences Centre, but also at the Vancouver General Hospital, the QEII Health Sciences Centre in Halifax, and The Ottawa Hospital.<\/td>\n<\/tr>\n<tr>\n<td align=\"left\">10 Aug 2021<\/td>\n<td align=\"left\">11 Sept 2021<\/td>\n<td align=\"left\">With the support of 22 cancer groups including the WMFC, Lymphoma Canada published a White Paper that calls on the Canadian government and regulatory agency, health and technology assessment agencies, and provincial funding agencies to collaborate and provide solutions to improve access to cancer therapies in Canada.\u00a0 You can <a href=\"https:\/\/www.lymphoma.ca\/resources\/policy\/access-to-cancer-innovative-therapies-in-canada\/\" target=\"_blank\" rel=\"noopener\">read about and download that White Paper here<\/a>.<\/td>\n<\/tr>\n<tr>\n<td align=\"left\">12 Aug 2021<\/td>\n<td align=\"left\">11 Sept 2021<\/td>\n<td align=\"left\">A Canadian-led clinical trial is reporting that an inexpensive anti-depressant curbed the number of COVID-19 patients ending up in hospital by 30 per cent, making it a potential breakthrough treatment.\u00a0 Way to go Canada!!\u00a0 See the article at <a href=\"https:\/\/nationalpost.com\/health\/inexpensive-anti-depressant-could-be-best-covid-treatment-yet-canadian-led-trial-finds\" target=\"_blank\" rel=\"noopener\">https:\/\/nationalpost.com\/health\/inexpensive-anti-depressant-could-be-best-covid-treatment-yet-canadian-led-trial-finds<\/a> (sorry about all the ads in it).<\/td>\n<\/tr>\n<tr>\n<td align=\"left\">11 Sept 2021<\/td>\n<td align=\"left\">8 Oct 2021<\/td>\n<td align=\"left\">Both NACI and Sant\u00e9 Qu\u00e9bec have published statements approving third doses of Covid vaccines for those who are undergoing &#8220;active treatment&#8221;.\u00a0 Depending on on how they define \u201cactive treatment\u201d, this may or may not include those of us with WM, and those of us with WM but on watch-and-wait.\u00a0 You can see the <a href=\"https:\/\/www.canada.ca\/en\/public-health\/services\/immunization\/national-advisory-committee-on-immunization-naci\/summary-september-10-2021-additional-dose-covid-19-vaccine-immunocompromised-following-1-2-dose-series.html\" target=\"_blank\" rel=\"noopener\">official NACI summary here<\/a>, and the <a href=\"https:\/\/www.quebec.ca\/sante\/problemes-de-sante\/a-z\/coronavirus-2019\/deroulement-vaccination-contre-la-covid-19\/dose-additionnelle-vaccin-covid-19\" target=\"_blank\" rel=\"noopener\">Sant\u00e9 Qu\u00e9bec statement here<\/a>.<\/td>\n<\/tr>\n<tr>\n<td align=\"left\">8 Oct 2021<\/td>\n<td align=\"left\">5 Apr 2022<\/td>\n<td align=\"left\"><a href=\"\/2021\/10\/08\/all-canadian-recommendations-for-3rd-covid-vaccines-for-lymphoma-patients\/\">See our post<\/a> (from Lymphoma Canada) providing links to statements from all Canadian provinces and territories on their recommendations for Covid vaccines for Lymphoma patients.\u00a0 Go right to the source for your province \/ territory!<\/td>\n<\/tr>\n<tr>\n<td align=\"left\">27 Oct 2021<\/td>\n<td align=\"left\">21 Dec 2021<\/td>\n<td align=\"left\">Dr. Sophie Lebel, an Ottawa-based clinician and researcher presented an excellent webinar, organized by Lymphoma Canada, entitled Fear of Disease Recurrence and Management Strategies.\u00a0 She reported that 50% of cancer patients and their family caregivers reported fear of recurrence as a significant issue.\u00a0 She and her colleagues have developed a programme called FORT &#8212; Fear of Recurrence Therapy &#8212; to help people develop coping strategies.\u00a0 Her 45-minute presentation and Q&amp;A can be found here: <a href=\"https:\/\/www.lymphoma.ca\/fear-of-recurrence-information-for-lymphoma-patients-and-management-techniques\/\" target=\"_blank\" rel=\"noopener\">https:\/\/www.lymphoma.ca\/fear-of-recurrence-information-for-lymphoma-patients-and-management-techniques\/<\/a><\/td>\n<\/tr>\n<tr>\n<td align=\"left\">4 Nov 2021<\/td>\n<td align=\"left\">5 Dec 2021<\/td>\n<td align=\"left\">The Leukemia and Lymphoma Society of Canada (LLSC) has organized a series of presentations from November 22-26.\u00a0 Topics include sleep, the emotional toll of cancer, sexuality, nutrition and well-being.\u00a0 &#8220;Unexpectedly pausing some of your life goals as you confront a blood cancer diagnosis may cause you a great deal of worry.\u00a0 When you\u2019re in or out of treatment, or navigating a chronic blood cancer, taking care of your health and well-being are especially important.&#8221;\u00a0\u00a0 Go to <a href=\"https:\/\/www.llscanada.org\/events\/living-well-blood-cancer\" target=\"_blank\" rel=\"noopener\">https:\/\/www.llscanada.org\/events\/living-well-blood-cancer<\/a> and click on the individual title to register for a particular talk.<\/td>\n<\/tr>\n<tr>\n<td align=\"left\">9 Nov 2021<\/td>\n<td align=\"left\">11 Feb 2022<\/td>\n<td align=\"left\">As we reported in <a href=\"\/2021\/08\/29\/car-t-cell-progress-in-canada\/\">our earlier post here<\/a>, Canadian efforts in CAR-T therapy are progressing.\u00a0 Although it is not WM directly, here&#8217;s a report of one of about 20 Canadians to have undergone the procedure so far: <a href=\"https:\/\/www.ctvnews.ca\/health\/car-t-cell-therapy-canadian-patient-in-landmark-trial-shares-his-story-1.5656172\" target=\"_blank\" rel=\"noopener\">https:\/\/www.ctvnews.ca\/health\/car-t-cell-therapy-canadian-patient-in-landmark-trial-shares-his-story-1.5656172<\/a>.<\/td>\n<\/tr>\n<tr>\n<td align=\"left\">21 Dec 2021<\/td>\n<td align=\"left\"><\/td>\n<td align=\"left\">Wise advice for many of us in the WM community who are immunocompromised: <a href=\"https:\/\/www.cbc.ca\/news\/canada\/new-brunswick\/masks-covid-epidemiologist-fisman-1.6290760\" target=\"_blank\" rel=\"noopener\">it&#8217;s time to move to a better mask<\/a>.\u00a0 N95&#8217;s may be somewhat uncomfortable, but that snug fit gives some amount of confidence that one is better protected.<\/td>\n<\/tr>\n<tr>\n<td align=\"left\">11 Feb 2022<\/td>\n<td align=\"left\">5 Apr 2022<\/td>\n<td align=\"left\">Lymphoma Canada is promoting the every-two-year survey being run by the Lymphoma Coalition.\u00a0 The goal is to understand the patient and caregiver experience as well as uncover trends, themes, and geographic variation; specifically, this year, to explore how patients and caregivers participate in care. \u00a0 For more information, and to take the survey, <a href=\"https:\/\/uwaterloo.ca1.qualtrics.com\/jfe\/form\/SV_001yUHNQPaWjoG2\" target=\"_blank\" rel=\"noopener\">click here<\/a>.<\/td>\n<\/tr>\n<tr>\n<td align=\"left\">23 Feb 2022<\/td>\n<td align=\"left\"><\/td>\n<td align=\"left\">An important new trial <strong>including relapsed and refractory WM patients<\/strong> is now available in Canada.\u00a0 <a href=\"\/2022\/02\/23\/another-clinical-trial-available-in-canada-nemtabrutinib\/\">See our post<\/a> for more information.<\/td>\n<\/tr>\n<tr>\n<td align=\"left\">18 May 2022<\/td>\n<td align=\"left\">24 July 2022<\/td>\n<td align=\"left\">Caregivers Nova Scotia is holding free workshops for caregivers in June, on the topic of Caregiver Stress Management.\u00a0 See their event calendar <a href=\"https:\/\/caregiversns.org\/events\/\" target=\"_blank\" rel=\"noopener\">here<\/a> for dates and more information.<\/td>\n<\/tr>\n<\/tbody>\n<\/table>\n<\/div>\n<\/div><\/div><\/div><\/div><div class=\"fusion-fullwidth fullwidth-box fusion-builder-row-3 nonhundred-percent-fullwidth non-hundred-percent-height-scrolling\" style=\"--awb-background-position:left top;--awb-border-sizes-top:0px;--awb-border-sizes-bottom:0px;--awb-border-sizes-left:0px;--awb-border-sizes-right:0px;--awb-border-radius-top-left:0px;--awb-border-radius-top-right:0px;--awb-border-radius-bottom-right:0px;--awb-border-radius-bottom-left:0px;--awb-padding-top:0px;--awb-padding-right:5%;--awb-padding-bottom:0px;--awb-padding-left:5%;--awb-margin-top:0px;--awb-margin-bottom:0px;--awb-background-color:#333c4e;--awb-flex-wrap:wrap;\" ><div class=\"fusion-builder-row fusion-row\"><div class=\"fusion-layout-column fusion_builder_column fusion-builder-column-2 fusion_builder_column_1_1 1_1 fusion-one-full fusion-column-first fusion-column-last fusion-column-no-min-height\" style=\"--awb-padding-top:0px;--awb-padding-right:0px;--awb-padding-bottom:0px;--awb-padding-left:0px;--awb-bg-size:cover;--awb-margin-top:0px;--awb-margin-bottom:3%;\"><div class=\"fusion-column-wrapper fusion-column-has-shadow fusion-flex-column-wrapper-legacy\"><div class=\"fusion-text fusion-text-2\"><h3 style=\"text-align: center; font-size: 30px; color: #ffffff;\">Join the WMFC and stay in the loop!<\/h3>\n<\/div><div class=\"fusion-sep-clear\"><\/div><div class=\"fusion-separator fusion-full-width-sep\" style=\"margin-left: auto;margin-right: auto;margin-top:-25px;width:100%;\"><\/div><div class=\"fusion-sep-clear\"><\/div><div class=\"fusion-text fusion-text-3 white-text\"><p style=\"text-align: center; font-size: 20px;\">Get the latest news, events and membership information via email.<\/p>\n<\/div><div class=\"fusion-sep-clear\"><\/div><div class=\"fusion-separator fusion-full-width-sep\" style=\"margin-left: auto;margin-right: auto;margin-top:15px;width:100%;\"><\/div><div class=\"fusion-sep-clear\"><\/div><div class=\"fusion-aligncenter\"><a class=\"fusion-button button-flat button-large button-default fusion-button-default button-1 fusion-button-span-no fusion-button-default-type\" target=\"_self\" href=\"\/membership\/\"><span class=\"fusion-button-text awb-button__text awb-button__text--default\">Join WMFC<\/span><\/a><\/div><div class=\"fusion-clearfix\"><\/div><\/div><\/div><\/div><\/div>\n<\/p>\n","protected":false},"excerpt":{"rendered":"","protected":false},"author":2,"featured_media":0,"parent":2,"menu_order":0,"comment_status":"closed","ping_status":"closed","template":"100-width.php","meta":{"_price":"","_stock":"","_tribe_ticket_header":"","_tribe_default_ticket_provider":"","_ticket_start_date":"","_ticket_end_date":"","_tribe_ticket_show_description":"","_tribe_ticket_show_not_going":false,"_tribe_ticket_use_global_stock":"","_tribe_ticket_global_stock_level":"","_global_stock_mode":"","_global_stock_cap":"","_tribe_rsvp_for_event":"","_tribe_ticket_going_count":"","_tribe_ticket_not_going_count":"","_tribe_tickets_list":"[]","_tribe_ticket_has_attendee_info_fields":false,"footnotes":""},"class_list":["post-2331","page","type-page","status-publish","hentry"],"_links":{"self":[{"href":"https:\/\/www.wmfc.ca\/fr\/wp-json\/wp\/v2\/pages\/2331","targetHints":{"allow":["GET"]}}],"collection":[{"href":"https:\/\/www.wmfc.ca\/fr\/wp-json\/wp\/v2\/pages"}],"about":[{"href":"https:\/\/www.wmfc.ca\/fr\/wp-json\/wp\/v2\/types\/page"}],"author":[{"embeddable":true,"href":"https:\/\/www.wmfc.ca\/fr\/wp-json\/wp\/v2\/users\/2"}],"replies":[{"embeddable":true,"href":"https:\/\/www.wmfc.ca\/fr\/wp-json\/wp\/v2\/comments?post=2331"}],"version-history":[{"count":8,"href":"https:\/\/www.wmfc.ca\/fr\/wp-json\/wp\/v2\/pages\/2331\/revisions"}],"predecessor-version":[{"id":5561,"href":"https:\/\/www.wmfc.ca\/fr\/wp-json\/wp\/v2\/pages\/2331\/revisions\/5561"}],"up":[{"embeddable":true,"href":"https:\/\/www.wmfc.ca\/fr\/wp-json\/wp\/v2\/pages\/2"}],"wp:attachment":[{"href":"https:\/\/www.wmfc.ca\/fr\/wp-json\/wp\/v2\/media?parent=2331"}],"curies":[{"name":"wp","href":"https:\/\/api.w.org\/{rel}","templated":true}]}}