{"id":2272,"date":"2020-07-15T19:01:06","date_gmt":"2020-07-15T19:01:06","guid":{"rendered":"https:\/\/www.wmfc.ca\/?page_id=2272"},"modified":"2026-03-24T16:08:22","modified_gmt":"2026-03-24T20:08:22","slug":"que-sont-les-groupes-de-soutien","status":"publish","type":"page","link":"https:\/\/www.wmfc.ca\/fr\/support\/what-are-support-groups\/","title":{"rendered":"Qu'est-ce qu'un groupe de soutien ?"},"content":{"rendered":"<p><div class=\"fusion-fullwidth fullwidth-box fusion-builder-row-1 nonhundred-percent-fullwidth non-hundred-percent-height-scrolling\" style=\"--awb-background-position:left top;--awb-border-sizes-top:0px;--awb-border-sizes-bottom:0px;--awb-border-sizes-left:0px;--awb-border-sizes-right:0px;--awb-border-radius-top-left:0px;--awb-border-radius-top-right:0px;--awb-border-radius-bottom-right:0px;--awb-border-radius-bottom-left:0px;--awb-padding-top:0px;--awb-padding-right:10%;--awb-padding-bottom:0px;--awb-padding-left:10%;--awb-margin-top:0px;--awb-margin-bottom:0px;--awb-flex-wrap:wrap;\" ><div class=\"fusion-builder-row fusion-row\"><div class=\"fusion-layout-column fusion_builder_column fusion-builder-column-0 fusion_builder_column_1_6 1_6 fusion-one-sixth fusion-column-first fusion-no-small-visibility\" style=\"--awb-bg-blend:overlay;--awb-bg-size:cover;width:13.3333%; margin-right: 4%;\"><div class=\"fusion-column-wrapper fusion-flex-column-wrapper-legacy\"><div class=\"fusion-clearfix\"><\/div><\/div><\/div><div class=\"fusion-layout-column fusion_builder_column fusion-builder-column-1 fusion_builder_column_2_3 2_3 fusion-two-third\" style=\"--awb-padding-top:0px;--awb-padding-right:0px;--awb-padding-bottom:0px;--awb-padding-left:0px;--awb-bg-size:cover;--awb-margin-top:0px;--awb-margin-bottom:0px;width:65.3333%; margin-right: 4%;\"><div class=\"fusion-column-wrapper fusion-column-has-shadow fusion-flex-column-wrapper-legacy\"><div class=\"fusion-fa-align-center\"><i class=\"fb-icon-element-1 fb-icon-element fontawesome-icon fa-users fas circle-no fusion-animated\" style=\"--awb-iconcolor:#345f96;--awb-iconcolor-hover:#345f96;--awb-font-size:90px;--awb-margin-bottom:2%;\" data-animationtype=\"fadeInUp\" data-animationduration=\"1.0\" data-animationoffset=\"top-into-view\"><\/i><\/div><div class=\"fusion-title title fusion-title-1 fusion-sep-none fusion-title-center fusion-title-text fusion-title-size-two\" style=\"--awb-margin-top-small:0px;--awb-margin-right-small:0px;--awb-margin-bottom-small:20px;--awb-margin-left-small:0px;\"><h2 class=\"fusion-title-heading title-heading-center fusion-responsive-typography-calculated\" style=\"margin:0;--fontSize:34;line-height:1.47;\"><p style=\"text-align: center;\">Qu'est-ce qu'un groupe de soutien ?<\/p><\/h2><\/div><div class=\"fusion-sep-clear\"><\/div><div class=\"fusion-separator\" style=\"margin-left: auto;margin-right: auto;margin-top:10px;margin-bottom:30px;width:100%;max-width:170px;\"><div class=\"fusion-separator-border sep-single sep-solid\" style=\"--awb-height:20px;--awb-amount:20px;--awb-sep-color:#cacaca;border-color:#cacaca;border-top-width:1px;\"><\/div><\/div><div class=\"fusion-sep-clear\"><\/div><div class=\"fusion-text fusion-text-1\"><p style=\"text-align: left;\">Un diagnostic de MW, un type de cancer rare, peut susciter de la peur, de l'anxi\u00e9t\u00e9 ou de l'incertitude. Avoir un cancer rare peut vous donner l'impression d'\u00eatre isol\u00e9, mais sachez que vous ne l'\u00eates pas !<strong>\u00a0<\/strong><\/p>\n<p style=\"text-align: left;\"><strong><em>Faites alors  appel \u00e0 d'autres personnes impliqu\u00e9es avec la MW pour obtenir du soutien<\/em><\/strong>. Les groupes de soutien de la WMFC sont l'endroit id\u00e9al pour parler avec d'autres personnes touch\u00e9es par la MW, y compris des patients, des membres de la famille ou des soignants. Les groupes apportent un soutien mutuel et offrent la possibilit\u00e9 de discuter de vos pr\u00e9occupations et de partager les exp\u00e9riences des uns et des autres. Les groupes de soutien, anim\u00e9s par des b\u00e9n\u00e9voles dans tout le Canada, permettent aux patients et aux aidants de se rencontrer en personne ou virtuellement (via Zoom), d'\u00e9couter des conf\u00e9renciers invit\u00e9s, de partager des informations pertinentes, de cr\u00e9er des liens durables et des connexions avec la communaut\u00e9 locale de la MW.<\/p>\n<p style=\"text-align: left;\">Vous pouvez rejoindre un groupe de soutien existant en contactant le responsable du groupe dans votre r\u00e9gion (voir la liste ci-dessous). S'il n'y a pas de groupe de soutien dans votre r\u00e9gion, vous pouvez participer \u00e0 une r\u00e9union virtuelle r\u00e9gionale.<\/p>\n<p style=\"text-align: left;\"><strong>\u00a0<\/strong><\/p>\n<\/div><div class=\"fusion-clearfix\"><\/div><\/div><\/div><div class=\"fusion-layout-column fusion_builder_column fusion-builder-column-2 fusion_builder_column_1_6 1_6 fusion-one-sixth fusion-column-last fusion-no-small-visibility\" style=\"--awb-bg-blend:overlay;--awb-bg-size:cover;width:13.3333%;\"><div class=\"fusion-column-wrapper fusion-flex-column-wrapper-legacy\"><div class=\"fusion-clearfix\"><\/div><\/div><\/div><\/div><\/div><div id=\"application\" class=\"fusion-container-anchor\"><div class=\"fusion-fullwidth fullwidth-box fusion-builder-row-2 nonhundred-percent-fullwidth non-hundred-percent-height-scrolling\" style=\"--awb-background-position:left top;--awb-border-sizes-top:0px;--awb-border-sizes-bottom:0px;--awb-border-sizes-left:0px;--awb-border-sizes-right:0px;--awb-border-color:#f5f5f5;--awb-border-radius-top-left:0px;--awb-border-radius-top-right:0px;--awb-border-radius-bottom-right:0px;--awb-border-radius-bottom-left:0px;--awb-padding-top:4%;--awb-padding-right:10%;--awb-padding-bottom:0px;--awb-padding-left:10%;--awb-background-color:rgba(49,91,149,0.06);--awb-flex-wrap:wrap;\" ><div class=\"fusion-builder-row fusion-row\"><div class=\"fusion-layout-column fusion_builder_column fusion-builder-column-3 fusion_builder_column_1_6 1_6 fusion-one-sixth fusion-column-first fusion-no-small-visibility\" style=\"--awb-bg-blend:overlay;--awb-bg-size:cover;width:13.3333%; margin-right: 4%;\"><div class=\"fusion-column-wrapper fusion-flex-column-wrapper-legacy\"><div class=\"fusion-clearfix\"><\/div><\/div><\/div><div class=\"fusion-layout-column fusion_builder_column fusion-builder-column-4 fusion_builder_column_2_3 2_3 fusion-two-third\" style=\"--awb-bg-blend:overlay;--awb-bg-size:cover;--awb-margin-bottom:0px;width:65.3333%; margin-right: 4%;\"><div class=\"fusion-column-wrapper fusion-flex-column-wrapper-legacy\"><div class=\"fusion-title title fusion-title-2 fusion-sep-none fusion-title-center fusion-title-text fusion-title-size-two\" style=\"--awb-margin-top-small:0px;--awb-margin-right-small:0px;--awb-margin-bottom-small:20px;--awb-margin-left-small:0px;\"><h2 class=\"fusion-title-heading title-heading-center fusion-responsive-typography-calculated\" style=\"margin:0;--fontSize:34;line-height:1.47;\"><p style=\"text-align: center;\">Nos groupes de soutien<\/p><\/h2><\/div><div class=\"fusion-text fusion-text-2\"><p style=\"text-align: left;\">Afin de tenir compte de la dispersion g\u00e9ographique de nos membres \u00e0 travers le Canada et de leur \u00e9tat d'immunod\u00e9ficience fr\u00e9quent, de nombreuses r\u00e9unions du groupe de soutien WM se tiennent sur Zoom.<\/p>\n<p style=\"text-align: left;\">Des r\u00e9unions occasionnelles en personne, des repas-partage ou des caf\u00e9s-rencontres locaux peuvent \u00e9galement \u00eatre organis\u00e9s.  Adressez-vous \u00e0 votre responsable de groupe de soutien pour savoir ce qui se passe dans votre groupe de soutien !<\/p>\n<\/div><div class=\"fusion-sep-clear\"><\/div><div class=\"fusion-separator\" style=\"margin-left: auto;margin-right: auto;margin-top:10px;margin-bottom:30px;width:100%;max-width:170px;\"><div class=\"fusion-separator-border sep-single sep-solid\" style=\"--awb-height:20px;--awb-amount:20px;--awb-sep-color:#cacaca;border-color:#cacaca;border-top-width:1px;\"><\/div><\/div><div class=\"fusion-sep-clear\"><\/div><div class=\"fusion-text fusion-text-3\"><p style=\"text-align: center; font-size: 20px;\"><strong>Liste des groupes de soutien (avec leurs coordonn\u00e9es)<\/strong><\/p>\n<\/div><div class=\"fusion-clearfix\"><\/div><\/div><\/div><div class=\"fusion-layout-column fusion_builder_column fusion-builder-column-5 fusion_builder_column_1_6 1_6 fusion-one-sixth fusion-column-last fusion-no-small-visibility\" style=\"--awb-bg-blend:overlay;--awb-bg-size:cover;width:13.3333%;\"><div class=\"fusion-column-wrapper fusion-flex-column-wrapper-legacy\"><div class=\"fusion-clearfix\"><\/div><\/div><\/div><\/div><\/div><\/div><div class=\"fusion-fullwidth fullwidth-box fusion-builder-row-3 nonhundred-percent-fullwidth non-hundred-percent-height-scrolling\" style=\"--awb-border-radius-top-left:0px;--awb-border-radius-top-right:0px;--awb-border-radius-bottom-right:0px;--awb-border-radius-bottom-left:0px;--awb-padding-top:0px;--awb-padding-right:10%;--awb-padding-bottom:6%;--awb-padding-left:10%;--awb-margin-top:0px;--awb-margin-bottom:0px;--awb-background-color:rgba(49,91,149,0.06);--awb-flex-wrap:wrap;\" ><div class=\"fusion-builder-row fusion-row\"><div class=\"fusion-layout-column fusion_builder_column fusion-builder-column-6 fusion_builder_column_1_2 1_2 fusion-one-half fusion-column-first\" style=\"--awb-bg-size:cover;width:50%;width:calc(50% - ( ( 4% ) * 0.5 ) );margin-right: 4%;\"><div class=\"fusion-column-wrapper fusion-column-has-shadow fusion-flex-column-wrapper-legacy\"><div class=\"fusion-title title fusion-title-3 fusion-sep-none fusion-title-center fusion-title-text fusion-title-size-four\" style=\"--awb-margin-bottom:0px;--awb-margin-right-small:0px;--awb-margin-bottom-small:0px;--awb-margin-left-small:0px;\"><h4 class=\"fusion-title-heading title-heading-center fusion-responsive-typography-calculated\" style=\"margin:0;--fontSize:20;--minFontSize:20;line-height:1.67;\">Canada atlantique<\/h4><\/div><div class=\"fusion-text fusion-text-4\"><p style=\"text-align: center;\">Gail Ferguson - <a href=\"mailto:gailggferguson@gmail.com\" target=\"_blank\" rel=\"noopener\">gailggferguson@gmail.com<\/a><br \/>\nRon Ternoway - <a href=\"mailto:rternoway@eastlink.ca\" target=\"_blank\" rel=\"noopener\">rternoway@eastlink.ca<\/a><\/p>\n<\/div><div class=\"fusion-title title fusion-title-4 fusion-sep-none fusion-title-center fusion-title-text fusion-title-size-four\" style=\"--awb-margin-bottom:0px;--awb-margin-right-small:0px;--awb-margin-bottom-small:0px;--awb-margin-left-small:0px;\"><h4 class=\"fusion-title-heading title-heading-center fusion-responsive-typography-calculated\" style=\"margin:0;--fontSize:20;--minFontSize:20;line-height:1.67;\">Groupe de Soutien Francophone (Qu\u00e9bec)<\/h4><\/div><div class=\"fusion-text fusion-text-5\"><p style=\"text-align: center;\">Toutes les r\u00e9unions se d\u00e9roulent en fran\u00e7ais<br \/>\nPaul Cadrin - <a href=\"mailto:paulcadrin@hotmail.com\">paulcadrin@hotmail.com<\/a><br \/>\nDanielle Gagnon - <a href=\"mailto:danielle@odessacanada.com\">danielle@odessacanada.com<\/a><\/p>\n<\/div><div class=\"fusion-title title fusion-title-5 fusion-sep-none fusion-title-center fusion-title-text fusion-title-size-four\" style=\"--awb-margin-bottom:0px;--awb-margin-right-small:0px;--awb-margin-bottom-small:0px;--awb-margin-left-small:0px;\"><h4 class=\"fusion-title-heading title-heading-center fusion-responsive-typography-calculated\" style=\"margin:0;--fontSize:20;--minFontSize:20;line-height:1.67;\">Canadian Shield<\/h4><\/div><div class=\"fusion-text fusion-text-6\"><p style=\"text-align: center;\">(Eastern Ontario roughly to Lake Simcoe, plus all of Northern Ontario)<br \/>\nDianne Soutif - <a href=\"mailto:chuilabas@gmail.com\">chuilabas@gmail.com<\/a><\/p>\n<\/div><div class=\"fusion-title title fusion-title-6 fusion-sep-none fusion-title-center fusion-title-text fusion-title-size-four\" style=\"--awb-margin-bottom:0px;--awb-margin-right-small:0px;--awb-margin-bottom-small:0px;--awb-margin-left-small:0px;\"><h4 class=\"fusion-title-heading title-heading-center fusion-responsive-typography-calculated\" style=\"margin:0;--fontSize:20;--minFontSize:20;line-height:1.67;\">Metropolitan Toronto<\/h4><\/div><div class=\"fusion-text fusion-text-7\"><p style=\"text-align: center;\">(Roughly Mississauga to Oshawa)<br \/>\nRaffaela Mercurio - <a href=\"mailto:raffaela.mercurio@wmfc.ca\">(raffaela.mercurio@wmfc.ca<\/a><br \/>\nGloria McNeill - <a href=\"mailto:gloria.mcneill@wmfc.ca\">gloria.mcneill@wmfc.ca<\/a><\/p>\n<\/div><div class=\"fusion-title title fusion-title-7 fusion-sep-none fusion-title-center fusion-title-text fusion-title-size-four\" style=\"--awb-margin-bottom:0px;--awb-margin-right-small:0px;--awb-margin-bottom-small:0px;--awb-margin-left-small:0px;\"><h4 class=\"fusion-title-heading title-heading-center fusion-responsive-typography-calculated\" style=\"margin:0;--fontSize:20;--minFontSize:20;line-height:1.67;\">South-western Ontario<\/h4><\/div><div class=\"fusion-text fusion-text-8\" style=\"--awb-text-transform:none;\"><p style=\"text-align: center;\">(Roughly Barrie to Windsor)<br \/>\n(formerly Oakville \/ Niagara Falls)<br \/>\nLisa Dickie - <a href=\"mailto:lisa.dickie3@gmail.com\">lisa.dickie3@gmail.com<\/a><br \/>\nGillian Burman - <a href=\"mailto:Gburman@outlook.com\">Gburman@outlook.com<\/a><\/p>\n<\/div><div class=\"fusion-clearfix\"><\/div><\/div><\/div><div class=\"fusion-layout-column fusion_builder_column fusion-builder-column-7 fusion_builder_column_1_2 1_2 fusion-one-half fusion-column-last\" style=\"--awb-bg-size:cover;width:50%;width:calc(50% - ( ( 4% ) * 0.5 ) );\"><div class=\"fusion-column-wrapper fusion-column-has-shadow fusion-flex-column-wrapper-legacy\"><div class=\"fusion-title title fusion-title-8 fusion-sep-none fusion-title-center fusion-title-text fusion-title-size-four\" style=\"--awb-margin-bottom:0px;--awb-margin-right-small:0px;--awb-margin-bottom-small:0px;--awb-margin-left-small:0px;\"><h4 class=\"fusion-title-heading title-heading-center fusion-responsive-typography-calculated\" style=\"margin:0;--fontSize:20;--minFontSize:20;line-height:1.67;\">Manitoba et Saskatchewan<\/h4><\/div><div class=\"fusion-text fusion-text-9\"><p style=\"text-align: center;\">Tracey Berg - <a href=\"mailto:tmsdfber@gmail.com\" target=\"_blank\" rel=\"noopener\">tmsafber@gmail.com<\/a><br \/>\nCam Symons - <a href=\"mailto:cameroncsymons@gmail.com\">cameroncsymons@gmail.com<\/a><\/p>\n<\/div><div class=\"fusion-title title fusion-title-9 fusion-sep-none fusion-title-center fusion-title-text fusion-title-size-four\" style=\"--awb-margin-bottom:0px;--awb-margin-right-small:0px;--awb-margin-bottom-small:0px;--awb-margin-left-small:0px;\"><h4 class=\"fusion-title-heading title-heading-center fusion-responsive-typography-calculated\" style=\"margin:0;--fontSize:20;--minFontSize:20;line-height:1.67;\">Alberta<\/h4><\/div><div class=\"fusion-text fusion-text-10\"><p style=\"text-align: center;\">Dennis Foth - <a href=\"mailto:dfoth@ualberta.ca\">dfoth@ualberta.ca<\/a><br \/>\nVal Roeder - <a href=\"mailto:visitwithval@gmail.com\">visitwithval@gmail.com<\/a><\/p>\n<\/div><div class=\"fusion-title title fusion-title-10 fusion-sep-none fusion-title-center fusion-title-text fusion-title-size-four\" style=\"--awb-margin-bottom:0px;--awb-margin-right-small:0px;--awb-margin-bottom-small:0px;--awb-margin-left-small:0px;\"><h4 class=\"fusion-title-heading title-heading-center fusion-responsive-typography-calculated\" style=\"margin:0;--fontSize:20;--minFontSize:20;line-height:1.67;\">Colombie-Britannique<\/h4><\/div><div class=\"fusion-text fusion-text-11\"><p style=\"text-align: center;\">Brenda - <a href=\"mailto:bcwallies@gmail.com\">bcwallies@gmail.com<\/a><br \/>\nCatherine Schindell - <a href=\"mailto:kitschindell@gmail.com\">kitschindell@gmail.com<\/a><\/p>\n<\/div><div class=\"fusion-title title fusion-title-11 fusion-sep-none fusion-title-center fusion-title-text fusion-title-size-four\" style=\"--awb-margin-bottom:0px;--awb-margin-right-small:0px;--awb-margin-bottom-small:0px;--awb-margin-left-small:0px;\"><h4 class=\"fusion-title-heading title-heading-center fusion-responsive-typography-calculated\" style=\"margin:0;--fontSize:20;--minFontSize:20;line-height:1.67;\">\u00cele de Vancouver<\/h4><\/div><div class=\"fusion-text fusion-text-12\"><p style=\"text-align: center;\">Dennis Kornaga - <a href=\"mailto:denco@shaw.ca\">denco@shaw.ca<\/a><\/p>\n<\/div><div class=\"fusion-title title fusion-title-12 fusion-sep-none fusion-title-center fusion-title-text fusion-title-size-four\" style=\"--awb-margin-bottom:0px;--awb-margin-right-small:0px;--awb-margin-bottom-small:0px;--awb-margin-left-small:0px;\"><h4 class=\"fusion-title-heading title-heading-center fusion-responsive-typography-calculated\" style=\"margin:0;--fontSize:20;--minFontSize:20;line-height:1.67;\">Groupe national de soutien \u00e0 Zoom<\/h4><\/div><div class=\"fusion-text fusion-text-13\"><p style=\"text-align: center;\">Raffaela Mercurio - <a href=\"mailto:raffaela.mercurio@wmfc.ca\" target=\"_blank\" rel=\"noopener\">(raffaela.mercurio@wmfc.ca<\/a><\/p>\n<\/div><div class=\"fusion-clearfix\"><\/div><\/div><\/div><\/div><\/div><div id=\"form\" class=\"fusion-container-anchor\"><div class=\"fusion-fullwidth fullwidth-box fusion-builder-row-4 nonhundred-percent-fullwidth non-hundred-percent-height-scrolling\" style=\"--awb-border-radius-top-left:0px;--awb-border-radius-top-right:0px;--awb-border-radius-bottom-right:0px;--awb-border-radius-bottom-left:0px;--awb-padding-top:4%;--awb-padding-right:10%;--awb-padding-bottom:4%;--awb-padding-left:10%;--awb-background-color:#333c4e;--awb-flex-wrap:wrap;\" ><div class=\"fusion-builder-row fusion-row\"><div class=\"fusion-layout-column fusion_builder_column fusion-builder-column-8 fusion_builder_column_1_1 1_1 fusion-one-full fusion-column-first fusion-column-last\" style=\"--awb-bg-size:cover;\"><div class=\"fusion-column-wrapper fusion-column-has-shadow fusion-flex-column-wrapper-legacy\"><div class=\"fusion-title title fusion-title-13 fusion-sep-none fusion-title-center fusion-title-text fusion-title-size-two\" style=\"--awb-text-color:#ffffff;--awb-margin-top-small:0px;--awb-margin-right-small:0px;--awb-margin-bottom-small:20px;--awb-margin-left-small:0px;\"><h2 class=\"fusion-title-heading title-heading-center fusion-responsive-typography-calculated\" style=\"margin:0;--fontSize:34;line-height:1.47;\">Prochaines r\u00e9unions du groupe de soutien<\/h2><\/div><div class=\"fusion-events-shortcode fusion-events-shortcode-1\" style=\"margin-left: -20px;margin-right: -20px;\"><div class=\"fusion-events-wrapper\" data-pages=\"4\"><div class=\"fusion-events-post fusion-spacing-no fusion-one-fourth fusion-layout-column\" style=\"padding:20px\"><div class=\"fusion-column-wrapper\"><div class=\"fusion-events-thumbnail hover-type-none\"><a href=\"https:\/\/www.wmfc.ca\/fr\/event\/our-next-metropolitan-toronto-support-group-in-person-coffee-club-meeting\/\" class=\"url\" rel=\"bookmark\" aria-label=\"Our next Metropolitan Toronto Support Group in-person Coffee Club meeting\"><span class=\"tribe-events-event-image\" style=\"background-image: url(https:\/\/www.wmfc.ca\/wp-content\/uploads\/2026\/04\/Groupe-de-soutien-Waldenstrom-de-Toronto.png); -webkit-background-size: cover; background-size: cover; background-position: center center;\"><\/span><\/a><\/div><div class=\"fusion-events-content-wrapper\" style=\"padding:20px 20px 20px 20px;\"><div class=\"fusion-events-meta\"><h2><a href=\"https:\/\/www.wmfc.ca\/fr\/event\/our-next-metropolitan-toronto-support-group-in-person-coffee-club-meeting\/\" class=\"url\" rel=\"bookmark\">Our next Metropolitan Toronto Support Group in-person Coffee Club meeting<\/a><\/h2><h4><span class=\"tribe-event-date-start\">avril 27 @ 10:00 am<\/span> - <span class=\"tribe-event-time\">13h00<\/span> <span class='timezone'> EDT <\/span><\/h4><\/div><\/div><\/div><\/div><div class=\"fusion-events-post fusion-spacing-no fusion-one-fourth fusion-layout-column\" style=\"padding:20px\"><div class=\"fusion-column-wrapper\"><div class=\"fusion-events-thumbnail hover-type-none\"><a href=\"https:\/\/www.wmfc.ca\/fr\/event\/meeting-zoom-du-groupe-de-support-du-quebec\/\" class=\"url\" rel=\"bookmark\" aria-label=\"Meeting Zoom du groupe de support du Qu\u00e9bec\"><span class=\"tribe-events-event-image\" style=\"background-image: url(https:\/\/www.wmfc.ca\/wp-content\/uploads\/2026\/03\/GSQuebec.png); -webkit-background-size: cover; background-size: cover; background-position: center center;\"><\/span><\/a><\/div><div class=\"fusion-events-content-wrapper\" style=\"padding:20px 20px 20px 20px;\"><div class=\"fusion-events-meta\"><h2><a href=\"https:\/\/www.wmfc.ca\/fr\/event\/meeting-zoom-du-groupe-de-support-du-quebec\/\" class=\"url\" rel=\"bookmark\">Meeting Zoom du groupe de support du Qu\u00e9bec<\/a><\/h2><h4><span class=\"tribe-event-date-start\">mai 12 @ 7:00 pm<\/span> - <span class=\"tribe-event-time\">20 h 30<\/span> <span class='timezone'> EDT <\/span><\/h4><\/div><\/div><\/div><\/div><div class=\"fusion-events-post fusion-spacing-no fusion-one-fourth fusion-layout-column\" style=\"padding:20px\"><div class=\"fusion-column-wrapper\"><div class=\"fusion-events-thumbnail hover-type-none\"><a href=\"https:\/\/www.wmfc.ca\/fr\/event\/canadian-shield-support-group-zoom-meeting\/\" class=\"url\" rel=\"bookmark\" aria-label=\"&#8220;Canadian Shield&#8221; Support Group Zoom Meeting\"><span class=\"tribe-events-event-image\" style=\"background-image: url(https:\/\/www.wmfc.ca\/wp-content\/uploads\/2026\/03\/Canadian-Shield-Zoom-Meeting.png); -webkit-background-size: cover; background-size: cover; background-position: center center;\"><\/span><\/a><\/div><div class=\"fusion-events-content-wrapper\" style=\"padding:20px 20px 20px 20px;\"><div class=\"fusion-events-meta\"><h2><a href=\"https:\/\/www.wmfc.ca\/fr\/event\/canadian-shield-support-group-zoom-meeting\/\" class=\"url\" rel=\"bookmark\">&#8220;Canadian Shield&#8221; Support Group Zoom Meeting<\/a><\/h2><h4><span class=\"tribe-event-date-start\">mai 13 @ 4:00 pm<\/span> - <span class=\"tribe-event-time\">5:30 pm<\/span> <span class='timezone'> EDT <\/span><\/h4><\/div><\/div><\/div><\/div><div class=\"fusion-events-post fusion-spacing-no fusion-one-fourth fusion-layout-column fusion-column-last\" style=\"padding:20px\"><div class=\"fusion-column-wrapper\"><div class=\"fusion-events-thumbnail hover-type-none\"><a href=\"https:\/\/www.wmfc.ca\/fr\/event\/bc-wallies-support-group-meeting-2025\/2026-05-20\/\" class=\"url\" rel=\"bookmark\" aria-label=\"BC Wallies &#8211; Support Group Meeting 2026\"><span class=\"tribe-events-event-image\" style=\"background-image: url(https:\/\/www.wmfc.ca\/wp-content\/uploads\/2020\/06\/wmfc.jpg); -webkit-background-size: cover; background-size: cover; background-position: center center;\"><\/span><\/a><\/div><div class=\"fusion-events-content-wrapper\" style=\"padding:20px 20px 20px 20px;\"><div class=\"fusion-events-meta\"><h2><a href=\"https:\/\/www.wmfc.ca\/fr\/event\/bc-wallies-support-group-meeting-2025\/2026-05-20\/\" class=\"url\" rel=\"bookmark\">BC Wallies &#8211; Support Group Meeting 2026<\/a><\/h2><h4><span class=\"tribe-event-date-start\">mai 20 @ 7:00 pm<\/span> - <span class=\"tribe-event-time\">20 h 30<\/span> <span class='timezone'> PST <\/span><\/h4><\/div><\/div><\/div><\/div><div class=\"fusion-clearfix\"><\/div><div class=\"fusion-clearfix\"><\/div><\/div><\/div><div class=\"fusion-align-block\"><a class=\"fusion-button button-flat fusion-button-default-size button-default fusion-button-default button-1 fusion-button-default-span fusion-button-default-type\" style=\"width:calc(100%);\" target=\"_self\" href=\"\/events\/\"><span class=\"fusion-button-text awb-button__text awb-button__text--default\">Voir plus d'\u00e9v\u00e9nements<\/span><\/a><\/div><div class=\"fusion-clearfix\"><\/div><\/div><\/div><\/div><\/div><\/div><\/p>","protected":false},"excerpt":{"rendered":"","protected":false},"author":2,"featured_media":0,"parent":18,"menu_order":0,"comment_status":"closed","ping_status":"closed","template":"100-width.php","meta":{"_price":"","_stock":"","_tribe_ticket_header":"","_tribe_default_ticket_provider":"","_ticket_start_date":"","_ticket_end_date":"","_tribe_ticket_show_description":"","_tribe_ticket_show_not_going":false,"_tribe_ticket_use_global_stock":"","_tribe_ticket_global_stock_level":"","_global_stock_mode":"","_global_stock_cap":"","_tribe_rsvp_for_event":"","_tribe_ticket_going_count":"","_tribe_ticket_not_going_count":"","_tribe_tickets_list":"[]","_tribe_ticket_has_attendee_info_fields":false,"footnotes":""},"class_list":["post-2272","page","type-page","status-publish","hentry","cat_event","cat_support-group"],"_links":{"self":[{"href":"https:\/\/www.wmfc.ca\/fr\/wp-json\/wp\/v2\/pages\/2272","targetHints":{"allow":["GET"]}}],"collection":[{"href":"https:\/\/www.wmfc.ca\/fr\/wp-json\/wp\/v2\/pages"}],"about":[{"href":"https:\/\/www.wmfc.ca\/fr\/wp-json\/wp\/v2\/types\/page"}],"author":[{"embeddable":true,"href":"https:\/\/www.wmfc.ca\/fr\/wp-json\/wp\/v2\/users\/2"}],"replies":[{"embeddable":true,"href":"https:\/\/www.wmfc.ca\/fr\/wp-json\/wp\/v2\/comments?post=2272"}],"version-history":[{"count":9,"href":"https:\/\/www.wmfc.ca\/fr\/wp-json\/wp\/v2\/pages\/2272\/revisions"}],"predecessor-version":[{"id":7330,"href":"https:\/\/www.wmfc.ca\/fr\/wp-json\/wp\/v2\/pages\/2272\/revisions\/7330"}],"up":[{"embeddable":true,"href":"https:\/\/www.wmfc.ca\/fr\/wp-json\/wp\/v2\/pages\/18"}],"wp:attachment":[{"href":"https:\/\/www.wmfc.ca\/fr\/wp-json\/wp\/v2\/media?parent=2272"}],"curies":[{"name":"wp","href":"https:\/\/api.w.org\/{rel}","templated":true}]}}