{"id":2261,"date":"2020-07-09T23:56:04","date_gmt":"2020-07-09T23:56:04","guid":{"rendered":"https:\/\/www.wmfc.ca\/?page_id=2261"},"modified":"2021-01-29T16:36:09","modified_gmt":"2021-01-29T21:36:09","slug":"la-torche","status":"publish","type":"page","link":"https:\/\/www.wmfc.ca\/fr\/about-wm\/the-torch\/","title":{"rendered":"Magazine trimestriel \"The Torch\" de l'IWMF  (en anglais)"},"content":{"rendered":"<p><div class=\"fusion-fullwidth fullwidth-box fusion-builder-row-1 nonhundred-percent-fullwidth non-hundred-percent-height-scrolling fusion-equal-height-columns\" style=\"--awb-background-position:left top;--awb-border-sizes-top:0px;--awb-border-sizes-bottom:0px;--awb-border-sizes-left:0px;--awb-border-sizes-right:0px;--awb-border-radius-top-left:0px;--awb-border-radius-top-right:0px;--awb-border-radius-bottom-right:0px;--awb-border-radius-bottom-left:0px;--awb-padding-top:3%;--awb-padding-right:5%;--awb-padding-bottom:3%;--awb-padding-left:5%;--awb-margin-top:0px;--awb-margin-bottom:0%;--awb-background-color:#faf9f8;--awb-flex-wrap:wrap;\" ><div class=\"fusion-builder-row fusion-row\"><div class=\"fusion-layout-column fusion_builder_column fusion-builder-column-0 fusion_builder_column_1_2 1_2 fusion-one-half fusion-column-first\" style=\"--awb-padding-top:5%;--awb-padding-right:2%;--awb-padding-bottom:2%;--awb-padding-left:0px;--awb-bg-size:cover;--awb-margin-top:0px;--awb-margin-bottom:0px;width:48%; margin-right: 4%;\"><div class=\"fusion-column-wrapper fusion-column-has-shadow fusion-flex-column-wrapper-legacy\"><div class=\"fusion-title title fusion-title-1 fusion-sep-none fusion-title-text fusion-title-size-two\" style=\"--awb-margin-top-small:0px;--awb-margin-right-small:0px;--awb-margin-bottom-small:20px;--awb-margin-left-small:0px;\"><h2 class=\"fusion-title-heading title-heading-left fusion-responsive-typography-calculated\" style=\"margin:0;--fontSize:34;line-height:1.47;\">Magazine trimestriel \"The Torch\" de l'IWMF  (en anglais)<\/h2><\/div><div class=\"fusion-text fusion-text-1\"><p>Le magazine \"The Torch\"  (traduction libre: Le Flambeau) est un magazine gratuit publi\u00e9 tous les trimestres qui pr\u00e9sente les derni\u00e8res informations et nouvelles sur l'\u00e9ducation, les activit\u00e9s de recherche et les traitements de la MW. Chaque num\u00e9ro vous tient au courant des progr\u00e8s r\u00e9alis\u00e9s dans la lutte contre la MW.<\/p>\n<p>La fa\u00e7on la plus simple de recevoir \"The Torch\"  est de rejoindre l'IWMF en cliquant sur le lien suivant <a href=\"https:\/\/iwmf.com\/join-the-iwmf\/\" target=\"_blank\" rel=\"noopener\">ici<\/a> et en remplissant le formulaire d'adh\u00e9sion auquel la page fait r\u00e9f\u00e9rence. Vous recevrez alors gratuitement une version \u00e9lectronique  trimestrielle du Flambeau , directement sur votre ordinateur via courriel. En adh\u00e9rant \u00e0 l'IWMF, vous recevrez aussi un courriel occasionnel concernant les activit\u00e9s de cette organisation.<\/p>\n<\/div><div class=\"fusion-text fusion-text-2\"><p>Ou, si vous pr\u00e9f\u00e9rez, cliquez sur <a href=\"https:\/\/www.iwmf.com\/about-us\/contact-us\" target=\"_blank\" rel=\"noopener\">ici<\/a>et envoyer \u00e0 l'IWMF un message demandant \u00e0 recevoir une version \u00e9lectronique du magazine.<\/p>\n<p>Vous pouvez \u00e9galement  t\u00e9l\u00e9charger les num\u00e9ros pr\u00e9alablement publi\u00e9s en suivant ce lien <a href=\"https:\/\/www.iwmf.com\/library\/iwmf-torch\" target=\"_blank\" rel=\"noopener\">ici<\/a>.<\/p>\n<\/div><div class=\"fusion-text fusion-text-3\"><p>En outre, les articles d\u00e9sign\u00e9s par les r\u00e9dacteurs comme \u00e9tant les meilleurs et les plus utiles de \"The Torch\" peuvent \u00eatre trouv\u00e9s ici : <a href=\"https:\/\/iwmf.com\/best-of-the-iwmf-torch\/\" target=\"_blank\" rel=\"noopener\">ici<\/a>.<\/p>\n<\/div><div class=\"fusion-align-block\"><a class=\"fusion-button button-flat fusion-button-default-size button-default fusion-button-default button-1 fusion-button-default-span fusion-button-default-type\" style=\"width:calc(100%);\" target=\"_blank\" rel=\"noopener noreferrer\" title=\"Site web de l&#039;IWMF\" aria-label=\"Site web de l&#039;IWMF\" href=\"https:\/\/interland3.donorperfect.net\/weblink\/weblink.aspx?name=E189844&amp;id=19\"><span class=\"fusion-button-text awb-button__text awb-button__text--default\">Formulaire d'adh\u00e9sion \u00e0 l'IWMF<\/span><\/a><\/div><div class=\"fusion-sep-clear\"><\/div><div class=\"fusion-separator fusion-full-width-sep\" style=\"margin-left: auto;margin-right: auto;margin-top:2%;margin-bottom:2%;width:100%;\"><\/div><div class=\"fusion-sep-clear\"><\/div><div class=\"fusion-align-block\"><a class=\"fusion-button button-flat fusion-button-default-size button-default fusion-button-default button-2 fusion-button-default-span fusion-button-default-type\" style=\"width:calc(100%);\" target=\"_blank\" rel=\"noopener noreferrer\" title=\"Site web de l&#039;IWMF\" aria-label=\"Site web de l&#039;IWMF\" href=\"https:\/\/www.iwmf.com\/library\/iwmf-torch\"><span class=\"fusion-button-text awb-button__text awb-button__text--default\">T\u00e9l\u00e9charger les num\u00e9ros pr\u00e9alablement publi\u00e9s de \"The Torch\"<\/span><\/a><\/div><div class=\"fusion-sep-clear\"><\/div><div class=\"fusion-separator fusion-full-width-sep\" style=\"margin-left: auto;margin-right: auto;margin-top:2%;margin-bottom:2%;width:100%;\"><\/div><div class=\"fusion-sep-clear\"><\/div><div class=\"fusion-align-block\"><a class=\"fusion-button button-flat fusion-button-default-size button-default fusion-button-default button-3 fusion-button-default-span fusion-button-default-type\" style=\"width:calc(100%);\" target=\"_blank\" rel=\"noopener noreferrer\" href=\"https:\/\/iwmf.com\/best-of-the-iwmf-torch\/\"><span class=\"fusion-button-text awb-button__text awb-button__text--default\">Le meilleur de \"The Torch\"<\/span><\/a><\/div><div class=\"fusion-clearfix\"><\/div><\/div><\/div><div class=\"fusion-layout-column fusion_builder_column fusion-builder-column-1 fusion_builder_column_1_2 1_2 fusion-one-half fusion-column-last\" style=\"--awb-padding-top:2%;--awb-padding-right:10%;--awb-padding-bottom:5%;--awb-padding-left:10%;--awb-bg-color:#dae3ef;--awb-bg-color-hover:#dae3ef;--awb-bg-size:cover;--awb-margin-top:0px;--awb-margin-bottom:0px;width:48%;\"><div class=\"fusion-column-wrapper fusion-column-has-shadow fusion-flex-column-wrapper-legacy\"><div class=\"fusion-column-content-centered\"><div class=\"fusion-column-content\"><div class=\"fusion-image-element in-legacy-container\" style=\"--awb-caption-title-font-family:var(--h2_typography-font-family);--awb-caption-title-font-weight:var(--h2_typography-font-weight);--awb-caption-title-font-style:var(--h2_typography-font-style);--awb-caption-title-size:var(--h2_typography-font-size);--awb-caption-title-transform:var(--h2_typography-text-transform);--awb-caption-title-line-height:var(--h2_typography-line-height);--awb-caption-title-letter-spacing:var(--h2_typography-letter-spacing);\"><span class=\"fusion-imageframe imageframe-none imageframe-1 hover-type-none\"><img decoding=\"async\" width=\"1024\" height=\"705\" title=\"don-graphique\" src=\"https:\/\/www.wmfc.ca\/wp-content\/uploads\/2020\/07\/donate-graphic-1024x705.jpg\" alt class=\"img-responsive wp-image-2225\" srcset=\"https:\/\/www.wmfc.ca\/wp-content\/uploads\/2020\/07\/donate-graphic-200x138.jpg 200w, https:\/\/www.wmfc.ca\/wp-content\/uploads\/2020\/07\/donate-graphic-400x275.jpg 400w, https:\/\/www.wmfc.ca\/wp-content\/uploads\/2020\/07\/donate-graphic-600x413.jpg 600w, https:\/\/www.wmfc.ca\/wp-content\/uploads\/2020\/07\/donate-graphic-800x551.jpg 800w, https:\/\/www.wmfc.ca\/wp-content\/uploads\/2020\/07\/donate-graphic.jpg 1044w\" sizes=\"(max-width: 1000px) 100vw, 600px\" \/><\/span><\/div><div class=\"fusion-title title fusion-title-2 fusion-sep-none fusion-title-center fusion-title-text fusion-title-size-one\" style=\"--awb-margin-bottom:1%;--awb-margin-right-small:0px;--awb-margin-bottom-small:1%;--awb-margin-left-small:0px;\"><h1 class=\"fusion-title-heading title-heading-center fusion-responsive-typography-calculated\" style=\"margin:0;--fontSize:55;line-height:1.15;\">Aider la  Fondation<\/h1><\/div><div class=\"fusion-title title fusion-title-3 fusion-sep-none fusion-title-center fusion-title-text fusion-title-size-three\" style=\"--awb-margin-top-small:0px;--awb-margin-right-small:0px;--awb-margin-bottom-small:20px;--awb-margin-left-small:0px;\"><h3 class=\"fusion-title-heading title-heading-center fusion-responsive-typography-calculated\" style=\"margin:0;--fontSize:24;--minFontSize:24;line-height:1.4;\">Faites un don aujourd'hui!<\/h3><\/div><div class=\"fusion-align-block\"><a class=\"fusion-button button-flat fusion-button-default-size button-custom fusion-button-default button-4 fusion-button-default-span fusion-button-default-type fusion-has-button-gradient\" style=\"--button_accent_color:#ffffff;--button_accent_hover_color:#ffffff;--button_border_hover_color:#ffffff;--button_gradient_top_color:#345f96;--button_gradient_bottom_color:#184e96;--button_gradient_top_color_hover:#184e96;--button_gradient_bottom_color_hover:#184e96;width:calc(100%);\" target=\"_self\" href=\"\/fr\/faire-un-don\/\"><i class=\"fa-hand-holding-heart fas awb-button__icon awb-button__icon--default button-icon-left\" aria-hidden=\"true\"><\/i><span class=\"fusion-button-text awb-button__text awb-button__text--default\">Faire un don<\/span><\/a><\/div><\/div><\/div><div class=\"fusion-clearfix\"><\/div><\/div><\/div><\/div><\/div><div class=\"fusion-fullwidth fullwidth-box fusion-builder-row-2 nonhundred-percent-fullwidth non-hundred-percent-height-scrolling\" style=\"--awb-background-position:left top;--awb-border-sizes-top:0px;--awb-border-sizes-bottom:0px;--awb-border-sizes-left:0px;--awb-border-sizes-right:0px;--awb-border-radius-top-left:0px;--awb-border-radius-top-right:0px;--awb-border-radius-bottom-right:0px;--awb-border-radius-bottom-left:0px;--awb-padding-top:0px;--awb-padding-right:5%;--awb-padding-bottom:0px;--awb-padding-left:5%;--awb-margin-top:0px;--awb-margin-bottom:0px;--awb-background-color:#333c4e;--awb-flex-wrap:wrap;\" ><div class=\"fusion-builder-row fusion-row\"><div class=\"fusion-layout-column fusion_builder_column fusion-builder-column-2 fusion_builder_column_1_1 1_1 fusion-one-full fusion-column-first fusion-column-last fusion-column-no-min-height\" style=\"--awb-padding-top:0px;--awb-padding-right:0px;--awb-padding-bottom:0px;--awb-padding-left:0px;--awb-bg-size:cover;--awb-margin-top:0px;--awb-margin-bottom:3%;\"><div class=\"fusion-column-wrapper fusion-column-has-shadow fusion-flex-column-wrapper-legacy\"><div class=\"fusion-text fusion-text-4\"><h3 style=\"text-align: center; font-size: 30px; color: #ffffff;\">Joignez-vous \u00e0 la Fondation et restez dans le coup !<\/h3>\n<\/div><div class=\"fusion-sep-clear\"><\/div><div class=\"fusion-separator fusion-full-width-sep\" style=\"margin-left: auto;margin-right: auto;margin-top:-25px;width:100%;\"><\/div><div class=\"fusion-sep-clear\"><\/div><div class=\"fusion-text fusion-text-5 white-text\"><p style=\"text-align: center; font-size: 20px;\">Recevez les derni\u00e8res nouvelles, les \u00e9v\u00e9nements et les informations pour le membership  par courrier \u00e9lectronique.<\/p>\n<\/div><div class=\"fusion-sep-clear\"><\/div><div class=\"fusion-separator fusion-full-width-sep\" style=\"margin-left: auto;margin-right: auto;margin-top:15px;width:100%;\"><\/div><div class=\"fusion-sep-clear\"><\/div><div class=\"fusion-aligncenter\"><a class=\"fusion-button button-flat button-large button-default fusion-button-default button-5 fusion-button-span-no fusion-button-default-type\" target=\"_self\" href=\"\/fr\/adhesion\/\"><span class=\"fusion-button-text awb-button__text awb-button__text--default\">Adh\u00e9rer \u00e0 la Fondation Canadienne<\/span><\/a><\/div><div class=\"fusion-clearfix\"><\/div><\/div><\/div><\/div><\/div>\n<\/p>","protected":false},"excerpt":{"rendered":"","protected":false},"author":2,"featured_media":0,"parent":1935,"menu_order":0,"comment_status":"closed","ping_status":"closed","template":"100-width.php","meta":{"_price":"","_stock":"","_tribe_ticket_header":"","_tribe_default_ticket_provider":"","_ticket_start_date":"","_ticket_end_date":"","_tribe_ticket_show_description":"","_tribe_ticket_show_not_going":false,"_tribe_ticket_use_global_stock":"","_tribe_ticket_global_stock_level":"","_global_stock_mode":"","_global_stock_cap":"","_tribe_rsvp_for_event":"","_tribe_ticket_going_count":"","_tribe_ticket_not_going_count":"","_tribe_tickets_list":"[]","_tribe_ticket_has_attendee_info_fields":false,"footnotes":""},"class_list":["post-2261","page","type-page","status-publish","hentry"],"_links":{"self":[{"href":"https:\/\/www.wmfc.ca\/fr\/wp-json\/wp\/v2\/pages\/2261","targetHints":{"allow":["GET"]}}],"collection":[{"href":"https:\/\/www.wmfc.ca\/fr\/wp-json\/wp\/v2\/pages"}],"about":[{"href":"https:\/\/www.wmfc.ca\/fr\/wp-json\/wp\/v2\/types\/page"}],"author":[{"embeddable":true,"href":"https:\/\/www.wmfc.ca\/fr\/wp-json\/wp\/v2\/users\/2"}],"replies":[{"embeddable":true,"href":"https:\/\/www.wmfc.ca\/fr\/wp-json\/wp\/v2\/comments?post=2261"}],"version-history":[{"count":15,"href":"https:\/\/www.wmfc.ca\/fr\/wp-json\/wp\/v2\/pages\/2261\/revisions"}],"predecessor-version":[{"id":3729,"href":"https:\/\/www.wmfc.ca\/fr\/wp-json\/wp\/v2\/pages\/2261\/revisions\/3729"}],"up":[{"embeddable":true,"href":"https:\/\/www.wmfc.ca\/fr\/wp-json\/wp\/v2\/pages\/1935"}],"wp:attachment":[{"href":"https:\/\/www.wmfc.ca\/fr\/wp-json\/wp\/v2\/media?parent=2261"}],"curies":[{"name":"wp","href":"https:\/\/api.w.org\/{rel}","templated":true}]}}