{"id":2235,"date":"2020-07-09T22:03:25","date_gmt":"2020-07-09T22:03:25","guid":{"rendered":"https:\/\/www.wmfc.ca\/?page_id=2235"},"modified":"2023-10-02T11:54:40","modified_gmt":"2023-10-02T15:54:40","slug":"outils-deducation","status":"publish","type":"page","link":"https:\/\/www.wmfc.ca\/fr\/about-wm\/education-tools\/","title":{"rendered":"Brochures \u00e9ducatives, fiches descriptives et guides des options de traitement"},"content":{"rendered":"<p><div class=\"fusion-fullwidth fullwidth-box fusion-builder-row-1 hundred-percent-fullwidth non-hundred-percent-height-scrolling\" style=\"--awb-background-position:left top;--awb-border-sizes-top:0px;--awb-border-sizes-bottom:0px;--awb-border-sizes-left:0px;--awb-border-sizes-right:0px;--awb-border-radius-top-left:0px;--awb-border-radius-top-right:0px;--awb-border-radius-bottom-right:0px;--awb-border-radius-bottom-left:0px;--awb-padding-top:0px;--awb-padding-right:10%;--awb-padding-bottom:0%;--awb-padding-left:10%;--awb-margin-top:0px;--awb-margin-bottom:0px;--awb-flex-wrap:wrap;\" ><div class=\"fusion-builder-row fusion-row\"><div class=\"fusion-layout-column fusion_builder_column fusion-builder-column-0 fusion_builder_column_2_5 2_5 fusion-two-fifth fusion-column-first\" style=\"--awb-padding-top:0px;--awb-padding-right:0px;--awb-padding-bottom:0px;--awb-padding-left:0px;--awb-bg-size:cover;--awb-margin-top:0px;--awb-margin-bottom:0px;width:37.6%; margin-right: 4%;\"><div class=\"fusion-column-wrapper fusion-column-has-shadow fusion-flex-column-wrapper-legacy\"><div class=\"fusion-title title fusion-title-1 fusion-sep-none fusion-title-text fusion-title-size-four\" style=\"--awb-margin-bottom:2%;--awb-margin-top-small:9%;--awb-margin-right-small:0px;--awb-margin-bottom-small:3%;--awb-margin-left-small:0px;\"><h4 class=\"fusion-title-heading title-heading-left fusion-responsive-typography-calculated\" style=\"margin:0;--fontSize:20;--minFontSize:20;line-height:1.67;\">Notre Fondation  est une organisation b\u00e9n\u00e9vole \u00e0 but non lucratif, affili\u00e9e \u00e0 la Fondation internationale de la macroglobulin\u00e9mie de Waldenstrom (IWMF, acronyme anglais).<\/h4><\/div><div class=\"fusion-text fusion-text-1\"><p style=\"text-align: left;\">Nous appr\u00e9cions la volont\u00e9 de l'IWMF de partager tant de choses avec nous. Les b\u00e9n\u00e9voles de l'IWMF, les b\u00e9n\u00e9voles des affili\u00e9s de l'IWMF et les chercheurs de la MM \u00e9laborent de nombreuses publications de qualit\u00e9.<\/p>\n<p style=\"text-align: left;\">Nous esp\u00e9rons que ces publications fourniront aux patients nouvellement diagnostiqu\u00e9s et aussi aux patients de plus longue date, ainsi qu'aux soignants, des informations actualis\u00e9es \u00e0 propos de la MW et sur la fa\u00e7on de la traiter. La plupart de ces documents sont disponibles en anglais et en fran\u00e7ais, ainsi que parfois dans d'autres langues.<\/p>\n<p style=\"text-align: left;\">L'IWMF a \u00e9galement cr\u00e9\u00e9 un dossier d'information complet (\u00ab\u00a0Info Pak\u00a0\u00bb) pour les personnes nouvellement diagnostiqu\u00e9es, qui est \u00e9galement disponible sur son site Internet.<\/p>\n<\/div><div class=\"fusion-clearfix\"><\/div><\/div><\/div><div class=\"fusion-layout-column fusion_builder_column fusion-builder-column-1 fusion_builder_column_3_5 3_5 fusion-three-fifth fusion-column-last\" style=\"--awb-padding-top:10%;--awb-padding-right:10%;--awb-padding-bottom:10%;--awb-padding-left:10%;--awb-bg-color:rgba(49,91,149,0.06);--awb-bg-color-hover:rgba(49,91,149,0.06);--awb-bg-size:cover;--awb-box-shadow:0px 0px 6px -3px ;;--awb-border-color:#345f96;--awb-border-top:0;--awb-border-right:0;--awb-border-bottom:0;--awb-border-left:0;--awb-border-style:solid;--awb-margin-top:0px;--awb-margin-bottom:0px;width:58.4%;\"><div class=\"fusion-column-wrapper fusion-column-has-shadow fusion-flex-column-wrapper-legacy\"><div class=\"fusion-title title fusion-title-2 fusion-sep-none fusion-title-center fusion-title-text fusion-title-size-two\" style=\"--awb-text-color:#345f96;--awb-margin-bottom:2%;--awb-margin-right-small:0px;--awb-margin-bottom-small:2%;--awb-margin-left-small:0px;\"><h2 class=\"fusion-title-heading title-heading-center fusion-responsive-typography-calculated\" style=\"margin:0;--fontSize:34;line-height:1.47;\"><p style=\"text-align: center;\">Mat\u00e9riel \u00e9ducatif de l'IWMF :<\/p><\/h2><\/div><div class=\"fusion-sep-clear\"><\/div><div class=\"fusion-separator fusion-full-width-sep\" style=\"margin-left: auto;margin-right: auto;margin-bottom:5%;width:100%;\"><div class=\"fusion-separator-border sep-single sep-solid\" style=\"--awb-height:20px;--awb-amount:20px;--awb-sep-color:#345f96;border-color:#345f96;border-top-width:1px;\"><\/div><\/div><div class=\"fusion-sep-clear\"><\/div><div class=\"fusion-title title fusion-title-3 fusion-sep-none fusion-title-center fusion-title-text fusion-title-size-four\" style=\"--awb-text-color:#345f96;--awb-margin-top:2%;--awb-margin-bottom:2%;--awb-margin-top-small:2%;--awb-margin-right-small:0px;--awb-margin-bottom-small:2%;--awb-margin-left-small:0px;\"><h4 class=\"fusion-title-heading title-heading-center fusion-responsive-typography-calculated\" style=\"margin:0;--fontSize:20;--minFontSize:20;line-height:1.67;\"><p style=\"text-align: center;\">Fiches descriptives<\/p><\/h4><\/div><div class=\"fusion-text fusion-text-2\"><p style=\"text-align: center;\">Pr\u00e9sentation sommaire des m\u00e9dicaments les plus courants actuellement administr\u00e9s pour la MW et <span style=\"font-weight: 400;\">d'information sur la MW, ses traitements courants et aussi sur des  sujets connexes.<\/span><\/p>\n<\/div><div class=\"fusion-sep-clear\"><\/div><div class=\"fusion-separator fusion-full-width-sep\" style=\"margin-left: auto;margin-right: auto;margin-bottom:5%;width:100%;\"><div class=\"fusion-separator-border sep-single sep-solid\" style=\"--awb-height:20px;--awb-amount:20px;--awb-sep-color:#345f96;border-color:#345f96;border-top-width:1px;\"><\/div><\/div><div class=\"fusion-sep-clear\"><\/div><div class=\"fusion-title title fusion-title-4 fusion-sep-none fusion-title-center fusion-title-text fusion-title-size-four\" style=\"--awb-text-color:#345f96;--awb-margin-top:2%;--awb-margin-bottom:2%;--awb-margin-top-small:2%;--awb-margin-right-small:0px;--awb-margin-bottom-small:2%;--awb-margin-left-small:0px;\"><h4 class=\"fusion-title-heading title-heading-center fusion-responsive-typography-calculated\" style=\"margin:0;--fontSize:20;--minFontSize:20;line-height:1.67;\"><p style=\"text-align: center;\">Guides des options de traitement<\/p><\/h4><\/div><div class=\"fusion-text fusion-text-3\"><p style=\"text-align: center;\">Des brochures d\u00e9crivant en d\u00e9tail les traitements les plus courants.<\/p>\n<\/div><div class=\"fusion-sep-clear\"><\/div><div class=\"fusion-separator fusion-full-width-sep\" style=\"margin-left: auto;margin-right: auto;margin-bottom:5%;width:100%;\"><div class=\"fusion-separator-border sep-single sep-solid\" style=\"--awb-height:20px;--awb-amount:20px;--awb-sep-color:#345f96;border-color:#345f96;border-top-width:1px;\"><\/div><\/div><div class=\"fusion-sep-clear\"><\/div><div class=\"fusion-title title fusion-title-5 fusion-sep-none fusion-title-center fusion-title-text fusion-title-size-four\" style=\"--awb-text-color:#345f96;--awb-margin-top:2%;--awb-margin-bottom:2%;--awb-margin-top-small:2%;--awb-margin-right-small:0px;--awb-margin-bottom-small:2%;--awb-margin-left-small:0px;\"><h4 class=\"fusion-title-heading title-heading-center fusion-responsive-typography-calculated\" style=\"margin:0;--fontSize:20;--minFontSize:20;line-height:1.67;\"><p style=\"text-align: center;\">Brochures<\/p><\/h4><\/div><div class=\"fusion-text fusion-text-4\"><p style=\"text-align: center;\">Sur l'immunologie de base, un glossaire des termes, les questions les plus fr\u00e9quemment pos\u00e9es, les tests m\u00e9dicaux, et bien d'autres  choses encore.<\/p>\n<\/div><div class=\"fusion-align-block\"><a class=\"fusion-button button-flat fusion-button-default-size button-default fusion-button-default button-1 fusion-button-default-span fusion-button-default-type\" style=\"width:calc(100%);\" target=\"_blank\" rel=\"noopener noreferrer\" href=\"https:\/\/www.iwmf.com\/library\/iwmf-and-affiliate-publications\"><span class=\"fusion-button-text awb-button__text awb-button__text--default\">Acc\u00e9dez ici \u00e0 tous ces documents IWMF<\/span><\/a><\/div><div class=\"fusion-clearfix\"><\/div><\/div><\/div><\/div><\/div><div class=\"fusion-fullwidth fullwidth-box fusion-builder-row-2 fusion-flex-container has-pattern-background has-mask-background nonhundred-percent-fullwidth non-hundred-percent-height-scrolling\" style=\"--awb-border-radius-top-left:0px;--awb-border-radius-top-right:0px;--awb-border-radius-bottom-right:0px;--awb-border-radius-bottom-left:0px;--awb-flex-wrap:wrap;\" ><div class=\"fusion-builder-row fusion-row fusion-flex-align-items-flex-start fusion-flex-content-wrap\" style=\"max-width:1331.2px;margin-left: calc(-4% \/ 2 );margin-right: calc(-4% \/ 2 );\"><div class=\"fusion-layout-column fusion_builder_column fusion-builder-column-2 fusion_builder_column_2_5 2_5 fusion-flex-column\" style=\"--awb-bg-size:cover;--awb-width-large:40%;--awb-margin-top-large:10px;--awb-spacing-right-large:4.8%;--awb-margin-bottom-large:10px;--awb-spacing-left-large:4.8%;--awb-width-medium:100%;--awb-order-medium:0;--awb-spacing-right-medium:1.92%;--awb-spacing-left-medium:1.92%;--awb-width-small:100%;--awb-order-small:0;--awb-spacing-right-small:1.92%;--awb-spacing-left-small:1.92%;\"><div class=\"fusion-column-wrapper fusion-column-has-shadow fusion-flex-justify-content-flex-start fusion-content-layout-column\"><div class=\"fusion-title title fusion-title-6 fusion-sep-none fusion-title-text fusion-title-size-two\" style=\"--awb-margin-bottom:2%;--awb-margin-top-small:9%;--awb-margin-right-small:0px;--awb-margin-bottom-small:3%;--awb-margin-left-small:0px;\"><h2 class=\"fusion-title-heading title-heading-left fusion-responsive-typography-calculated\" style=\"margin:0;--fontSize:34;line-height:1.47;\">Lignes directrices du NCCN<\/h2><\/div><\/div><\/div><div class=\"fusion-layout-column fusion_builder_column fusion-builder-column-3 fusion_builder_column_3_5 3_5 fusion-flex-column\" style=\"--awb-bg-size:cover;--awb-width-large:60%;--awb-margin-top-large:10px;--awb-spacing-right-large:3.2%;--awb-margin-bottom-large:10px;--awb-spacing-left-large:3.2%;--awb-width-medium:100%;--awb-order-medium:0;--awb-spacing-right-medium:1.92%;--awb-spacing-left-medium:1.92%;--awb-width-small:100%;--awb-order-small:0;--awb-spacing-right-small:1.92%;--awb-spacing-left-small:1.92%;\"><div class=\"fusion-column-wrapper fusion-column-has-shadow fusion-flex-justify-content-flex-start fusion-content-layout-column\"><div class=\"fusion-text fusion-text-5\"><p>Le <a href=\"https:\/\/www.nccn.org\/home\" target=\"_blank\" rel=\"noopener\">National Comprehensive Cancer Network<\/a> est une alliance \u00e0 but non lucratif regroupant 31 des plus grands centres anticanc\u00e9reux aux \u00c9tats-Unis.  Ils publient\u00a0:<\/p>\n<ul>\n<li>des directives de pratique clinique, contenant des recommandations pour le d\u00e9pistage, le diagnostic et les traitements; ces directives tiennent compte des plus r\u00e9cents r\u00e9sultats de la recherche.  Elles sont con\u00e7ues pour les prestataires de soins en canc\u00e9rologie, mais sont compr\u00e9hensibles \u00e0 toute personne qui a une connaissance raisonnable de la maladie.<\/li>\n<li>des directives orient\u00e9es vers le patient, qui pr\u00e9sentent les informations ci-dessus dans des formats plus simples et plus faciles \u00e0 assimiler.  Elles expliquent les options et approches de traitements les plus susceptibles d'avoir les meilleurs r\u00e9sultats.<\/li>\n<\/ul>\n<p>Ces documents sont disponibles gratuitement, mais vous devez cr\u00e9er un compte gratuit pour y acc\u00e9der.<\/p>\n<ul>\n<li>Le plus r\u00e9cent <a href=\"https:\/\/www.nccn.org\/guidelines\/guidelines-detail?category=1&amp;id=1475\" target=\"_blank\" rel=\"noopener\">guide de pratique clinique est disponible ici<\/a>et<\/li>\n<li>Le plus r\u00e9cent <a href=\"https:\/\/www.nccn.org\/patientresources\/patient-resources\/guidelines-for-patients\/guidelines-for-patients-details?patientGuidelineId=42\" target=\"_blank\" rel=\"noopener\">guide du patient est disponible ici ;<\/a><\/li>\n<\/ul>\n<p>Si vous rencontrez des difficult\u00e9s pour acc\u00e9der \u00e0 ces ressources, <a href=\"\/fr\/qui-nous-sommes\/contactez-nous\/\">envoyez-nous une note<\/a>, et quelqu'un de la Fondation  vous contactera.<\/p>\n<\/div><\/div><\/div><\/div><\/div><div class=\"fusion-fullwidth fullwidth-box fusion-builder-row-3 fusion-flex-container has-pattern-background has-mask-background nonhundred-percent-fullwidth non-hundred-percent-height-scrolling\" style=\"--awb-border-radius-top-left:0px;--awb-border-radius-top-right:0px;--awb-border-radius-bottom-right:0px;--awb-border-radius-bottom-left:0px;--awb-flex-wrap:wrap;\" ><div class=\"fusion-builder-row fusion-row fusion-flex-align-items-flex-start fusion-flex-content-wrap\" style=\"max-width:1331.2px;margin-left: calc(-4% \/ 2 );margin-right: calc(-4% \/ 2 );\"><div class=\"fusion-layout-column fusion_builder_column fusion-builder-column-4 fusion_builder_column_2_5 2_5 fusion-flex-column\" style=\"--awb-bg-size:cover;--awb-width-large:40%;--awb-margin-top-large:10px;--awb-spacing-right-large:4.8%;--awb-margin-bottom-large:10px;--awb-spacing-left-large:4.8%;--awb-width-medium:100%;--awb-order-medium:0;--awb-spacing-right-medium:1.92%;--awb-spacing-left-medium:1.92%;--awb-width-small:100%;--awb-order-small:0;--awb-spacing-right-small:1.92%;--awb-spacing-left-small:1.92%;\"><div class=\"fusion-column-wrapper fusion-column-has-shadow fusion-flex-justify-content-flex-start fusion-content-layout-column\"><div class=\"fusion-title title fusion-title-7 fusion-sep-none fusion-title-text fusion-title-size-two\" style=\"--awb-margin-bottom:2%;--awb-margin-top-small:9%;--awb-margin-right-small:0px;--awb-margin-bottom-small:3%;--awb-margin-left-small:0px;\"><h2 class=\"fusion-title-heading title-heading-left fusion-responsive-typography-calculated\" style=\"margin:0;--fontSize:34;line-height:1.47;\">Karger \"Fast Facts\" (en anglais)<\/h2><\/div><\/div><\/div><div class=\"fusion-layout-column fusion_builder_column fusion-builder-column-5 fusion_builder_column_3_5 3_5 fusion-flex-column\" style=\"--awb-bg-size:cover;--awb-width-large:60%;--awb-margin-top-large:10px;--awb-spacing-right-large:3.2%;--awb-margin-bottom-large:10px;--awb-spacing-left-large:3.2%;--awb-width-medium:100%;--awb-order-medium:0;--awb-spacing-right-medium:1.92%;--awb-spacing-left-medium:1.92%;--awb-width-small:100%;--awb-order-small:0;--awb-spacing-right-small:1.92%;--awb-spacing-left-small:1.92%;\"><div class=\"fusion-column-wrapper fusion-column-has-shadow fusion-flex-justify-content-flex-start fusion-content-layout-column\"><div class=\"fusion-text fusion-text-6\"><p>Deux publications r\u00e9centes (2022) de Karger Publications sont disponibles, apr\u00e8s inscription sur leur site.<\/p>\n<ul>\n<li><a href=\"https:\/\/www.karger.com\/Book\/Home\/283353\" target=\"_blank\" rel=\"noopener\">Informations essentielles et rapides pour les professionnels de la sant\u00e9 : Macroglobulin\u00e9mie de Waldenstr\u00f6m<\/a>Cette brochure de 73 pages, r\u00e9dig\u00e9e par une \u00e9quipe internationale (Buske (Allemagne), Castillo (DFCI), Owen (Royaume-Uni) et Sarosiek (DFCI)), comprend des chapitres intitul\u00e9s \"\u00c9pid\u00e9miologie, \u00e9tiologie et vue d'ensemble\", \"Bilan diagnostique et pronostic\", \"Traitement\", \"Orientations de la recherche\" et \"Ressources utiles\".<\/li>\n<li><a href=\"https:\/\/www.karger.com\/Book\/Home\/282634\" target=\"_blank\" rel=\"noopener\">Informations essentielles et rapides pour les patients : Macroglobulin\u00e9mie de Waldenstr\u00f6m<\/a>L'ouvrage de Shirley D'Sa, du Royaume-Uni, fournit en 48 pages une introduction compl\u00e8te \u00e0 la MW pour le patient.  Notez par contre qu'il est orient\u00e9 vers les pratiques du NHS britannique.<\/li>\n<\/ul>\n<\/div><\/div><\/div><\/div><\/div><div class=\"fusion-fullwidth fullwidth-box fusion-builder-row-4 hundred-percent-fullwidth non-hundred-percent-height-scrolling fusion-equal-height-columns\" style=\"--awb-border-radius-top-left:0px;--awb-border-radius-top-right:0px;--awb-border-radius-bottom-right:0px;--awb-border-radius-bottom-left:0px;--awb-padding-top:0px;--awb-padding-right:0px;--awb-padding-bottom:0px;--awb-padding-left:0px;--awb-margin-top:2%;--awb-margin-bottom:0px;--awb-flex-wrap:wrap;\" ><div class=\"fusion-builder-row fusion-row\"><div class=\"fusion-layout-column fusion_builder_column fusion-builder-column-6 fusion_builder_column_1_2 1_2 fusion-one-half fusion-column-first fusion-no-small-visibility fusion-no-medium-visibility\" style=\"--awb-bg-image:url(&#039;https:\/\/www.wmfc.ca\/wp-content\/uploads\/2020\/07\/helpdonate.jpg&#039;);--awb-bg-position:center top;--awb-bg-size:cover;--awb-margin-top:0px;--awb-margin-bottom:0px;width:50%;width:calc(50% - ( ( 0 ) * 0.5 ) );margin-right: 0px;\"><div class=\"fusion-column-wrapper fusion-column-has-shadow fusion-flex-column-wrapper-legacy fusion-empty-column-bg-image fusion-column-has-bg-image\" data-bg-url=\"https:\/\/www.wmfc.ca\/wp-content\/uploads\/2020\/07\/helpdonate.jpg\"><img decoding=\"async\" class=\"fusion-empty-dims-img-placeholder fusion-no-large-visibility\" aria-label=\"aide-donation\" src=\"data:image\/svg+xml,%3Csvg%20xmlns%3D%27http%3A%2F%2Fwww.w3.org%2F2000%2Fsvg%27%20width%3D%271044%27%20height%3D%27392%27%20viewBox%3D%270%200%201044%20392%27%3E%3Crect%20width%3D%271044%27%20height%3D%27392%27%20fill-opacity%3D%220%22%2F%3E%3C%2Fsvg%3E\"><div class=\"fusion-clearfix\"><\/div><\/div><\/div><div class=\"fusion-layout-column fusion_builder_column fusion-builder-column-7 fusion_builder_column_1_2 1_2 fusion-one-half fusion-column-last\" style=\"--awb-padding-top:10%;--awb-padding-right:10%;--awb-padding-bottom:10%;--awb-padding-left:10%;--awb-bg-color:#dae3ef;--awb-bg-color-hover:#dae3ef;--awb-bg-size:cover;--awb-margin-top:0px;--awb-margin-bottom:0px;width:50%;width:calc(50% - ( ( 0 ) * 0.5 ) );\"><div class=\"fusion-column-wrapper fusion-column-has-shadow fusion-flex-column-wrapper-legacy\"><div class=\"fusion-column-content-centered\"><div class=\"fusion-column-content\"><div class=\"fusion-title title fusion-title-8 fusion-sep-none fusion-title-center fusion-title-text fusion-title-size-one\" style=\"--awb-margin-bottom:1%;--awb-margin-right-small:0px;--awb-margin-bottom-small:1%;--awb-margin-left-small:0px;\"><h1 class=\"fusion-title-heading title-heading-center fusion-responsive-typography-calculated\" style=\"margin:0;--fontSize:55;line-height:1.15;\">Aider la  Fondation<\/h1><\/div><div class=\"fusion-title title fusion-title-9 fusion-sep-none fusion-title-center fusion-title-text fusion-title-size-three\" style=\"--awb-margin-top-small:0px;--awb-margin-right-small:0px;--awb-margin-bottom-small:20px;--awb-margin-left-small:0px;\"><h3 class=\"fusion-title-heading title-heading-center fusion-responsive-typography-calculated\" style=\"margin:0;--fontSize:24;--minFontSize:24;line-height:1.4;\">Faites un don aujourd'hui!<\/h3><\/div><div class=\"fusion-align-block\"><a class=\"fusion-button button-flat fusion-button-default-size button-custom fusion-button-default button-2 fusion-button-default-span fusion-button-default-type fusion-has-button-gradient\" style=\"--button_accent_color:#ffffff;--button_accent_hover_color:#ffffff;--button_border_hover_color:#ffffff;--button_gradient_top_color:#345f96;--button_gradient_bottom_color:#184e96;--button_gradient_top_color_hover:#184e96;--button_gradient_bottom_color_hover:#184e96;width:calc(100%);\" target=\"_self\" href=\"\/fr\/donate\/faire-un-don\/\"><i class=\"fa-hand-holding-heart fas awb-button__icon awb-button__icon--default button-icon-left\" aria-hidden=\"true\"><\/i><span class=\"fusion-button-text awb-button__text awb-button__text--default\">Faire un don<\/span><\/a><\/div><\/div><\/div><div class=\"fusion-clearfix\"><\/div><\/div><\/div><\/div><\/div>\n<div class=\"fusion-fullwidth fullwidth-box fusion-builder-row-5 nonhundred-percent-fullwidth non-hundred-percent-height-scrolling\" style=\"--awb-background-position:left top;--awb-border-sizes-top:0px;--awb-border-sizes-bottom:0px;--awb-border-sizes-left:0px;--awb-border-sizes-right:0px;--awb-border-radius-top-left:0px;--awb-border-radius-top-right:0px;--awb-border-radius-bottom-right:0px;--awb-border-radius-bottom-left:0px;--awb-padding-top:0px;--awb-padding-right:5%;--awb-padding-bottom:0px;--awb-padding-left:5%;--awb-margin-top:0px;--awb-margin-bottom:0px;--awb-background-color:#333c4e;--awb-flex-wrap:wrap;\" ><div class=\"fusion-builder-row fusion-row\"><div class=\"fusion-layout-column fusion_builder_column fusion-builder-column-8 fusion_builder_column_1_1 1_1 fusion-one-full fusion-column-first fusion-column-last fusion-column-no-min-height\" style=\"--awb-padding-top:0px;--awb-padding-right:0px;--awb-padding-bottom:0px;--awb-padding-left:0px;--awb-bg-size:cover;--awb-margin-top:0px;--awb-margin-bottom:3%;\"><div class=\"fusion-column-wrapper fusion-column-has-shadow fusion-flex-column-wrapper-legacy\"><div class=\"fusion-text fusion-text-7\"><h3 style=\"text-align: center; font-size: 30px; color: #ffffff;\">Joignez-vous \u00e0 la Fondation et restez dans le coup !<\/h3>\n<\/div><div class=\"fusion-sep-clear\"><\/div><div class=\"fusion-separator fusion-full-width-sep\" style=\"margin-left: auto;margin-right: auto;margin-top:-25px;width:100%;\"><\/div><div class=\"fusion-sep-clear\"><\/div><div class=\"fusion-text fusion-text-8 white-text\"><p style=\"text-align: center; font-size: 20px;\">Recevez les derni\u00e8res nouvelles, les \u00e9v\u00e9nements et les informations pour le membership  par courrier \u00e9lectronique.<\/p>\n<\/div><div class=\"fusion-sep-clear\"><\/div><div class=\"fusion-separator fusion-full-width-sep\" style=\"margin-left: auto;margin-right: auto;margin-top:15px;width:100%;\"><\/div><div class=\"fusion-sep-clear\"><\/div><div class=\"fusion-aligncenter\"><a class=\"fusion-button button-flat button-large button-default fusion-button-default button-3 fusion-button-span-no fusion-button-default-type\" target=\"_self\" href=\"\/fr\/adhesion\/\"><span class=\"fusion-button-text awb-button__text awb-button__text--default\">Adh\u00e9rer \u00e0 la Fondation Canadienne<\/span><\/a><\/div><div class=\"fusion-clearfix\"><\/div><\/div><\/div><\/div><\/div>\n<\/p>","protected":false},"excerpt":{"rendered":"","protected":false},"author":2,"featured_media":0,"parent":1935,"menu_order":0,"comment_status":"closed","ping_status":"closed","template":"100-width.php","meta":{"_price":"","_stock":"","_tribe_ticket_header":"","_tribe_default_ticket_provider":"","_ticket_start_date":"","_ticket_end_date":"","_tribe_ticket_show_description":"","_tribe_ticket_show_not_going":false,"_tribe_ticket_use_global_stock":"","_tribe_ticket_global_stock_level":"","_global_stock_mode":"","_global_stock_cap":"","_tribe_rsvp_for_event":"","_tribe_ticket_going_count":"","_tribe_ticket_not_going_count":"","_tribe_tickets_list":"[]","_tribe_ticket_has_attendee_info_fields":false,"footnotes":""},"class_list":["post-2235","page","type-page","status-publish","hentry"],"_links":{"self":[{"href":"https:\/\/www.wmfc.ca\/fr\/wp-json\/wp\/v2\/pages\/2235","targetHints":{"allow":["GET"]}}],"collection":[{"href":"https:\/\/www.wmfc.ca\/fr\/wp-json\/wp\/v2\/pages"}],"about":[{"href":"https:\/\/www.wmfc.ca\/fr\/wp-json\/wp\/v2\/types\/page"}],"author":[{"embeddable":true,"href":"https:\/\/www.wmfc.ca\/fr\/wp-json\/wp\/v2\/users\/2"}],"replies":[{"embeddable":true,"href":"https:\/\/www.wmfc.ca\/fr\/wp-json\/wp\/v2\/comments?post=2235"}],"version-history":[{"count":9,"href":"https:\/\/www.wmfc.ca\/fr\/wp-json\/wp\/v2\/pages\/2235\/revisions"}],"predecessor-version":[{"id":6198,"href":"https:\/\/www.wmfc.ca\/fr\/wp-json\/wp\/v2\/pages\/2235\/revisions\/6198"}],"up":[{"embeddable":true,"href":"https:\/\/www.wmfc.ca\/fr\/wp-json\/wp\/v2\/pages\/1935"}],"wp:attachment":[{"href":"https:\/\/www.wmfc.ca\/fr\/wp-json\/wp\/v2\/media?parent=2235"}],"curies":[{"name":"wp","href":"https:\/\/api.w.org\/{rel}","templated":true}]}}