{"id":2138,"date":"2020-07-06T22:28:47","date_gmt":"2020-07-06T22:28:47","guid":{"rendered":"https:\/\/www.wmfc.ca\/?page_id=2138"},"modified":"2024-01-19T18:46:24","modified_gmt":"2024-01-19T23:46:24","slug":"preparer-son-rendez-vous","status":"publish","type":"page","link":"https:\/\/www.wmfc.ca\/fr\/about-wm\/preparing-for-your-appointment\/","title":{"rendered":"Se pr\u00e9parer pour son rendez-vous"},"content":{"rendered":"<p><div class=\"fusion-fullwidth fullwidth-box fusion-builder-row-1 fusion-flex-container has-pattern-background has-mask-background nonhundred-percent-fullwidth non-hundred-percent-height-scrolling\" style=\"--awb-border-radius-top-left:0px;--awb-border-radius-top-right:0px;--awb-border-radius-bottom-right:0px;--awb-border-radius-bottom-left:0px;--awb-flex-wrap:wrap;\" ><div class=\"fusion-builder-row fusion-row fusion-flex-align-items-flex-start fusion-flex-justify-content-center fusion-flex-content-wrap\" style=\"max-width:1331.2px;margin-left: calc(-4% \/ 2 );margin-right: calc(-4% \/ 2 );\"><div class=\"fusion-layout-column fusion_builder_column fusion-builder-column-0 fusion_builder_column_1_1 1_1 fusion-flex-column\" style=\"--awb-bg-size:cover;--awb-border-color:#d60a15;--awb-border-top:4px;--awb-border-right:4px;--awb-border-bottom:4px;--awb-border-left:4px;--awb-border-style:solid;--awb-width-large:100%;--awb-margin-top-large:10px;--awb-spacing-right-large:1.92%;--awb-margin-bottom-large:10px;--awb-spacing-left-large:1.92%;--awb-width-medium:100%;--awb-order-medium:0;--awb-spacing-right-medium:1.92%;--awb-spacing-left-medium:1.92%;--awb-width-small:100%;--awb-order-small:0;--awb-spacing-right-small:1.92%;--awb-spacing-left-small:1.92%;\"><div class=\"fusion-column-wrapper fusion-column-has-shadow fusion-flex-justify-content-flex-start fusion-content-layout-column\"><div class=\"fusion-text fusion-text-1 fusion-text-no-margin\" style=\"--awb-content-alignment:center;--awb-margin-top:2px;--awb-margin-right:3px;--awb-margin-bottom:2px;--awb-margin-left:3px;\"><p style=\"text-align: center;\">Nous vous avons fourni <a href=\"\/wp-content\/uploads\/2022\/11\/FR-Symptom-Tracker-2022.pdf\" target=\"_blank\" rel=\"noopener\">un \"traqueur\" de sympt\u00f4mes<\/a> - t\u00e9l\u00e9chargez-le et remplissez-le sur votre ordinateur, ou imprimez en une copie.  Nous esp\u00e9rons que cela vous aidera !<\/p>\n<p style=\"text-align: center;\">En outre, beaucoup d'entre nous suivent \u00e9galement les r\u00e9sultats de leurs tests sanguins d'h\u00e9moglobine et d'IgM.  Bien entendu, vous pouvez \u00e9galement suivre les r\u00e9sultats de certains de vos autres tests sanguins, s'ils sont r\u00e9guli\u00e8rement signal\u00e9s dans vos rapports de tests sanguins.<\/p>\n<\/div><\/div><\/div><\/div><\/div><div class=\"fusion-fullwidth fullwidth-box fusion-builder-row-2 nonhundred-percent-fullwidth non-hundred-percent-height-scrolling\" style=\"--awb-background-position:left top;--awb-border-sizes-top:0px;--awb-border-sizes-bottom:0px;--awb-border-sizes-left:0px;--awb-border-sizes-right:0px;--awb-border-radius-top-left:0px;--awb-border-radius-top-right:0px;--awb-border-radius-bottom-right:0px;--awb-border-radius-bottom-left:0px;--awb-padding-top:0px;--awb-padding-right:5%;--awb-padding-bottom:0px;--awb-padding-left:5%;--awb-margin-top:0px;--awb-margin-bottom:0px;--awb-flex-wrap:wrap;\" ><div class=\"fusion-builder-row fusion-row\"><div class=\"fusion-layout-column fusion_builder_column fusion-builder-column-1 fusion_builder_column_1_2 1_2 fusion-one-half fusion-column-first\" style=\"--awb-padding-top:0px;--awb-padding-right:5%;--awb-padding-bottom:0px;--awb-padding-left:5%;--awb-bg-size:cover;--awb-margin-top:0px;--awb-margin-bottom:0px;width:48%; margin-right: 4%;\"><div class=\"fusion-column-wrapper fusion-column-has-shadow fusion-flex-column-wrapper-legacy\"><div class=\"fusion-title title fusion-title-1 fusion-sep-none fusion-title-text fusion-title-size-three\" style=\"--awb-margin-top-small:0px;--awb-margin-right-small:0px;--awb-margin-bottom-small:20px;--awb-margin-left-small:0px;\"><h3 class=\"fusion-title-heading title-heading-left fusion-responsive-typography-calculated\" style=\"margin:0;--fontSize:24;--minFontSize:24;line-height:1.4;\">Si vous avez <a href=\"\/fr\/a-propos-de-wm\/symptomes-diagnostic\/\">des signes ou des sympt\u00f4mes<\/a> qui vous inqui\u00e8tent, prenez rendez-vous avec votre m\u00e9decin.<\/h3><\/div><div class=\"fusion-text fusion-text-2\"><p>Si <span style=\"font-weight: 400;\">l'on vous<\/span> Si vous avez re\u00e7u un diagnostic de macroglobulin\u00e9mie de Waldenstrom (ou si votre m\u00e9decin soup\u00e7onne que vous en souffrez), vous serez probablement orient\u00e9 vers un m\u00e9decin sp\u00e9cialis\u00e9 dans le traitement des maladies du sang et de la moelle osseuse (h\u00e9matologue) ou vers un m\u00e9decin sp\u00e9cialis\u00e9 dans le traitement du cancer (oncologue).<\/p>\n<p>Parce que les rendez-vous peuvent \u00eatre brefs et parce que <span style=\"font-weight: 400;\">il y a<\/span> Comme il y a souvent beaucoup de choses \u00e0 couvrir, il est bon d'\u00eatre bien pr\u00e9par\u00e9.  Il est important de mentionner tous vos sympt\u00f4mes au m\u00e9decin, en particulier si les sympt\u00f4mes changent ou s'aggravent avec le temps. Il peut \u00e9galement \u00eatre judicieux de se faire accompagner par un membre de la famille ou un ami.<\/p>\n<p>Voici quelques informations qui vous aideront \u00e0 vous pr\u00e9parer et \u00e0 savoir ce que vous pouvez attendre de votre m\u00e9decin\/sp\u00e9cialiste.<\/p>\n<\/div><div class=\"fusion-title title fusion-title-2 fusion-sep-none fusion-title-text fusion-title-size-three\" style=\"--awb-margin-top-small:0px;--awb-margin-right-small:0px;--awb-margin-bottom-small:20px;--awb-margin-left-small:0px;\"><h3 class=\"fusion-title-heading title-heading-left fusion-responsive-typography-calculated\" style=\"margin:0;--fontSize:24;--minFontSize:24;line-height:1.4;\">Quelques termes m\u00e9dicaux :<\/h3><\/div><div class=\"fusion-fa-align-left\"><i class=\"fb-icon-element-1 fb-icon-element fontawesome-icon fa-asterisk fas circle-yes\" style=\"--awb-circlecolor:#345f96;--awb-circlecolor-hover:#345f96;--awb-circlebordercolor:#0d4896;--awb-circlebordercolor-hover:345f96;--awb-circlebordersize:1px;--awb-font-size:28.16px;--awb-width:56.32px;--awb-height:56.32px;--awb-line-height:54.32px;--awb-margin-right:16px;\"><\/i><\/div><div class=\"fusion-title title fusion-title-3 fusion-sep-none fusion-title-center fusion-title-text fusion-title-size-four\" style=\"--awb-text-color:#345f96;--awb-margin-top:2%;--awb-margin-bottom:0px;--awb-margin-top-small:2%;--awb-margin-right-small:0px;--awb-margin-bottom-small:0px;--awb-margin-left-small:0px;\"><h4 class=\"fusion-title-heading title-heading-center fusion-responsive-typography-calculated\" style=\"margin:0;--fontSize:20;--minFontSize:20;line-height:1.67;\"><p style=\"text-align: left;\">Neuropathie p\u00e9riph\u00e9rique<\/p><\/h4><\/div><div class=\"fusion-text fusion-text-3\"><p style=\"text-align: left;\">Parfois, les grandes quantit\u00e9s d'IgM pr\u00e9sentes dans le sang peuvent endommager les nerfs des extr\u00e9mit\u00e9s du corps, provoquant des engourdissements ou des picotements dans les mains et les pieds, ou des probl\u00e8mes d'\u00e9quilibre.<\/p>\n<\/div><div class=\"fusion-fa-align-left\"><i class=\"fb-icon-element-2 fb-icon-element fontawesome-icon fa-asterisk fas circle-yes\" style=\"--awb-circlecolor:#345f96;--awb-circlecolor-hover:#345f96;--awb-circlebordercolor:#0d4896;--awb-circlebordercolor-hover:345f96;--awb-circlebordersize:1px;--awb-font-size:28.16px;--awb-width:56.32px;--awb-height:56.32px;--awb-line-height:54.32px;--awb-margin-right:16px;\"><\/i><\/div><div class=\"fusion-title title fusion-title-4 fusion-sep-none fusion-title-center fusion-title-text fusion-title-size-four\" style=\"--awb-text-color:#345f96;--awb-margin-top:2%;--awb-margin-bottom:0px;--awb-margin-top-small:2%;--awb-margin-right-small:0px;--awb-margin-bottom-small:0px;--awb-margin-left-small:0px;\"><h4 class=\"fusion-title-heading title-heading-center fusion-responsive-typography-calculated\" style=\"margin:0;--fontSize:20;--minFontSize:20;line-height:1.67;\"><p style=\"text-align: left;\">Hyperviscosit\u00e9<\/p><\/h4><\/div><div class=\"fusion-text fusion-text-4\"><p style=\"text-align: left;\">Il y a hyperviscosit\u00e9 lorsque le sang devient plus \u00e9pais et s'\u00e9coule plus lentement que la normale en raison de la pr\u00e9sence de grandes quantit\u00e9s d'IgM dans la circulation sanguine.  Elle affecte jusqu'\u00e0 30% des personnes atteintes de la MW. L'hyperviscosit\u00e9 peut provoquer des changements \u00e0 l'arri\u00e8re des yeux, en raison de la pression dans les vaisseaux sanguins de la r\u00e9tine, ainsi que de l'essoufflement, des saignements du nez, une vision floue et des vertiges.<\/p>\n<\/div><div class=\"fusion-fa-align-left\"><i class=\"fb-icon-element-3 fb-icon-element fontawesome-icon fa-asterisk fas circle-yes\" style=\"--awb-circlecolor:#345f96;--awb-circlecolor-hover:#345f96;--awb-circlebordercolor:#0d4896;--awb-circlebordercolor-hover:345f96;--awb-circlebordersize:1px;--awb-font-size:28.16px;--awb-width:56.32px;--awb-height:56.32px;--awb-line-height:54.32px;--awb-margin-right:16px;\"><\/i><\/div><div class=\"fusion-title title fusion-title-5 fusion-sep-none fusion-title-center fusion-title-text fusion-title-size-four\" style=\"--awb-text-color:#345f96;--awb-margin-top:2%;--awb-margin-bottom:0px;--awb-margin-top-small:2%;--awb-margin-right-small:0px;--awb-margin-bottom-small:0px;--awb-margin-left-small:0px;\"><h4 class=\"fusion-title-heading title-heading-center fusion-responsive-typography-calculated\" style=\"margin:0;--fontSize:20;--minFontSize:20;line-height:1.67;\"><p style=\"text-align: left;\">Maladie auto-immune<\/p><\/h4><\/div><div class=\"fusion-text fusion-text-5\" style=\"--awb-text-transform:none;\"><p>L'auto-immunit\u00e9 est une condition dans laquelle le syst\u00e8me immunitaire du patient se retourne contre les cellules saines et les constituants du corps.  Les patients atteints de la MW sont plus enclins que d'autres aux maladies auto-immunes.  Un exemple est l'an\u00e9mie h\u00e9molytique, caus\u00e9e par des anticorps d\u00e9truisant les globules rouges du patient.  La thrombocytop\u00e9nie immunitaire est la destruction des plaquettes par les anticorps.  Heureusement, il existe d'excellents traitements.  Ce qui est moins connu des h\u00e9matologues qui ne sont pas familiers avec la MW, c'est le froid qui provoque des r\u00e9actions auto-immunes conduisant \u00e0 l'\u00e9paississement ou \u00e0 la g\u00e9lification du sang, et les saignements qui s'ensuivent (g\u00e9n\u00e9ralement des saignements nasaux) et une mauvaise circulation dans les extr\u00e9mit\u00e9s (maladie des agglutinines froides (CAD)).  Tous les probl\u00e8mes de circulation dans la MW ne sont pas caus\u00e9s par l'hyperviscosit\u00e9.<\/p>\n<\/div><div class=\"fusion-clearfix\"><\/div><\/div><\/div><div class=\"fusion-layout-column fusion_builder_column fusion-builder-column-2 fusion_builder_column_1_2 1_2 fusion-one-half fusion-column-last\" style=\"--awb-padding-top:5%;--awb-padding-right:5%;--awb-padding-bottom:5%;--awb-padding-left:5%;--awb-bg-color:rgba(49,91,149,0.06);--awb-bg-color-hover:rgba(49,91,149,0.06);--awb-bg-size:cover;--awb-border-color:#315b95;--awb-border-top:1px;--awb-border-right:1px;--awb-border-bottom:1px;--awb-border-left:1px;--awb-border-style:solid;width:48%;\"><div class=\"fusion-column-wrapper fusion-column-has-shadow fusion-flex-column-wrapper-legacy\"><div class=\"fusion-title title fusion-title-6 fusion-sep-none fusion-title-text fusion-title-size-three\" style=\"--awb-margin-top-small:0px;--awb-margin-right-small:0px;--awb-margin-left-small:0px;\"><h3 class=\"fusion-title-heading title-heading-left fusion-responsive-typography-calculated\" style=\"margin:0;--fontSize:24;--minFontSize:24;line-height:1.4;\">Ce que vous pouvez faire :<\/h3><\/div><ul style=\"--awb-line-height:23.8px;--awb-icon-width:23.8px;--awb-icon-height:23.8px;--awb-icon-margin:9.8px;--awb-content-margin:33.6px;\" class=\"fusion-checklist fusion-checklist-1 fusion-checklist-default fusion-checklist-divider type-icons\"><li class=\"fusion-li-item\" style=\"\"><span class=\"icon-wrapper circle-no\"><i class=\"fusion-li-icon fa-arrow-circle-right fas\" aria-hidden=\"true\"><\/i><\/span><div class=\"fusion-li-item-content\">\n<p><strong>Notez les sympt\u00f4mes que vous ressentez.<\/strong><\/p>\n<p>Si vous avez eu <a href=\"\/fr\/a-propos-de-wm\/symptomes-diagnostic\/\">des signes et\/ou des sympt\u00f4mes<\/a> de maladie ou si vous ne vous sentez tout simplement pas bien, notez ces d\u00e9tails avant votre rendez-vous. Votre m\u00e9decin voudra \u00e9galement savoir quand vous avez remarqu\u00e9 ces sympt\u00f4mes pour la premi\u00e8re fois et s'ils ont chang\u00e9 avec le temps.<\/p>\n<\/div><\/li><li class=\"fusion-li-item\" style=\"\"><span class=\"icon-wrapper circle-no\"><i class=\"fusion-li-icon fa-arrow-circle-right fas\" aria-hidden=\"true\"><\/i><\/span><div class=\"fusion-li-item-content\">\n<p><strong>Faites une liste de vos m\u00e9dicaments.<\/strong><\/p>\n<p>Incluez tous les m\u00e9dicaments sur ordonnance ou en vente libre que vous prenez, ainsi que toutes les vitamines, les suppl\u00e9ments et les rem\u00e8des \u00e0 base de plantes.<\/p>\n<\/div><\/li><li class=\"fusion-li-item\" style=\"\"><span class=\"icon-wrapper circle-no\"><i class=\"fusion-li-icon fa-arrow-circle-right fas\" aria-hidden=\"true\"><\/i><\/span><div class=\"fusion-li-item-content\">\n<p><strong>Faites-vous accompagner d'un membre de votre famille ou d'un ami.<\/strong><\/p>\n<p>Il est parfois difficile de se souvenir de toutes les informations fournies lors d'un rendez-vous. La personne qui vous accompagne peut prendre des notes ou se souvenir de quelque chose que vous avez manqu\u00e9 ou oubli\u00e9.<\/p>\n<\/div><\/li><li class=\"fusion-li-item\" style=\"\"><span class=\"icon-wrapper circle-no\"><i class=\"fusion-li-icon fa-arrow-circle-right fas\" aria-hidden=\"true\"><\/i><\/span><div class=\"fusion-li-item-content\">\n<p><strong>Notez les questions \u00e0 poser \u00e0 votre m\u00e9decin. <\/strong><\/p>\n<p>Il est pr\u00e9f\u00e9rable d'emporter un carnet de notes \u00e0 tous vos rendez-vous. Notez \u00e0 l'avance toute question destin\u00e9e au m\u00e9decin. Il est conseill\u00e9 \u00e0 la personne qui vous accompagne de noter les r\u00e9ponses, ce qui vous donnera le temps de r\u00e9fl\u00e9chir aux r\u00e9ponses du m\u00e9decin.<\/p>\n<\/div><\/li><li class=\"fusion-li-item\" style=\"\"><span class=\"icon-wrapper circle-no\"><i class=\"fusion-li-icon fa-arrow-circle-right fas\" aria-hidden=\"true\"><\/i><\/span><div class=\"fusion-li-item-content\">\n<p><strong>Prenez des notes<\/strong>:<\/p>\n<p>Chaque patient MW pr\u00e9sente des signes et des sympt\u00f4mes uniques. Il incombe au patient et\/ou \u00e0 son proche aidant de tenir un registre pr\u00e9cis de ses examens et de ses rencontres avec son m\u00e9decin, ainsi que des copies de ses rapports m\u00e9dicaux et de ses proc\u00e9dures.<\/p>\n<\/div><\/li><li class=\"fusion-li-item\" style=\"\"><span class=\"icon-wrapper circle-no\"><i class=\"fusion-li-icon fa-arrow-circle-right fas\" aria-hidden=\"true\"><\/i><\/span><div class=\"fusion-li-item-content\">\n<p><strong>Recherche<\/strong>:<\/p>\n<p>Comme il s'agit d'une maladie indolente, il n'y a souvent pas d'urgence \u00e0 la traiter. Vous avez donc le temps de faire des recherches pour vous assurer que le diagnostic est correct et que votre traitement a du sens. Informez-vous sur les forums et les webinaires de WMFC Ed et sur ce site Web sous la rubrique \u00c9ducation.<\/p>\n<\/div><\/li><\/ul><div class=\"fusion-title title fusion-title-7 fusion-sep-none fusion-title-center fusion-title-text fusion-title-size-one\" style=\"--awb-margin-top:3%;--awb-margin-bottom:1%;--awb-margin-top-small:3%;--awb-margin-right-small:0px;--awb-margin-bottom-small:1%;--awb-margin-left-small:0px;\"><h1 class=\"fusion-title-heading title-heading-center fusion-responsive-typography-calculated\" style=\"margin:0;--fontSize:55;line-height:1.15;\">Aider la  Fondation<\/h1><\/div><div class=\"fusion-title title fusion-title-8 fusion-sep-none fusion-title-center fusion-title-text fusion-title-size-three\" style=\"--awb-margin-top-small:0px;--awb-margin-right-small:0px;--awb-margin-bottom-small:20px;--awb-margin-left-small:0px;\"><h3 class=\"fusion-title-heading title-heading-center fusion-responsive-typography-calculated\" style=\"margin:0;--fontSize:24;--minFontSize:24;line-height:1.4;\">Faites un don aujourd'hui!<\/h3><\/div><div class=\"fusion-align-block\"><a class=\"fusion-button button-flat fusion-button-default-size button-custom fusion-button-default button-1 fusion-button-default-span fusion-button-default-type fusion-has-button-gradient\" style=\"--button_accent_color:#ffffff;--button_accent_hover_color:#ffffff;--button_border_hover_color:#ffffff;--button_gradient_top_color:#345f96;--button_gradient_bottom_color:#184e96;--button_gradient_top_color_hover:#184e96;--button_gradient_bottom_color_hover:#184e96;width:calc(100%);\" target=\"_self\" href=\"\/fr\/faire-un-don\/\"><i class=\"fa-hand-holding-heart fas awb-button__icon awb-button__icon--default button-icon-left\" aria-hidden=\"true\"><\/i><span class=\"fusion-button-text awb-button__text awb-button__text--default\">Faire un don<\/span><\/a><\/div><div class=\"fusion-clearfix\"><\/div><\/div><\/div><\/div><\/div><div class=\"fusion-fullwidth fullwidth-box fusion-builder-row-3 nonhundred-percent-fullwidth non-hundred-percent-height-scrolling\" style=\"--awb-background-position:left top;--awb-border-sizes-top:0px;--awb-border-sizes-bottom:0px;--awb-border-sizes-left:0px;--awb-border-sizes-right:0px;--awb-border-radius-top-left:0px;--awb-border-radius-top-right:0px;--awb-border-radius-bottom-right:0px;--awb-border-radius-bottom-left:0px;--awb-padding-top:0px;--awb-padding-right:5%;--awb-padding-bottom:0px;--awb-padding-left:5%;--awb-margin-top:0px;--awb-margin-bottom:0px;--awb-background-color:#333c4e;--awb-flex-wrap:wrap;\" ><div class=\"fusion-builder-row fusion-row\"><div class=\"fusion-layout-column fusion_builder_column fusion-builder-column-3 fusion_builder_column_1_1 1_1 fusion-one-full fusion-column-first fusion-column-last fusion-column-no-min-height\" style=\"--awb-padding-top:0px;--awb-padding-right:0px;--awb-padding-bottom:0px;--awb-padding-left:0px;--awb-bg-size:cover;--awb-margin-top:0px;--awb-margin-bottom:3%;\"><div class=\"fusion-column-wrapper fusion-column-has-shadow fusion-flex-column-wrapper-legacy\"><div class=\"fusion-text fusion-text-6\"><h3 style=\"text-align: center; font-size: 30px; color: #ffffff;\">Joignez-vous \u00e0 la Fondation et restez dans le coup !<\/h3>\n<\/div><div class=\"fusion-sep-clear\"><\/div><div class=\"fusion-separator fusion-full-width-sep\" style=\"margin-left: auto;margin-right: auto;margin-top:-25px;width:100%;\"><\/div><div class=\"fusion-sep-clear\"><\/div><div class=\"fusion-text fusion-text-7 white-text\"><p style=\"text-align: center; font-size: 20px;\">Recevez les derni\u00e8res nouvelles, les \u00e9v\u00e9nements et les informations pour le membership  par courrier \u00e9lectronique.<\/p>\n<\/div><div class=\"fusion-sep-clear\"><\/div><div class=\"fusion-separator fusion-full-width-sep\" style=\"margin-left: auto;margin-right: auto;margin-top:15px;width:100%;\"><\/div><div class=\"fusion-sep-clear\"><\/div><div class=\"fusion-aligncenter\"><a class=\"fusion-button button-flat button-large button-default fusion-button-default button-2 fusion-button-span-no fusion-button-default-type\" target=\"_self\" href=\"\/fr\/adhesion\/\"><span class=\"fusion-button-text awb-button__text awb-button__text--default\">Adh\u00e9rer \u00e0 la Fondation Canadienne<\/span><\/a><\/div><div class=\"fusion-clearfix\"><\/div><\/div><\/div><\/div><\/div>\n<\/p>","protected":false},"excerpt":{"rendered":"","protected":false},"author":2,"featured_media":0,"parent":1935,"menu_order":0,"comment_status":"closed","ping_status":"closed","template":"100-width.php","meta":{"_price":"","_stock":"","_tribe_ticket_header":"","_tribe_default_ticket_provider":"","_ticket_start_date":"","_ticket_end_date":"","_tribe_ticket_show_description":"","_tribe_ticket_show_not_going":false,"_tribe_ticket_use_global_stock":"","_tribe_ticket_global_stock_level":"","_global_stock_mode":"","_global_stock_cap":"","_tribe_rsvp_for_event":"","_tribe_ticket_going_count":"","_tribe_ticket_not_going_count":"","_tribe_tickets_list":"[]","_tribe_ticket_has_attendee_info_fields":false,"footnotes":""},"class_list":["post-2138","page","type-page","status-publish","hentry"],"_links":{"self":[{"href":"https:\/\/www.wmfc.ca\/fr\/wp-json\/wp\/v2\/pages\/2138","targetHints":{"allow":["GET"]}}],"collection":[{"href":"https:\/\/www.wmfc.ca\/fr\/wp-json\/wp\/v2\/pages"}],"about":[{"href":"https:\/\/www.wmfc.ca\/fr\/wp-json\/wp\/v2\/types\/page"}],"author":[{"embeddable":true,"href":"https:\/\/www.wmfc.ca\/fr\/wp-json\/wp\/v2\/users\/2"}],"replies":[{"embeddable":true,"href":"https:\/\/www.wmfc.ca\/fr\/wp-json\/wp\/v2\/comments?post=2138"}],"version-history":[{"count":9,"href":"https:\/\/www.wmfc.ca\/fr\/wp-json\/wp\/v2\/pages\/2138\/revisions"}],"predecessor-version":[{"id":6392,"href":"https:\/\/www.wmfc.ca\/fr\/wp-json\/wp\/v2\/pages\/2138\/revisions\/6392"}],"up":[{"embeddable":true,"href":"https:\/\/www.wmfc.ca\/fr\/wp-json\/wp\/v2\/pages\/1935"}],"wp:attachment":[{"href":"https:\/\/www.wmfc.ca\/fr\/wp-json\/wp\/v2\/media?parent=2138"}],"curies":[{"name":"wp","href":"https:\/\/api.w.org\/{rel}","templated":true}]}}