{"id":2008,"date":"2020-06-25T19:18:35","date_gmt":"2020-06-25T19:18:35","guid":{"rendered":"https:\/\/www.wmfc.ca\/?page_id=2008"},"modified":"2023-09-20T15:04:16","modified_gmt":"2023-09-20T19:04:16","slug":"nouvellement-diagnostique","status":"publish","type":"page","link":"https:\/\/www.wmfc.ca\/fr\/about-wm\/newly-diagnosed\/","title":{"rendered":"Nouvellement diagnostiqu\u00e9"},"content":{"rendered":"<p><div class=\"fusion-fullwidth fullwidth-box fusion-builder-row-1 hundred-percent-fullwidth non-hundred-percent-height-scrolling\" style=\"--awb-background-position:left top;--awb-border-sizes-top:0px;--awb-border-sizes-bottom:0px;--awb-border-sizes-left:0px;--awb-border-sizes-right:0px;--awb-border-radius-top-left:0px;--awb-border-radius-top-right:0px;--awb-border-radius-bottom-right:0px;--awb-border-radius-bottom-left:0px;--awb-padding-top:0px;--awb-padding-right:5%;--awb-padding-bottom:5%;--awb-padding-left:5%;--awb-margin-top:0px;--awb-margin-bottom:0px;--awb-flex-wrap:wrap;\" ><div class=\"fusion-builder-row fusion-row\"><div class=\"fusion-layout-column fusion_builder_column fusion-builder-column-0 fusion_builder_column_1_6 1_6 fusion-one-sixth fusion-column-first\" style=\"--awb-bg-size:cover;width:16.666666666667%;width:calc(16.666666666667% - ( ( 4% + 4% ) * 0.16666666666667 ) );margin-right: 4%;\"><div class=\"fusion-column-wrapper fusion-column-has-shadow fusion-flex-column-wrapper-legacy\"><div class=\"fusion-clearfix\"><\/div><\/div><\/div><div class=\"fusion-layout-column fusion_builder_column fusion-builder-column-1 fusion_builder_column_2_3 2_3 fusion-two-third\" style=\"--awb-padding-top:0px;--awb-padding-right:0px;--awb-padding-bottom:0px;--awb-padding-left:0px;--awb-bg-size:cover;--awb-margin-top:0px;--awb-margin-bottom:0px;width:66.666666666667%;width:calc(66.666666666667% - ( ( 4% + 4% ) * 0.66666666666667 ) );margin-right: 4%;\"><div class=\"fusion-column-wrapper fusion-column-has-shadow fusion-flex-column-wrapper-legacy\"><div class=\"fusion-text fusion-text-1\"><h2 class=\"fusion-responsive-typography-calculated\" style=\"text-align: center; --fontsize: 34; line-height: 1.47;\" data-fontsize=\"34\" data-lineheight=\"49.9833px\">Bienvenue !<\/h2>\n<\/div><div class=\"fusion-sep-clear\"><\/div><div class=\"fusion-separator\" style=\"margin-left: auto;margin-right: auto;margin-top:15px;margin-bottom:35px;width:100%;max-width:170px;\"><div class=\"fusion-separator-border sep-single sep-solid\" style=\"--awb-height:20px;--awb-amount:20px;--awb-sep-color:#e90101;border-color:#e90101;border-top-width:1px;\"><\/div><\/div><div class=\"fusion-sep-clear\"><\/div><div class=\"fusion-text fusion-text-2\"><p style=\"background: white; margin: 9pt 0in; text-align: center;\"><span style=\"font-weight: 400;\">Si vous venez de recevoir un diagnostic de macroglobulin\u00e9mie de Waldenstrom, vous \u00eates probablement sous le choc et vous cherchez des conseils sur les prochaines \u00e9tapes \u00e0 suivre. Cette r\u00e9action est tout \u00e0 fait normale et la Fondation canadienne de la macroglobulin\u00e9mie de Waldenstrom (FCMW) veut vous aider.  La <a href=\"\/fr\/\">Site web du FCMW<\/a> <\/span><span style=\"font-weight: 400;\">fournit des informations actualis\u00e9es sur la MW et, plus important encore, un r\u00e9seau d'entraide avec d'autres patients atteints de la MW.  A partir de maintenant, VOUS pouvez faire la diff\u00e9rence, en commen\u00e7ant par obtenir les meilleures informations disponibles et votre CMFC est l\u00e0 pour vous soutenir tout au long de votre parcours.<\/span><\/p>\n<\/div><div class=\"fusion-clearfix\"><\/div><\/div><\/div><div class=\"fusion-layout-column fusion_builder_column fusion-builder-column-2 fusion_builder_column_1_6 1_6 fusion-one-sixth fusion-column-last\" style=\"--awb-bg-size:cover;width:16.666666666667%;width:calc(16.666666666667% - ( ( 4% + 4% ) * 0.16666666666667 ) );\"><div class=\"fusion-column-wrapper fusion-column-has-shadow fusion-flex-column-wrapper-legacy\"><div class=\"fusion-clearfix\"><\/div><\/div><\/div><\/div><\/div><div class=\"fusion-fullwidth fullwidth-box fusion-builder-row-2 nonhundred-percent-fullwidth non-hundred-percent-height-scrolling\" style=\"--awb-border-radius-top-left:0px;--awb-border-radius-top-right:0px;--awb-border-radius-bottom-right:0px;--awb-border-radius-bottom-left:0px;--awb-padding-top:0px;--awb-padding-right:5%;--awb-padding-bottom:0px;--awb-padding-left:5%;--awb-flex-wrap:wrap;\" ><div class=\"fusion-builder-row fusion-row\"><div class=\"fusion-layout-column fusion_builder_column fusion-builder-column-3 fusion_builder_column_1_6 1_6 fusion-one-sixth fusion-column-first\" style=\"--awb-bg-size:cover;width:16.666666666667%;width:calc(16.666666666667% - ( ( 4% + 4% ) * 0.16666666666667 ) );margin-right: 4%;\"><div class=\"fusion-column-wrapper fusion-column-has-shadow fusion-flex-column-wrapper-legacy\"><div class=\"fusion-clearfix\"><\/div><\/div><\/div><div class=\"fusion-layout-column fusion_builder_column fusion-builder-column-4 fusion_builder_column_2_3 2_3 fusion-two-third\" style=\"--awb-padding-top:0px;--awb-padding-right:0px;--awb-padding-bottom:0px;--awb-padding-left:0px;--awb-bg-size:cover;--awb-margin-top:0px;--awb-margin-bottom:0px;width:66.666666666667%;width:calc(66.666666666667% - ( ( 4% + 4% ) * 0.66666666666667 ) );margin-right: 4%;\"><div class=\"fusion-column-wrapper fusion-column-has-shadow fusion-flex-column-wrapper-legacy\"><div class=\"fusion-text fusion-text-3\"><h2 style=\"text-align: center;\">Prochaines \u00e9tapes :<\/h2>\n<\/div><div class=\"fusion-sep-clear\"><\/div><div class=\"fusion-separator\" style=\"margin-left: auto;margin-right: auto;margin-top:15px;margin-bottom:35px;width:100%;max-width:170px;\"><div class=\"fusion-separator-border sep-single sep-solid\" style=\"--awb-height:20px;--awb-amount:20px;--awb-sep-color:#e90101;border-color:#e90101;border-top-width:1px;\"><\/div><\/div><div class=\"fusion-sep-clear\"><\/div><div class=\"accordian fusion-accordian\" style=\"--awb-border-size:1px;--awb-icon-size:25px;--awb-content-font-size:17px;--awb-icon-alignment:left;--awb-hover-color:#ffffff;--awb-border-color:#315b95;--awb-background-color:rgba(49,91,149,0.06);--awb-divider-color:#d60a15;--awb-divider-hover-color:#d60a15;--awb-icon-color:#365f96;--awb-title-color:#0262f2;--awb-content-color:#000000;--awb-icon-box-color:#333333;--awb-toggle-hover-accent-color:#37445b;--awb-title-font-family:&quot;Open Sans&quot;;--awb-title-font-weight:700;--awb-title-font-style:normal;--awb-title-font-size:18px;--awb-content-font-family:&quot;Open Sans&quot;;--awb-content-font-style:normal;--awb-content-font-weight:400;\"><div class=\"panel-group fusion-toggle-icon-unboxed\" id=\"accordion-2008-1\"><div class=\"fusion-panel panel-default panel-977fc0aa78a49377a fusion-toggle-no-divider fusion-toggle-boxed-mode\" style=\"--awb-title-color:#0262f2;--awb-content-color:#000000;\"><div class=\"panel-heading\"><h4 class=\"panel-title toggle\" id=\"toggle_977fc0aa78a49377a\"><a aria-expanded=\"false\" aria-controls=\"977fc0aa78a49377a\" role=\"button\" data-toggle=\"collapse\" data-target=\"#977fc0aa78a49377a\" href=\"#977fc0aa78a49377a\"><span class=\"fusion-toggle-icon-wrapper\" aria-hidden=\"true\"><i class=\"fa-fusion-box active-icon awb-icon-minus\" aria-hidden=\"true\"><\/i><i class=\"fa-fusion-box inactive-icon awb-icon-plus\" aria-hidden=\"true\"><\/i><\/span><span class=\"fusion-toggle-heading\">Premi\u00e8rement - Rejoignez le WMFC<\/span><\/a><\/h4><\/div><div id=\"977fc0aa78a49377a\" class=\"panel-collapse collapse\" aria-labelledby=\"toggle_977fc0aa78a49377a\"><div class=\"panel-body toggle-content fusion-clearfix\">\n<p class=\"p1\"><span class=\"s1\"><a href=\"\/fr\/adhesion\/\">Joignez-vous a<\/a>.  Cela ne co\u00fbte rien et les avantages sont illimit\u00e9s.  Tous les membres re\u00e7oivent r\u00e9guli\u00e8rement des bulletins d'information, des informations sur les forums \u00e9ducatifs et des opportunit\u00e9s de contact et d'interaction avec d'autres patients et b\u00e9n\u00e9voles de la MM.<\/span><\/p>\n<div class=\"fusion-align-block\"><a class=\"fusion-button button-flat fusion-button-default-size button-default fusion-button-default button-1 fusion-button-default-span fusion-button-default-type\" style=\"width:calc(100%);\" target=\"_self\" href=\"\/fr\/formulaire-dadhesion\/\"><span class=\"fusion-button-text awb-button__text awb-button__text--default\">Formulaire d'adh\u00e9sion<\/span><\/a><\/div>\n<\/div><\/div><\/div><div class=\"fusion-panel panel-default panel-d3af926d34bdd4215 fusion-toggle-no-divider fusion-toggle-boxed-mode\"><div class=\"panel-heading\"><h4 class=\"panel-title toggle\" id=\"toggle_d3af926d34bdd4215\"><a aria-expanded=\"false\" aria-controls=\"d3af926d34bdd4215\" role=\"button\" data-toggle=\"collapse\" data-target=\"#d3af926d34bdd4215\" href=\"#d3af926d34bdd4215\"><span class=\"fusion-toggle-icon-wrapper\" aria-hidden=\"true\"><i class=\"fa-fusion-box active-icon awb-icon-minus\" aria-hidden=\"true\"><\/i><i class=\"fa-fusion-box inactive-icon awb-icon-plus\" aria-hidden=\"true\"><\/i><\/span><span class=\"fusion-toggle-heading\">Deuxi\u00e8mement, connectez-vous avec les patients et les volontaires du WMFC.<\/span><\/a><\/h4><\/div><div id=\"d3af926d34bdd4215\" class=\"panel-collapse collapse\" aria-labelledby=\"toggle_d3af926d34bdd4215\"><div class=\"panel-body toggle-content fusion-clearfix\">\n<p>Ensuite, cliquez sur Canadian Lifeline ci-dessous et entrez directement en contact avec un patient\/un b\u00e9n\u00e9vole de la MW qui sera heureux d'utiliser ses connaissances et son exp\u00e9rience pour vous parler de la MW et tentera de r\u00e9pondre \u00e0 toutes les questions que vous pourriez avoir.  Nous proposons ce service Canadian Lifeline par l'interm\u00e9diaire de nos nombreux b\u00e9n\u00e9voles car nous savons que la consultation fonctionne r\u00e9ellement et aide les gens \u00e0 comprendre la MW et \u00e0 prendre des d\u00e9cisions difficiles.<\/p>\n<p>S'il existe un groupe de soutien dans votre voisinage, nous vous encourageons \u00e9galement \u00e0 contacter le <a href=\"\/fr\/que-sont-les-groupes-de-soutien\/\">Groupe de soutien<\/a> Leader pour les conseils.  La MW est une maladie tr\u00e8s rare et nous savons tous \u00e0 quel point il est difficile de trouver d'autres patients atteints de la MW avec qui parler et, ce faisant, am\u00e9liorer votre niveau de confort et partager vos pr\u00e9occupations.<\/p>\n<div class=\"fusion-align-block\"><a class=\"fusion-button button-flat fusion-button-default-size button-default fusion-button-default button-2 fusion-button-default-span fusion-button-default-type\" style=\"width:calc(100%);\" target=\"_self\" href=\"\/fr\/canadian-lifeline\/\"><span class=\"fusion-button-text awb-button__text awb-button__text--default\">Visitez Canadian Lifeline<\/span><\/a><\/div>\n<\/div><\/div><\/div><div class=\"fusion-panel panel-default panel-4b7d36664a35117ba fusion-toggle-no-divider fusion-toggle-boxed-mode\"><div class=\"panel-heading\"><h4 class=\"panel-title toggle\" id=\"toggle_4b7d36664a35117ba\"><a aria-expanded=\"false\" aria-controls=\"4b7d36664a35117ba\" role=\"button\" data-toggle=\"collapse\" data-target=\"#4b7d36664a35117ba\" href=\"#4b7d36664a35117ba\"><span class=\"fusion-toggle-icon-wrapper\" aria-hidden=\"true\"><i class=\"fa-fusion-box active-icon awb-icon-minus\" aria-hidden=\"true\"><\/i><i class=\"fa-fusion-box inactive-icon awb-icon-plus\" aria-hidden=\"true\"><\/i><\/span><span class=\"fusion-toggle-heading\">Troisi\u00e8mement - Se d\u00e9tendre et apprendre<\/span><\/a><\/h4><\/div><div id=\"4b7d36664a35117ba\" class=\"panel-collapse collapse\" aria-labelledby=\"toggle_4b7d36664a35117ba\"><div class=\"panel-body toggle-content fusion-clearfix\">\n<p>Enfin, asseyez-vous et respirez profond\u00e9ment.  Vous \u00eates sur le point d'embarquer pour un voyage de d\u00e9couverte et de compr\u00e9hension que vous ne saviez probablement pas que vous aviez en vous.  En continuant \u00e0 lire les pages du <a href=\"\/fr\/a-propos-de-wm\/\"><strong>\u00c0 propos de MW<\/strong><\/a> de ce site web, vous ferez vos premiers pas dans le processus d'apprentissage de la MW.  Avoir une compr\u00e9hension de base de la MW vous permettra de communiquer avec votre oncologue et de prendre des d\u00e9cisions en toute connaissance de cause.<\/p>\n<\/div><\/div><\/div><\/div><\/div><div class=\"fusion-clearfix\"><\/div><\/div><\/div><div class=\"fusion-layout-column fusion_builder_column fusion-builder-column-5 fusion_builder_column_1_6 1_6 fusion-one-sixth fusion-column-last\" style=\"--awb-bg-size:cover;width:16.666666666667%;width:calc(16.666666666667% - ( ( 4% + 4% ) * 0.16666666666667 ) );\"><div class=\"fusion-column-wrapper fusion-column-has-shadow fusion-flex-column-wrapper-legacy\"><div class=\"fusion-clearfix\"><\/div><\/div><\/div><\/div><\/div><div class=\"fusion-fullwidth fullwidth-box fusion-builder-row-3 hundred-percent-fullwidth non-hundred-percent-height-scrolling\" style=\"--awb-border-radius-top-left:0px;--awb-border-radius-top-right:0px;--awb-border-radius-bottom-right:0px;--awb-border-radius-bottom-left:0px;--awb-padding-top:5%;--awb-padding-right:5%;--awb-padding-bottom:0px;--awb-padding-left:5%;--awb-flex-wrap:wrap;\" ><div class=\"fusion-builder-row fusion-row\"><div class=\"fusion-layout-column fusion_builder_column fusion-builder-column-6 fusion_builder_column_1_1 1_1 fusion-one-full fusion-column-first fusion-column-last\" style=\"--awb-bg-size:cover;\"><div class=\"fusion-column-wrapper fusion-column-has-shadow fusion-flex-column-wrapper-legacy\"><div class=\"fusion-text fusion-text-4\"><h2 style=\"text-align: center;\">Faits int\u00e9ressants \u00e0 propos de WM :<\/h2>\n<\/div><div class=\"fusion-sep-clear\"><\/div><div class=\"fusion-separator\" style=\"margin-left: auto;margin-right: auto;margin-top:15px;margin-bottom:35px;width:100%;max-width:170px;\"><div class=\"fusion-separator-border sep-single sep-solid\" style=\"--awb-height:20px;--awb-amount:20px;--awb-sep-color:#e90101;border-color:#e90101;border-top-width:1px;\"><\/div><\/div><div class=\"fusion-sep-clear\"><\/div><div class=\"fusion-clearfix\"><\/div><\/div><\/div><div class=\"fusion-layout-column fusion_builder_column fusion-builder-column-7 fusion_builder_column_1_1 1_1 fusion-one-full fusion-column-first fusion-column-last\" style=\"--awb-padding-top:3%;--awb-padding-right:5%;--awb-padding-bottom:3%;--awb-padding-left:5%;--awb-bg-color:rgba(49,91,149,0.06);--awb-bg-color-hover:rgba(49,91,149,0.06);--awb-bg-size:cover;--awb-border-color:#315b95;--awb-border-top:1px;--awb-border-right:1px;--awb-border-bottom:1px;--awb-border-left:1px;--awb-border-style:solid;--awb-margin-bottom:3%;\"><div class=\"fusion-column-wrapper fusion-column-has-shadow fusion-flex-column-wrapper-legacy\"><ul style=\"--awb-size:16px;--awb-line-height:27.2px;--awb-icon-width:27.2px;--awb-icon-height:27.2px;--awb-icon-margin:11.2px;--awb-content-margin:38.4px;\" class=\"fusion-checklist fusion-checklist-1 fusion-checklist-default fusion-checklist-divider type-icons\"><li class=\"fusion-li-item\" style=\"\"><span class=\"icon-wrapper circle-no\"><i class=\"fusion-li-icon fa-arrow-circle-right fas\" aria-hidden=\"true\"><\/i><\/span><div class=\"fusion-li-item-content\">\n<p>La MW est une forme tr\u00e8s rare de cancer.  En fait, en Am\u00e9rique du Nord, seulement 4 \u00e0 6 personnes sur 1 million sont diagnostiqu\u00e9es avec la MW chaque ann\u00e9e.  Au Canada, cela signifie que seulement 150 personnes sont diagnostiqu\u00e9es chaque ann\u00e9e et qu'il y a environ 1500 patients au total.  Aux \u00c9tats-Unis, il n'y a qu'environ 1500 cas diagnostiqu\u00e9s chaque ann\u00e9e.  Donc, chacun d'entre nous compte.<\/p>\n<\/div><\/li><li class=\"fusion-li-item\" style=\"\"><span class=\"icon-wrapper circle-no\"><i class=\"fusion-li-icon fa-arrow-circle-right fas\" aria-hidden=\"true\"><\/i><\/span><div class=\"fusion-li-item-content\">\n<p>La macroglobulin\u00e9mie de Waldenstr\u00f6m (MW) est un sous-type rare, \u00e0 \u00e9volution lente (c'est-\u00e0-dire indolente) de lymphome non hodgkinien (LNH) \u00e0 cellules B, caract\u00e9ris\u00e9 par une gammapathie IgM monoclonale dans le sang et une infiltration de la moelle osseuse par des cellules lymphoplasmocytaires clonales.<\/p>\n<\/div><\/li><li class=\"fusion-li-item\" style=\"\"><span class=\"icon-wrapper circle-no\"><i class=\"fusion-li-icon fa-arrow-circle-right fas\" aria-hidden=\"true\"><\/i><\/span><div class=\"fusion-li-item-content\">\n<p>La cause de la MW est encore inconnue.  Elle n'est pas infectieuse et ne peut donc \u00eatre transmise \u00e0 d'autres personnes.<\/p>\n<\/div><\/li><li class=\"fusion-li-item\" style=\"\"><span class=\"icon-wrapper circle-no\"><i class=\"fusion-li-icon fa-arrow-circle-right fas\" aria-hidden=\"true\"><\/i><\/span><div class=\"fusion-li-item-content\">\n<p>Traditionnellement consid\u00e9r\u00e9e comme une maladie qui touche les personnes de plus de 65 ans, elle est maintenant de plus en plus souvent observ\u00e9e dans des groupes d'\u00e2ge plus jeunes.  La MW est plus fr\u00e9quente chez les hommes que chez les femmes.<\/p>\n<\/div><\/li><li class=\"fusion-li-item\" style=\"\"><span class=\"icon-wrapper circle-no\"><i class=\"fusion-li-icon fa-arrow-circle-right fas\" aria-hidden=\"true\"><\/i><\/span><div class=\"fusion-li-item-content\">\n<p>La MW est actuellement incurable, mais elle peut \u00eatre trait\u00e9e.  Des progr\u00e8s significatifs ont \u00e9t\u00e9 r\u00e9alis\u00e9s dans le traitement de la MW gr\u00e2ce \u00e0 la recherche qui a consid\u00e9rablement augment\u00e9 l'esp\u00e9rance de vie des patients atteints de la MW, ainsi que leur qualit\u00e9 de vie.<\/p>\n<\/div><\/li><li class=\"fusion-li-item\" style=\"\"><span class=\"icon-wrapper circle-no\"><i class=\"fusion-li-icon fa-arrow-circle-right fas\" aria-hidden=\"true\"><\/i><\/span><div class=\"fusion-li-item-content\">\n<p>L'esp\u00e9rance de vie a consid\u00e9rablement augment\u00e9 apr\u00e8s le diagnostic initial, et de nombreux patients vivent de 15 \u00e0 30 ans avec la MW.<\/p>\n<\/div><\/li><li class=\"fusion-li-item\" style=\"\"><span class=\"icon-wrapper circle-no\"><i class=\"fusion-li-icon fa-arrow-circle-right fas\" aria-hidden=\"true\"><\/i><\/span><div class=\"fusion-li-item-content\">\n<p>Nous sommes tous uniques.  Nous avons tous des combinaisons diff\u00e9rentes de sympt\u00f4mes et nous r\u00e9agissons tous diff\u00e9remment aux m\u00e9dicaments et aux diverses options de traitement.  C'est l'un des nombreux d\u00e9fis que doivent relever les h\u00e9matologues pour diagnostiquer et traiter cette maladie et la principale raison pour laquelle vous devez avoir une compr\u00e9hension de base de ses particularit\u00e9s pour pouvoir participer aux d\u00e9cisions th\u00e9rapeutiques.<\/p>\n<\/div><\/li><li class=\"fusion-li-item\" style=\"\"><span class=\"icon-wrapper circle-no\"><i class=\"fusion-li-icon fa-arrow-circle-right fas\" aria-hidden=\"true\"><\/i><\/span><div class=\"fusion-li-item-content\">\n<p>On peut avoir la MW pendant des ann\u00e9es sans avoir aucun sympt\u00f4me.  Il est assez courant que votre m\u00e9decin g\u00e9n\u00e9raliste identifie une particularit\u00e9 dans votre bilan sanguin lors de votre examen annuel et vous r\u00e9f\u00e8re \u00e0 un h\u00e9matologue, pour finalement constater qu'aucun traitement n'est n\u00e9cessaire pendant des ann\u00e9es (parfois appel\u00e9 Watch &amp; Wait).  Un diagnostic pr\u00e9coce n'est souvent pas essentiel pour les patients atteints de la MW.<\/p>\n<\/div><\/li><li class=\"fusion-li-item\" style=\"\"><span class=\"icon-wrapper circle-no\"><i class=\"fusion-li-icon fa-arrow-circle-right fas\" aria-hidden=\"true\"><\/i><\/span><div class=\"fusion-li-item-content\">\n<p>De nombreux patients de la MW m\u00e8nent une vie normale faite de voyages, de sports et de loisirs, et beaucoup d'autres continuent \u00e0 travailler, leur qualit\u00e9 et leur esp\u00e9rance de vie s'am\u00e9liorant chaque jour.<\/p>\n<\/div><\/li><li class=\"fusion-li-item\" style=\"\"><span class=\"icon-wrapper circle-no\"><i class=\"fusion-li-icon fa-arrow-circle-right fas\" aria-hidden=\"true\"><\/i><\/span><div class=\"fusion-li-item-content\">\n<p>La WMFC compte plus de 20 b\u00e9n\u00e9voles et patients atteints de la MW pr\u00eats \u00e0 discuter de la vie avec la MW et des diverses options de traitement, le tout sur simple appel t\u00e9l\u00e9phonique :\u00a0 <a href=\"\/fr\/soutien\/canadian-lifeline\/\">Fondation \"Canadian Lifeline\"<\/a><\/p>\n<\/div><\/li><li class=\"fusion-li-item\" style=\"\"><span class=\"icon-wrapper circle-no\"><i class=\"fusion-li-icon fa-arrow-circle-right fas\" aria-hidden=\"true\"><\/i><\/span><div class=\"fusion-li-item-content\">\n<p>WMFC, une organisation affili\u00e9e \u00e0 l'IWMF (International Waldenstrom's Macroglobulinemia Foundation), <a href=\"https:\/\/iwmf.com\/\" target=\"_blank\" rel=\"noopener\">https:\/\/iwmf.com\/<\/a>), se consacre \u00e0 fournir de l'espoir, de l'information et du soutien \u00e0 toutes les personnes touch\u00e9es par la MW.  Le WMFC est votre source d'information la plus compl\u00e8te sur la MW au Canada.  Ensemble, les deux organisations consacrent des millions de dollars \u00e0 la recherche, \u00e0 la recherche d'un rem\u00e8de pour la MW.<\/p>\n<\/div><\/li><\/ul><div class=\"fusion-clearfix\"><\/div><\/div><\/div><\/div><\/div><div class=\"fusion-fullwidth fullwidth-box fusion-builder-row-4 nonhundred-percent-fullwidth non-hundred-percent-height-scrolling\" style=\"--awb-background-position:left top;--awb-border-sizes-top:0px;--awb-border-sizes-bottom:0px;--awb-border-sizes-left:0px;--awb-border-sizes-right:0px;--awb-border-radius-top-left:0px;--awb-border-radius-top-right:0px;--awb-border-radius-bottom-right:0px;--awb-border-radius-bottom-left:0px;--awb-padding-top:0px;--awb-padding-right:5%;--awb-padding-bottom:0px;--awb-padding-left:5%;--awb-margin-top:0px;--awb-margin-bottom:0px;--awb-background-color:#333c4e;--awb-flex-wrap:wrap;\" ><div class=\"fusion-builder-row fusion-row\"><div class=\"fusion-layout-column fusion_builder_column fusion-builder-column-8 fusion_builder_column_1_1 1_1 fusion-one-full fusion-column-first fusion-column-last fusion-column-no-min-height\" style=\"--awb-padding-top:0px;--awb-padding-right:0px;--awb-padding-bottom:0px;--awb-padding-left:0px;--awb-bg-size:cover;--awb-margin-top:0px;--awb-margin-bottom:3%;\"><div class=\"fusion-column-wrapper fusion-column-has-shadow fusion-flex-column-wrapper-legacy\"><div class=\"fusion-text fusion-text-5\"><h3 style=\"text-align: center; font-size: 30px; color: #ffffff;\">Joignez-vous \u00e0 la Fondation et restez dans le coup !<\/h3>\n<\/div><div class=\"fusion-sep-clear\"><\/div><div class=\"fusion-separator fusion-full-width-sep\" style=\"margin-left: auto;margin-right: auto;margin-top:-25px;width:100%;\"><\/div><div class=\"fusion-sep-clear\"><\/div><div class=\"fusion-text fusion-text-6 white-text\"><p style=\"text-align: center; font-size: 20px;\">Recevez les derni\u00e8res nouvelles, les \u00e9v\u00e9nements et les informations pour le membership  par courrier \u00e9lectronique.<\/p>\n<\/div><div class=\"fusion-sep-clear\"><\/div><div class=\"fusion-separator fusion-full-width-sep\" style=\"margin-left: auto;margin-right: auto;margin-top:15px;width:100%;\"><\/div><div class=\"fusion-sep-clear\"><\/div><div class=\"fusion-aligncenter\"><a class=\"fusion-button button-flat button-large button-default fusion-button-default button-3 fusion-button-span-no fusion-button-default-type\" target=\"_self\" href=\"\/fr\/adhesion\/\"><span class=\"fusion-button-text awb-button__text awb-button__text--default\">Adh\u00e9rer \u00e0 la Fondation Canadienne<\/span><\/a><\/div><div class=\"fusion-clearfix\"><\/div><\/div><\/div><\/div><\/div>\n<\/p>","protected":false},"excerpt":{"rendered":"","protected":false},"author":2,"featured_media":0,"parent":1935,"menu_order":0,"comment_status":"closed","ping_status":"closed","template":"100-width.php","meta":{"_price":"","_stock":"","_tribe_ticket_header":"","_tribe_default_ticket_provider":"","_ticket_start_date":"","_ticket_end_date":"","_tribe_ticket_show_description":"","_tribe_ticket_show_not_going":false,"_tribe_ticket_use_global_stock":"","_tribe_ticket_global_stock_level":"","_global_stock_mode":"","_global_stock_cap":"","_tribe_rsvp_for_event":"","_tribe_ticket_going_count":"","_tribe_ticket_not_going_count":"","_tribe_tickets_list":"[]","_tribe_ticket_has_attendee_info_fields":false,"footnotes":""},"class_list":["post-2008","page","type-page","status-publish","hentry"],"_links":{"self":[{"href":"https:\/\/www.wmfc.ca\/fr\/wp-json\/wp\/v2\/pages\/2008","targetHints":{"allow":["GET"]}}],"collection":[{"href":"https:\/\/www.wmfc.ca\/fr\/wp-json\/wp\/v2\/pages"}],"about":[{"href":"https:\/\/www.wmfc.ca\/fr\/wp-json\/wp\/v2\/types\/page"}],"author":[{"embeddable":true,"href":"https:\/\/www.wmfc.ca\/fr\/wp-json\/wp\/v2\/users\/2"}],"replies":[{"embeddable":true,"href":"https:\/\/www.wmfc.ca\/fr\/wp-json\/wp\/v2\/comments?post=2008"}],"version-history":[{"count":10,"href":"https:\/\/www.wmfc.ca\/fr\/wp-json\/wp\/v2\/pages\/2008\/revisions"}],"predecessor-version":[{"id":3324,"href":"https:\/\/www.wmfc.ca\/fr\/wp-json\/wp\/v2\/pages\/2008\/revisions\/3324"}],"up":[{"embeddable":true,"href":"https:\/\/www.wmfc.ca\/fr\/wp-json\/wp\/v2\/pages\/1935"}],"wp:attachment":[{"href":"https:\/\/www.wmfc.ca\/fr\/wp-json\/wp\/v2\/media?parent=2008"}],"curies":[{"name":"wp","href":"https:\/\/api.w.org\/{rel}","templated":true}]}}