{"id":1980,"date":"2020-06-25T17:31:02","date_gmt":"2020-06-25T17:31:02","guid":{"rendered":"https:\/\/www.wmfc.ca\/?page_id=1980"},"modified":"2020-09-04T20:19:11","modified_gmt":"2020-09-05T00:19:11","slug":"recherche","status":"publish","type":"page","link":"https:\/\/www.wmfc.ca\/fr\/research\/","title":{"rendered":"Recherche"},"content":{"rendered":"<p><div class=\"fusion-fullwidth fullwidth-box fusion-builder-row-1 nonhundred-percent-fullwidth non-hundred-percent-height-scrolling\" style=\"--awb-background-position:left top;--awb-border-radius-top-left:0px;--awb-border-radius-top-right:0px;--awb-border-radius-bottom-right:0px;--awb-border-radius-bottom-left:0px;--awb-padding-top:5%;--awb-padding-bottom:4%;--awb-background-color:#faf9f8;--awb-border-sizes-top:0px;--awb-border-sizes-bottom:0px;--awb-flex-wrap:wrap;\" ><div class=\"fusion-builder-row fusion-row\"><div class=\"fusion-layout-column fusion_builder_column fusion-builder-column-0 fusion_builder_column_1_6 1_6 fusion-one-sixth fusion-column-first\" style=\"--awb-bg-size:cover;width:16.666666666667%;width:calc(16.666666666667% - ( ( 4% + 4% + 4% ) * 0.16666666666667 ) );margin-right: 4%;\"><div class=\"fusion-column-wrapper fusion-column-has-shadow fusion-flex-column-wrapper-legacy\"><div class=\"fusion-clearfix\"><\/div><\/div><\/div><div class=\"fusion-layout-column fusion_builder_column fusion-builder-column-1 fusion_builder_column_1_3 1_3 fusion-one-third\" style=\"--awb-bg-size:cover;width:33.333333333333%;width:calc(33.333333333333% - ( ( 4% + 4% + 4% ) * 0.33333333333333 ) );margin-right: 4%;\"><div class=\"fusion-column-wrapper fusion-column-has-shadow fusion-flex-column-wrapper-legacy\"><div class=\"fusion-image-element fusion-image-align-center in-legacy-container\" style=\"text-align:center;--awb-caption-title-font-family:var(--h2_typography-font-family);--awb-caption-title-font-weight:var(--h2_typography-font-weight);--awb-caption-title-font-style:var(--h2_typography-font-style);--awb-caption-title-size:var(--h2_typography-font-size);--awb-caption-title-transform:var(--h2_typography-text-transform);--awb-caption-title-line-height:var(--h2_typography-line-height);--awb-caption-title-letter-spacing:var(--h2_typography-letter-spacing);\"><div class=\"imageframe-align-center\"><span class=\"fusion-imageframe imageframe-none imageframe-1 hover-type-none\"><a class=\"fusion-no-lightbox\" href=\"\/fr\/recherche\/recherche-internationale\/\" target=\"_self\" aria-label=\"wm\"><img decoding=\"async\" width=\"900\" height=\"500\" src=\"https:\/\/www.wmfc.ca\/wp-content\/uploads\/2020\/07\/wm.jpg\" alt class=\"img-responsive wp-image-2173\" srcset=\"https:\/\/www.wmfc.ca\/wp-content\/uploads\/2020\/07\/wm-200x111.jpg 200w, https:\/\/www.wmfc.ca\/wp-content\/uploads\/2020\/07\/wm-400x222.jpg 400w, https:\/\/www.wmfc.ca\/wp-content\/uploads\/2020\/07\/wm-600x333.jpg 600w, https:\/\/www.wmfc.ca\/wp-content\/uploads\/2020\/07\/wm-800x444.jpg 800w, https:\/\/www.wmfc.ca\/wp-content\/uploads\/2020\/07\/wm.jpg 900w\" sizes=\"(max-width: 1000px) 100vw, 400px\" \/><\/a><\/span><\/div><\/div><div class=\"fusion-align-block\"><a class=\"fusion-button button-flat fusion-button-default-size button-default fusion-button-default button-1 fusion-button-default-span fusion-button-default-type\" style=\"--button_text_transform:uppercase;width:calc(100%);\" target=\"_self\" href=\"\/fr\/recherche\/recherche-internationale\/\"><span class=\"fusion-button-text awb-button__text awb-button__text--default\">Recherche internationale<\/span><\/a><\/div><div class=\"fusion-clearfix\"><\/div><\/div><\/div><div class=\"fusion-layout-column fusion_builder_column fusion-builder-column-2 fusion_builder_column_1_3 1_3 fusion-one-third\" style=\"--awb-bg-size:cover;width:33.333333333333%;width:calc(33.333333333333% - ( ( 4% + 4% + 4% ) * 0.33333333333333 ) );margin-right: 4%;\"><div class=\"fusion-column-wrapper fusion-column-has-shadow fusion-flex-column-wrapper-legacy\"><div class=\"fusion-image-element fusion-image-align-center in-legacy-container\" style=\"text-align:center;--awb-caption-title-font-family:var(--h2_typography-font-family);--awb-caption-title-font-weight:var(--h2_typography-font-weight);--awb-caption-title-font-style:var(--h2_typography-font-style);--awb-caption-title-size:var(--h2_typography-font-size);--awb-caption-title-transform:var(--h2_typography-text-transform);--awb-caption-title-line-height:var(--h2_typography-line-height);--awb-caption-title-letter-spacing:var(--h2_typography-letter-spacing);\"><div class=\"imageframe-align-center\"><span class=\"fusion-imageframe imageframe-none imageframe-2 hover-type-none\"><a class=\"fusion-no-lightbox\" href=\"\/fr\/recherche\/recherche-soutenue-par-le-wmfc\/\" target=\"_self\" aria-label=\"wfmc-recherche\"><img decoding=\"async\" width=\"900\" height=\"500\" src=\"https:\/\/www.wmfc.ca\/wp-content\/uploads\/2020\/07\/wfmc-reasearch.jpg\" alt class=\"img-responsive wp-image-2171\" srcset=\"https:\/\/www.wmfc.ca\/wp-content\/uploads\/2020\/07\/wfmc-reasearch-200x111.jpg 200w, https:\/\/www.wmfc.ca\/wp-content\/uploads\/2020\/07\/wfmc-reasearch-400x222.jpg 400w, https:\/\/www.wmfc.ca\/wp-content\/uploads\/2020\/07\/wfmc-reasearch-600x333.jpg 600w, https:\/\/www.wmfc.ca\/wp-content\/uploads\/2020\/07\/wfmc-reasearch-800x444.jpg 800w, https:\/\/www.wmfc.ca\/wp-content\/uploads\/2020\/07\/wfmc-reasearch.jpg 900w\" sizes=\"(max-width: 1000px) 100vw, 400px\" \/><\/a><\/span><\/div><\/div><div class=\"fusion-align-block\"><a class=\"fusion-button button-flat fusion-button-default-size button-default fusion-button-default button-2 fusion-button-default-span fusion-button-default-type\" style=\"--button_text_transform:uppercase;width:calc(100%);\" target=\"_self\" href=\"\/fr\/recherche\/recherche-soutenue-par-le-wmfc\/\"><span class=\"fusion-button-text awb-button__text awb-button__text--default\">La recherche soutenue par la Fondation Canadienne<\/span><\/a><\/div><div class=\"fusion-clearfix\"><\/div><\/div><\/div><div class=\"fusion-layout-column fusion_builder_column fusion-builder-column-3 fusion_builder_column_1_6 1_6 fusion-one-sixth fusion-column-last\" style=\"--awb-bg-size:cover;width:16.666666666667%;width:calc(16.666666666667% - ( ( 4% + 4% + 4% ) * 0.16666666666667 ) );\"><div class=\"fusion-column-wrapper fusion-column-has-shadow fusion-flex-column-wrapper-legacy\"><div class=\"fusion-clearfix\"><\/div><\/div><\/div><\/div><\/div><div class=\"fusion-fullwidth fullwidth-box fusion-builder-row-2 nonhundred-percent-fullwidth non-hundred-percent-height-scrolling\" style=\"--awb-background-position:left top;--awb-border-sizes-top:0px;--awb-border-sizes-bottom:0px;--awb-border-sizes-left:0px;--awb-border-sizes-right:0px;--awb-border-radius-top-left:0px;--awb-border-radius-top-right:0px;--awb-border-radius-bottom-right:0px;--awb-border-radius-bottom-left:0px;--awb-padding-top:0px;--awb-padding-right:5%;--awb-padding-bottom:0px;--awb-padding-left:5%;--awb-margin-top:0px;--awb-margin-bottom:0px;--awb-background-color:#333c4e;--awb-flex-wrap:wrap;\" ><div class=\"fusion-builder-row fusion-row\"><div class=\"fusion-layout-column fusion_builder_column fusion-builder-column-4 fusion_builder_column_1_1 1_1 fusion-one-full fusion-column-first fusion-column-last fusion-column-no-min-height\" style=\"--awb-padding-top:0px;--awb-padding-right:0px;--awb-padding-bottom:0px;--awb-padding-left:0px;--awb-bg-size:cover;--awb-margin-top:0px;--awb-margin-bottom:3%;\"><div class=\"fusion-column-wrapper fusion-column-has-shadow fusion-flex-column-wrapper-legacy\"><div class=\"fusion-text fusion-text-1\"><h3 style=\"text-align: center; font-size: 30px; color: #ffffff;\">Joignez-vous \u00e0 la Fondation et restez dans le coup !<\/h3>\n<\/div><div class=\"fusion-sep-clear\"><\/div><div class=\"fusion-separator fusion-full-width-sep\" style=\"margin-left: auto;margin-right: auto;margin-top:-25px;width:100%;\"><\/div><div class=\"fusion-sep-clear\"><\/div><div class=\"fusion-text fusion-text-2 white-text\"><p style=\"text-align: center; font-size: 20px;\">Recevez les derni\u00e8res nouvelles, les \u00e9v\u00e9nements et les informations pour le membership  par courrier \u00e9lectronique.<\/p>\n<\/div><div class=\"fusion-sep-clear\"><\/div><div class=\"fusion-separator fusion-full-width-sep\" style=\"margin-left: auto;margin-right: auto;margin-top:15px;width:100%;\"><\/div><div class=\"fusion-sep-clear\"><\/div><div class=\"fusion-aligncenter\"><a class=\"fusion-button button-flat button-large button-default fusion-button-default button-3 fusion-button-span-no fusion-button-default-type\" target=\"_self\" href=\"\/fr\/adhesion\/\"><span class=\"fusion-button-text awb-button__text awb-button__text--default\">Adh\u00e9rer \u00e0 la Fondation Canadienne<\/span><\/a><\/div><div class=\"fusion-clearfix\"><\/div><\/div><\/div><\/div><\/div>\n<\/p>","protected":false},"excerpt":{"rendered":"","protected":false},"author":2,"featured_media":0,"parent":0,"menu_order":0,"comment_status":"closed","ping_status":"closed","template":"100-width.php","meta":{"_price":"","_stock":"","_tribe_ticket_header":"","_tribe_default_ticket_provider":"","_ticket_start_date":"","_ticket_end_date":"","_tribe_ticket_show_description":"","_tribe_ticket_show_not_going":false,"_tribe_ticket_use_global_stock":"","_tribe_ticket_global_stock_level":"","_global_stock_mode":"","_global_stock_cap":"","_tribe_rsvp_for_event":"","_tribe_ticket_going_count":"","_tribe_ticket_not_going_count":"","_tribe_tickets_list":"[]","_tribe_ticket_has_attendee_info_fields":false,"footnotes":""},"class_list":["post-1980","page","type-page","status-publish","hentry"],"_links":{"self":[{"href":"https:\/\/www.wmfc.ca\/fr\/wp-json\/wp\/v2\/pages\/1980","targetHints":{"allow":["GET"]}}],"collection":[{"href":"https:\/\/www.wmfc.ca\/fr\/wp-json\/wp\/v2\/pages"}],"about":[{"href":"https:\/\/www.wmfc.ca\/fr\/wp-json\/wp\/v2\/types\/page"}],"author":[{"embeddable":true,"href":"https:\/\/www.wmfc.ca\/fr\/wp-json\/wp\/v2\/users\/2"}],"replies":[{"embeddable":true,"href":"https:\/\/www.wmfc.ca\/fr\/wp-json\/wp\/v2\/comments?post=1980"}],"version-history":[{"count":9,"href":"https:\/\/www.wmfc.ca\/fr\/wp-json\/wp\/v2\/pages\/1980\/revisions"}],"predecessor-version":[{"id":3434,"href":"https:\/\/www.wmfc.ca\/fr\/wp-json\/wp\/v2\/pages\/1980\/revisions\/3434"}],"wp:attachment":[{"href":"https:\/\/www.wmfc.ca\/fr\/wp-json\/wp\/v2\/media?parent=1980"}],"curies":[{"name":"wp","href":"https:\/\/api.w.org\/{rel}","templated":true}]}}